{"id":363,"date":"2024-11-29T17:56:03","date_gmt":"2024-11-29T17:56:03","guid":{"rendered":"http:\/\/hkbricool.com\/product\/alnich-night-dress-navy\/"},"modified":"2024-12-15T09:50:07","modified_gmt":"2024-12-15T09:50:07","slug":"poste-a-souder-10-160a-worcraft-mma-160dp","status":"publish","type":"product","link":"https:\/\/hkbricool.com\/%d8%a7%d9%84%d8%b1%d8%a6%d9%8a%d8%b3%d9%8a%d8%a9\/shop\/product\/poste-a-souder-10-160a-worcraft-mma-160dp\/","title":{"rendered":"Poste \u00c0 Souder 10-160A Worcraft MMA-160DP"},"content":{"rendered":"<p>applications de bricolage autour de la maison ou du garage.<\/p>\n<p>Ce poste de MMA-160DP, convient \u00e0 une large gamme de projets tels que les portails, les remorques et la fabrication g\u00e9n\u00e9rale de m\u00e9taux.<\/p>\n<h5>Caract\u00e9ristiques et avantages :<\/h5>\n<p>L\u2019\u00e9cran affiche le courant de soudage r\u00e9gl\u00e9, ceci est particuli\u00e8rement utile lorsqu\u2019il y a des changements fr\u00e9quents dans les modes de soudage.<\/p>\n<p>Le cordon d\u2019alimentation flexible en isolation en caoutchouc r\u00e9siste aux temp\u00e9ratures \u00e9lev\u00e9es, ne perd pas sa ductilit\u00e9, ce qui prot\u00e8ge des plis \u00e0 basses temp\u00e9ratures.<\/p>\n<p>La bandouli\u00e8re permet de travailler avec la machine \u00e0 souder sur l\u2019\u00e9paule, et la poign\u00e9e du MMA-160DP, est ergonomique confortable facilite son transport.<\/p>\n<p>Le d\u00e9marrage (\u201cr\u00e9veil\u201d) peut avoir lieu sans le bouton d\u2019alimentation habituel, le contact de l\u2019\u00e9lectrode avec la surface \u00e0 souder suffit.<\/p>\n<p>Le MMA-160DP, a une puissance maximale 6500 watts, et un diam\u00e8tre des \u00e9lectrodes de soudage de 1,6 \u00e0 4,0 mm.<\/p>\n<p>Plage de r\u00e9glage du courant de soudage 20-160 A.<\/p>\n<p>Il peut fonctionner avec tous les types d\u2019\u00e9lectrodes standard, y compris l\u2019aluminium.<\/p>\n<p><strong>Comprend<\/strong>\u00a0:<\/p>\n<ul>\n<li>Inverseur de machine \u00e0 souder MMA-160DP.<\/li>\n<li>C\u00e2ble de soudage avec porte-\u00e9lectrode 2 m 25 mm 2 \u2013 1 pc.<\/li>\n<li>C\u00e2ble de soudage avec pince de travail 1,2 m 25 mm 2 \u2013 1 pc.<\/li>\n<li>Brosse marteau \u2013 1 pc.<\/li>\n<li>Bouclier de protection du soudeur \u2013 1 pc.<\/li>\n<li>Manuel d\u2019instruction.<\/li>\n<li>Boite d\u2019emballage.<\/li>\n<\/ul>\n<p>Le POSTE A SOUDER 160A INVERTER du marque WORCRAFT Alg\u00e9rie, est disponible chez GAMA outillage, au prix Alg\u00e9rie comp\u00e9titif, avec livraison 58 wilaya.<\/p>\n<h5>Caract\u00e9ristiques techniques :<\/h5>\n<table width=\"718\">\n<tbody>\n<tr>\n<td><strong>Tension d\u2019alimentation<\/strong><\/td>\n<td>220 V<\/td>\n<\/tr>\n<tr>\n<td><strong>Fr\u00e9quence actuelle<\/strong><\/td>\n<td>50 Hz<\/td>\n<\/tr>\n<tr>\n<td><strong>Courant de soudage maximal<\/strong><\/td>\n<td>160 A<\/td>\n<\/tr>\n<tr>\n<td><strong>Courant de soudage minimum<\/strong><\/td>\n<td>20 A<\/td>\n<\/tr>\n<tr>\n<td><strong>Tension en circuit ouvert<\/strong><\/td>\n<td>68 dans<\/td>\n<\/tr>\n<tr>\n<td><strong>Diam\u00e8tre maximum de l\u2019\u00e9lectrode utilis\u00e9e<\/strong><\/td>\n<td>4 mm<\/td>\n<\/tr>\n<tr>\n<td><strong>Le diam\u00e8tre minimum de l\u2019\u00e9lectrode utilis\u00e9e<\/strong><\/td>\n<td>1,6 millim\u00e8tre<\/td>\n<\/tr>\n<tr>\n<td><strong>Dur\u00e9e de la charge<\/strong><\/td>\n<td>60 %<\/td>\n<\/tr>\n<tr>\n<td><strong>Le poids<\/strong><\/td>\n<td>4,3 kilogrammes<\/td>\n<\/tr>\n<\/tbody>\n<\/table>\n<p>&nbsp;<\/p>\n<p>&nbsp;<\/p>\n","protected":false},"excerpt":{"rendered":"<p>applications de bricolage autour de la maison ou du garage. Ce poste de MMA-160DP, convient \u00e0 une large gamme de projets tels que les portails, les remorques et la fabrication g\u00e9n\u00e9rale de m\u00e9taux. Caract\u00e9ristiques et avantages : L\u2019\u00e9cran affiche le courant de soudage r\u00e9gl\u00e9, ceci est particuli\u00e8rement utile lorsqu\u2019il y a des changements fr\u00e9quents dans [&hellip;]<\/p>\n","protected":false},"featured_media":1947,"comment_status":"open","ping_status":"closed","template":"","meta":{"_uag_custom_page_level_css":""},"product_brand":[],"product_cat":[25],"product_tag":[],"class_list":{"0":"post-363","1":"product","2":"type-product","3":"status-publish","4":"has-post-thumbnail","6":"product_cat-worcraft-power-tools","8":"first","9":"instock","10":"sale","11":"shipping-taxable","12":"purchasable","13":"product-type-simple"},"aioseo_notices":[],"uagb_featured_image_src":{"full":["https:\/\/hkbricool.com\/wp-content\/uploads\/2024\/11\/IMG_6478.webp",1500,1500,false],"thumbnail":["https:\/\/hkbricool.com\/wp-content\/uploads\/2024\/11\/IMG_6478-150x150.webp",150,150,true],"medium":["https:\/\/hkbricool.com\/wp-content\/uploads\/2024\/11\/IMG_6478-300x300.webp",300,300,true],"medium_large":["https:\/\/hkbricool.com\/wp-content\/uploads\/2024\/11\/IMG_6478-768x768.webp",768,768,true],"large":["https:\/\/hkbricool.com\/wp-content\/uploads\/2024\/11\/IMG_6478-1024x1024.webp",960,960,true],"1536x1536":["https:\/\/hkbricool.com\/wp-content\/uploads\/2024\/11\/IMG_6478.webp",1500,1500,false],"2048x2048":["https:\/\/hkbricool.com\/wp-content\/uploads\/2024\/11\/IMG_6478.webp",1500,1500,false],"post-thumbnail":["https:\/\/hkbricool.com\/wp-content\/uploads\/2024\/11\/IMG_6478.webp",540,540,false],"hanout_item":["https:\/\/hkbricool.com\/wp-content\/uploads\/2024\/11\/IMG_6478.webp",630,630,false],"hanout_item_media_sm":["https:\/\/hkbricool.com\/wp-content\/uploads\/2024\/11\/IMG_6478.webp",90,90,false],"hanout_hero":["https:\/\/hkbricool.com\/wp-content\/uploads\/2024\/11\/IMG_6478.webp",300,300,false],"hanout_block_item_lg":["https:\/\/hkbricool.com\/wp-content\/uploads\/2024\/11\/IMG_6478.webp",510,510,false],"hanout_block_item_long":["https:\/\/hkbricool.com\/wp-content\/uploads\/2024\/11\/IMG_6478.webp",215,215,false],"hanout_block_item_md":["https:\/\/hkbricool.com\/wp-content\/uploads\/2024\/11\/IMG_6478.webp",345,345,false],"hanout_block_item_xl":["https:\/\/hkbricool.com\/wp-content\/uploads\/2024\/11\/IMG_6478.webp",725,725,false],"hanout_featgal_small_thumb":["https:\/\/hkbricool.com\/wp-content\/uploads\/2024\/11\/IMG_6478.webp",100,100,false],"woocommerce_thumbnail":["https:\/\/hkbricool.com\/wp-content\/uploads\/2024\/11\/IMG_6478-630x630.webp",630,630,true],"woocommerce_single":["https:\/\/hkbricool.com\/wp-content\/uploads\/2024\/11\/IMG_6478-690x690.webp",690,690,true],"woocommerce_gallery_thumbnail":["https:\/\/hkbricool.com\/wp-content\/uploads\/2024\/11\/IMG_6478-160x160.webp",160,160,true],"maxslider_slide":["https:\/\/hkbricool.com\/wp-content\/uploads\/2024\/11\/IMG_6478.webp",450,450,false]},"uagb_author_info":{"display_name":"khaledsed20@gmail.com","author_link":"https:\/\/hkbricool.com\/%d8%a7%d9%84%d8%b1%d8%a6%d9%8a%d8%b3%d9%8a%d8%a9\/shop\/author\/"},"uagb_comment_info":0,"uagb_excerpt":"applications de bricolage autour de la maison ou du garage. Ce poste de MMA-160DP, convient \u00e0 une large gamme de projets tels que les portails, les remorques et la fabrication g\u00e9n\u00e9rale de m\u00e9taux. Caract\u00e9ristiques et avantages : L\u2019\u00e9cran affiche le courant de soudage r\u00e9gl\u00e9, ceci est particuli\u00e8rement utile lorsqu\u2019il y a des changements fr\u00e9quents dans&hellip;","_links":{"self":[{"href":"https:\/\/hkbricool.com\/%d8%a7%d9%84%d8%b1%d8%a6%d9%8a%d8%b3%d9%8a%d8%a9\/shop\/wp-json\/wp\/v2\/product\/363","targetHints":{"allow":["GET"]}}],"collection":[{"href":"https:\/\/hkbricool.com\/%d8%a7%d9%84%d8%b1%d8%a6%d9%8a%d8%b3%d9%8a%d8%a9\/shop\/wp-json\/wp\/v2\/product"}],"about":[{"href":"https:\/\/hkbricool.com\/%d8%a7%d9%84%d8%b1%d8%a6%d9%8a%d8%b3%d9%8a%d8%a9\/shop\/wp-json\/wp\/v2\/types\/product"}],"replies":[{"embeddable":true,"href":"https:\/\/hkbricool.com\/%d8%a7%d9%84%d8%b1%d8%a6%d9%8a%d8%b3%d9%8a%d8%a9\/shop\/wp-json\/wp\/v2\/comments?post=363"}],"wp:featuredmedia":[{"embeddable":true,"href":"https:\/\/hkbricool.com\/%d8%a7%d9%84%d8%b1%d8%a6%d9%8a%d8%b3%d9%8a%d8%a9\/shop\/wp-json\/wp\/v2\/media\/1947"}],"wp:attachment":[{"href":"https:\/\/hkbricool.com\/%d8%a7%d9%84%d8%b1%d8%a6%d9%8a%d8%b3%d9%8a%d8%a9\/shop\/wp-json\/wp\/v2\/media?parent=363"}],"wp:term":[{"taxonomy":"product_brand","embeddable":true,"href":"https:\/\/hkbricool.com\/%d8%a7%d9%84%d8%b1%d8%a6%d9%8a%d8%b3%d9%8a%d8%a9\/shop\/wp-json\/wp\/v2\/product_brand?post=363"},{"taxonomy":"product_cat","embeddable":true,"href":"https:\/\/hkbricool.com\/%d8%a7%d9%84%d8%b1%d8%a6%d9%8a%d8%b3%d9%8a%d8%a9\/shop\/wp-json\/wp\/v2\/product_cat?post=363"},{"taxonomy":"product_tag","embeddable":true,"href":"https:\/\/hkbricool.com\/%d8%a7%d9%84%d8%b1%d8%a6%d9%8a%d8%b3%d9%8a%d8%a9\/shop\/wp-json\/wp\/v2\/product_tag?post=363"}],"curies":[{"name":"wp","href":"https:\/\/api.w.org\/{rel}","templated":true}]}}