{"id":362,"date":"2024-11-29T17:56:03","date_gmt":"2024-11-29T17:56:03","guid":{"rendered":"http:\/\/hkbricool.com\/product\/meena-dress-maroon\/"},"modified":"2024-12-15T09:49:07","modified_gmt":"2024-12-15T09:49:07","slug":"meena-dress-maroon","status":"publish","type":"product","link":"https:\/\/hkbricool.com\/%d8%a7%d9%84%d8%b1%d8%a6%d9%8a%d8%b3%d9%8a%d8%a9\/shop\/product\/meena-dress-maroon\/","title":{"rendered":"WORCRAFT Touret \u00e0 meule 125mm 120W BG12-125"},"content":{"rendered":"<pre id=\"tw-target-text\" class=\"tw-data-text tw-text-large tw-ta\" dir=\"ltr\" data-placeholder=\"Traduction\" data-ved=\"2ahUKEwjVub-4n_CJAxUOQ6QEHZw8CQQQ3ewLegQICxAU\" aria-label=\"Texte traduit\u00a0: Cette meuleuse d'\u00e9tabli WORCRAFT de 120 W est l'outil \u00e9lectrique parfait pour un bricoleur qui a une vari\u00e9t\u00e9 de travaux de meulage de l'acier et de la fonte \u00e0 effectuer ainsi que l'aff\u00fbtage d'articles de la maison ou du hangar tels que des ciseaux, des couteaux et des lames de tondeuse. Les supports de travail r\u00e9glables et la construction compacte et robuste en fonte d'aluminium garantissent une utilisation s\u00fbre et durable de cet appareil. Equip\u00e9 de quatre pare-chocs en caoutchouc pour garantir un support s\u00fbr et \u00e0 faibles vibrations. \u00c9quip\u00e9 de roulements \u00e0 billes pr\u00e9cis, il garantit une longue dur\u00e9e de vie et un travail pr\u00e9cis. Les r\u00e9flecteurs d'\u00e9tincelles r\u00e9glables et les capots de protection aux c\u00f4t\u00e9s ferm\u00e9s veillent au fonctionnement s\u00fbr de l'appareil. \u00c9quip\u00e9 d'un interrupteur \u00e9tanche \u00e0 la poussi\u00e8re qui garantit la long\u00e9vit\u00e9 de l'outil. Protection oculaire transparente et robuste pour des op\u00e9rations s\u00fbres. INCLURE: Ensembles de porte-lames 2 pi\u00e8ces Ensembles de supports de lunettes 2 pi\u00e8ces 1 manuel d'instructions\"><strong><span class=\"Y2IQFc\" lang=\"fr\">Cette meuleuse d'\u00e9tabli WORCRAFT de 120 W est l'outil \u00e9lectrique parfait\r\n pour un bricoleur qui a une vari\u00e9t\u00e9 de travaux de meulage de l'acier\r\n et de la fonte \u00e0 effectuer ainsi que l'aff\u00fbtage d'articles de la maison ou \r\ndu hangar tels que des ciseaux, des couteaux et des lames de tondeuse.\r\nLes supports de travail r\u00e9glables et la construction compacte et robuste\r\n en fonte d'aluminium garantissent une utilisation s\u00fbre et durable de cet \r\nappareil.\r\nEquip\u00e9 de quatre pare-chocs en caoutchouc pour garantir un support s\u00fbr \r\net \u00e0 faibles vibrations.\r\n\u00c9quip\u00e9 de roulements \u00e0 billes pr\u00e9cis, il garantit une longue dur\u00e9e de vie\r\n et un travail pr\u00e9cis.\r\nLes r\u00e9flecteurs d'\u00e9tincelles r\u00e9glables et les capots de protection\r\n aux c\u00f4t\u00e9s ferm\u00e9s veillent au fonctionnement s\u00fbr de l'appareil.\r\n\u00c9quip\u00e9 d'un interrupteur \u00e9tanche \u00e0 la poussi\u00e8re qui garantit\r\n la long\u00e9vit\u00e9 de l'outil.\r\nProtection oculaire transparente et robuste pour des op\u00e9rations s\u00fbres.\r\n\r\nINCLURE:\r\nEnsembles de porte-lames 2 pi\u00e8ces<\/span><\/strong><\/pre>\n<p>&nbsp;<\/p>\n<p>&nbsp;<\/p>\n","protected":false},"excerpt":{"rendered":"<p>Cette meuleuse d&#8217;\u00e9tabli WORCRAFT de 120 W est l&#8217;outil \u00e9lectrique parfait pour un bricoleur qui a une vari\u00e9t\u00e9 de travaux de meulage de l&#8217;acier et de la fonte \u00e0 effectuer ainsi que l&#8217;aff\u00fbtage d&#8217;articles de la maison ou du hangar tels que des ciseaux, des couteaux et des lames de tondeuse. Les supports de travail [&hellip;]<\/p>\n","protected":false},"featured_media":2006,"comment_status":"open","ping_status":"closed","template":"","meta":{"_uag_custom_page_level_css":""},"product_brand":[],"product_cat":[25],"product_tag":[],"class_list":{"0":"post-362","1":"product","2":"type-product","3":"status-publish","4":"has-post-thumbnail","6":"product_cat-worcraft-power-tools","8":"first","9":"instock","10":"sale","11":"shipping-taxable","12":"purchasable","13":"product-type-simple"},"aioseo_notices":[],"uagb_featured_image_src":{"full":["https:\/\/hkbricool.com\/wp-content\/uploads\/2024\/11\/BG12-125-1.webp",1500,1500,false],"thumbnail":["https:\/\/hkbricool.com\/wp-content\/uploads\/2024\/11\/BG12-125-1-150x150.webp",150,150,true],"medium":["https:\/\/hkbricool.com\/wp-content\/uploads\/2024\/11\/BG12-125-1-300x300.webp",300,300,true],"medium_large":["https:\/\/hkbricool.com\/wp-content\/uploads\/2024\/11\/BG12-125-1-768x768.webp",768,768,true],"large":["https:\/\/hkbricool.com\/wp-content\/uploads\/2024\/11\/BG12-125-1-1024x1024.webp",960,960,true],"1536x1536":["https:\/\/hkbricool.com\/wp-content\/uploads\/2024\/11\/BG12-125-1.webp",1500,1500,false],"2048x2048":["https:\/\/hkbricool.com\/wp-content\/uploads\/2024\/11\/BG12-125-1.webp",1500,1500,false],"post-thumbnail":["https:\/\/hkbricool.com\/wp-content\/uploads\/2024\/11\/BG12-125-1.webp",540,540,false],"hanout_item":["https:\/\/hkbricool.com\/wp-content\/uploads\/2024\/11\/BG12-125-1.webp",630,630,false],"hanout_item_media_sm":["https:\/\/hkbricool.com\/wp-content\/uploads\/2024\/11\/BG12-125-1.webp",90,90,false],"hanout_hero":["https:\/\/hkbricool.com\/wp-content\/uploads\/2024\/11\/BG12-125-1.webp",300,300,false],"hanout_block_item_lg":["https:\/\/hkbricool.com\/wp-content\/uploads\/2024\/11\/BG12-125-1.webp",510,510,false],"hanout_block_item_long":["https:\/\/hkbricool.com\/wp-content\/uploads\/2024\/11\/BG12-125-1.webp",215,215,false],"hanout_block_item_md":["https:\/\/hkbricool.com\/wp-content\/uploads\/2024\/11\/BG12-125-1.webp",345,345,false],"hanout_block_item_xl":["https:\/\/hkbricool.com\/wp-content\/uploads\/2024\/11\/BG12-125-1.webp",725,725,false],"hanout_featgal_small_thumb":["https:\/\/hkbricool.com\/wp-content\/uploads\/2024\/11\/BG12-125-1.webp",100,100,false],"woocommerce_thumbnail":["https:\/\/hkbricool.com\/wp-content\/uploads\/2024\/11\/BG12-125-1-630x630.webp",630,630,true],"woocommerce_single":["https:\/\/hkbricool.com\/wp-content\/uploads\/2024\/11\/BG12-125-1-690x690.webp",690,690,true],"woocommerce_gallery_thumbnail":["https:\/\/hkbricool.com\/wp-content\/uploads\/2024\/11\/BG12-125-1-160x160.webp",160,160,true],"maxslider_slide":["https:\/\/hkbricool.com\/wp-content\/uploads\/2024\/11\/BG12-125-1.webp",450,450,false]},"uagb_author_info":{"display_name":"khaledsed20@gmail.com","author_link":"https:\/\/hkbricool.com\/%d8%a7%d9%84%d8%b1%d8%a6%d9%8a%d8%b3%d9%8a%d8%a9\/shop\/author\/"},"uagb_comment_info":0,"uagb_excerpt":"Cette meuleuse d'\u00e9tabli WORCRAFT de 120 W est l'outil \u00e9lectrique parfait pour un bricoleur qui a une vari\u00e9t\u00e9 de travaux de meulage de l'acier et de la fonte \u00e0 effectuer ainsi que l'aff\u00fbtage d'articles de la maison ou du hangar tels que des ciseaux, des couteaux et des lames de tondeuse. Les supports de travail&hellip;","_links":{"self":[{"href":"https:\/\/hkbricool.com\/%d8%a7%d9%84%d8%b1%d8%a6%d9%8a%d8%b3%d9%8a%d8%a9\/shop\/wp-json\/wp\/v2\/product\/362","targetHints":{"allow":["GET"]}}],"collection":[{"href":"https:\/\/hkbricool.com\/%d8%a7%d9%84%d8%b1%d8%a6%d9%8a%d8%b3%d9%8a%d8%a9\/shop\/wp-json\/wp\/v2\/product"}],"about":[{"href":"https:\/\/hkbricool.com\/%d8%a7%d9%84%d8%b1%d8%a6%d9%8a%d8%b3%d9%8a%d8%a9\/shop\/wp-json\/wp\/v2\/types\/product"}],"replies":[{"embeddable":true,"href":"https:\/\/hkbricool.com\/%d8%a7%d9%84%d8%b1%d8%a6%d9%8a%d8%b3%d9%8a%d8%a9\/shop\/wp-json\/wp\/v2\/comments?post=362"}],"wp:featuredmedia":[{"embeddable":true,"href":"https:\/\/hkbricool.com\/%d8%a7%d9%84%d8%b1%d8%a6%d9%8a%d8%b3%d9%8a%d8%a9\/shop\/wp-json\/wp\/v2\/media\/2006"}],"wp:attachment":[{"href":"https:\/\/hkbricool.com\/%d8%a7%d9%84%d8%b1%d8%a6%d9%8a%d8%b3%d9%8a%d8%a9\/shop\/wp-json\/wp\/v2\/media?parent=362"}],"wp:term":[{"taxonomy":"product_brand","embeddable":true,"href":"https:\/\/hkbricool.com\/%d8%a7%d9%84%d8%b1%d8%a6%d9%8a%d8%b3%d9%8a%d8%a9\/shop\/wp-json\/wp\/v2\/product_brand?post=362"},{"taxonomy":"product_cat","embeddable":true,"href":"https:\/\/hkbricool.com\/%d8%a7%d9%84%d8%b1%d8%a6%d9%8a%d8%b3%d9%8a%d8%a9\/shop\/wp-json\/wp\/v2\/product_cat?post=362"},{"taxonomy":"product_tag","embeddable":true,"href":"https:\/\/hkbricool.com\/%d8%a7%d9%84%d8%b1%d8%a6%d9%8a%d8%b3%d9%8a%d8%a9\/shop\/wp-json\/wp\/v2\/product_tag?post=362"}],"curies":[{"name":"wp","href":"https:\/\/api.w.org\/{rel}","templated":true}]}}