{"id":357,"date":"2024-11-29T17:56:03","date_gmt":"2024-11-29T17:56:03","guid":{"rendered":"http:\/\/hkbricool.com\/product\/exile-pearl-necklace\/"},"modified":"2024-12-15T09:43:28","modified_gmt":"2024-12-15T09:43:28","slug":"exile-pearl-necklace","status":"publish","type":"product","link":"https:\/\/hkbricool.com\/%d8%a7%d9%84%d8%b1%d8%a6%d9%8a%d8%b3%d9%8a%d8%a9\/shop\/product\/exile-pearl-necklace\/","title":{"rendered":"Scie Sabre \u00c9lectrique 750w Pour Metal, Pvc, Bois Et Viande WORCRAFT | RS07-115"},"content":{"rendered":"<p><strong>La scie alternative WORCRAFT RS07-115 est extr\u00eamement polyvalente, con\u00e7ue pour couper de nombreux mat\u00e9riaux dans diverses situations, ce qui est id\u00e9al pour couper du bois pour enlever les cadres de fen\u00eatres, couper les t\u00eates de clous rouill\u00e9s, couper les tuyaux de descente ou couper les branches des arbres.<\/strong><br \/>\n<strong>Avec une course extr\u00eamement grande de 26 mm et une vitesse maximale de 2700 points par minute, ce qui permet de couper rapidement et facilement le bois, le m\u00e9tal et le plastique.<\/strong><br \/>\n<strong>La conception mince et les lames flexibles permettent de travailler dans des espaces confin\u00e9s ou difficiles d\u2019acc\u00e8s.<\/strong><br \/>\n<strong>Les poign\u00e9es \u00e0 prise s\u00fbre r\u00e9duisent les vibrations, ce qui am\u00e9liore l\u2019adh\u00e9rence, le confort et le contr\u00f4le et le bouton de verrouillage aide \u00e0 r\u00e9duire la fatigue de l\u2019utilisateur pendant que vous travaillez.<\/strong><br \/>\n<strong>Mandrin sans outil pour une lame de tron\u00e7onnage facile et rapide.<\/strong><br \/>\n<strong>Lame suppl\u00e9mentaire incluse, pour que vous puissiez commencer directement.<\/strong><br \/>\n<strong>Vitesse r\u00e9glable pour couper les mat\u00e9riaux vari\u00e9s en cons\u00e9quence.<\/strong><\/p>\n<p><strong>Tension nominale<\/strong><br \/>\n<strong>230-240V ~ 50Hz<\/strong><\/p>\n<p><strong>La puissance d\u2019entr\u00e9e<\/strong><br \/>\n<strong>750W<\/strong><\/p>\n<p><strong>Pas de vitesse de chargement<\/strong><br \/>\n<strong>0 ~ 2700 \/ min<\/strong><\/p>\n<p><strong>Accident vasculaire c\u00e9r\u00e9bral<\/strong><br \/>\n<strong>26mm<\/strong><\/p>\n<p><strong>Capacit\u00e9 de coupe dans le bois<\/strong><br \/>\n<strong>115mm<\/strong><\/p>\n<p><strong>Capacit\u00e9 de coupe en acier<\/strong><br \/>\n<strong>15 mm<\/strong><\/p>\n<p><strong>Classe d\u2019isolation<\/strong><br \/>\n<strong>II<\/strong><\/p>\n<p><strong>Dimensions (LxPxH)<\/strong><br \/>\n<strong>47x9x15 cm<\/strong><\/p>\n<p><strong>Poids<\/strong><br \/>\n<strong>2.8 Kg<\/strong><\/p>\n<p>&nbsp;<\/p>\n<p>&nbsp;<\/p>\n","protected":false},"excerpt":{"rendered":"<p>La scie alternative WORCRAFT RS07-115 est extr\u00eamement polyvalente, con\u00e7ue pour couper de nombreux mat\u00e9riaux dans diverses situations, ce qui est id\u00e9al pour couper du bois pour enlever les cadres de fen\u00eatres, couper les t\u00eates de clous rouill\u00e9s, couper les tuyaux de descente ou couper les branches des arbres. Avec une course extr\u00eamement grande de 26 [&hellip;]<\/p>\n","protected":false},"featured_media":1972,"comment_status":"open","ping_status":"closed","template":"","meta":{"_uag_custom_page_level_css":""},"product_brand":[],"product_cat":[25],"product_tag":[],"class_list":{"0":"post-357","1":"product","2":"type-product","3":"status-publish","4":"has-post-thumbnail","6":"product_cat-worcraft-power-tools","8":"first","9":"instock","10":"sale","11":"shipping-taxable","12":"purchasable","13":"product-type-simple"},"aioseo_notices":[],"uagb_featured_image_src":{"full":["https:\/\/hkbricool.com\/wp-content\/uploads\/2024\/11\/RS07-115-4.webp",600,600,false],"thumbnail":["https:\/\/hkbricool.com\/wp-content\/uploads\/2024\/11\/RS07-115-4-150x150.webp",150,150,true],"medium":["https:\/\/hkbricool.com\/wp-content\/uploads\/2024\/11\/RS07-115-4-300x300.webp",300,300,true],"medium_large":["https:\/\/hkbricool.com\/wp-content\/uploads\/2024\/11\/RS07-115-4.webp",600,600,false],"large":["https:\/\/hkbricool.com\/wp-content\/uploads\/2024\/11\/RS07-115-4.webp",600,600,false],"1536x1536":["https:\/\/hkbricool.com\/wp-content\/uploads\/2024\/11\/RS07-115-4.webp",600,600,false],"2048x2048":["https:\/\/hkbricool.com\/wp-content\/uploads\/2024\/11\/RS07-115-4.webp",600,600,false],"post-thumbnail":["https:\/\/hkbricool.com\/wp-content\/uploads\/2024\/11\/RS07-115-4.webp",540,540,false],"hanout_item":["https:\/\/hkbricool.com\/wp-content\/uploads\/2024\/11\/RS07-115-4.webp",600,600,false],"hanout_item_media_sm":["https:\/\/hkbricool.com\/wp-content\/uploads\/2024\/11\/RS07-115-4.webp",90,90,false],"hanout_hero":["https:\/\/hkbricool.com\/wp-content\/uploads\/2024\/11\/RS07-115-4.webp",300,300,false],"hanout_block_item_lg":["https:\/\/hkbricool.com\/wp-content\/uploads\/2024\/11\/RS07-115-4.webp",510,510,false],"hanout_block_item_long":["https:\/\/hkbricool.com\/wp-content\/uploads\/2024\/11\/RS07-115-4.webp",215,215,false],"hanout_block_item_md":["https:\/\/hkbricool.com\/wp-content\/uploads\/2024\/11\/RS07-115-4.webp",345,345,false],"hanout_block_item_xl":["https:\/\/hkbricool.com\/wp-content\/uploads\/2024\/11\/RS07-115-4.webp",600,600,false],"hanout_featgal_small_thumb":["https:\/\/hkbricool.com\/wp-content\/uploads\/2024\/11\/RS07-115-4.webp",100,100,false],"woocommerce_thumbnail":["https:\/\/hkbricool.com\/wp-content\/uploads\/2024\/11\/RS07-115-4.webp",600,600,false],"woocommerce_single":["https:\/\/hkbricool.com\/wp-content\/uploads\/2024\/11\/RS07-115-4.webp",600,600,false],"woocommerce_gallery_thumbnail":["https:\/\/hkbricool.com\/wp-content\/uploads\/2024\/11\/RS07-115-4-160x160.webp",160,160,true],"maxslider_slide":["https:\/\/hkbricool.com\/wp-content\/uploads\/2024\/11\/RS07-115-4.webp",450,450,false]},"uagb_author_info":{"display_name":"khaledsed20@gmail.com","author_link":"https:\/\/hkbricool.com\/%d8%a7%d9%84%d8%b1%d8%a6%d9%8a%d8%b3%d9%8a%d8%a9\/shop\/author\/"},"uagb_comment_info":0,"uagb_excerpt":"La scie alternative WORCRAFT RS07-115 est extr\u00eamement polyvalente, con\u00e7ue pour couper de nombreux mat\u00e9riaux dans diverses situations, ce qui est id\u00e9al pour couper du bois pour enlever les cadres de fen\u00eatres, couper les t\u00eates de clous rouill\u00e9s, couper les tuyaux de descente ou couper les branches des arbres. Avec une course extr\u00eamement grande de 26&hellip;","_links":{"self":[{"href":"https:\/\/hkbricool.com\/%d8%a7%d9%84%d8%b1%d8%a6%d9%8a%d8%b3%d9%8a%d8%a9\/shop\/wp-json\/wp\/v2\/product\/357","targetHints":{"allow":["GET"]}}],"collection":[{"href":"https:\/\/hkbricool.com\/%d8%a7%d9%84%d8%b1%d8%a6%d9%8a%d8%b3%d9%8a%d8%a9\/shop\/wp-json\/wp\/v2\/product"}],"about":[{"href":"https:\/\/hkbricool.com\/%d8%a7%d9%84%d8%b1%d8%a6%d9%8a%d8%b3%d9%8a%d8%a9\/shop\/wp-json\/wp\/v2\/types\/product"}],"replies":[{"embeddable":true,"href":"https:\/\/hkbricool.com\/%d8%a7%d9%84%d8%b1%d8%a6%d9%8a%d8%b3%d9%8a%d8%a9\/shop\/wp-json\/wp\/v2\/comments?post=357"}],"wp:featuredmedia":[{"embeddable":true,"href":"https:\/\/hkbricool.com\/%d8%a7%d9%84%d8%b1%d8%a6%d9%8a%d8%b3%d9%8a%d8%a9\/shop\/wp-json\/wp\/v2\/media\/1972"}],"wp:attachment":[{"href":"https:\/\/hkbricool.com\/%d8%a7%d9%84%d8%b1%d8%a6%d9%8a%d8%b3%d9%8a%d8%a9\/shop\/wp-json\/wp\/v2\/media?parent=357"}],"wp:term":[{"taxonomy":"product_brand","embeddable":true,"href":"https:\/\/hkbricool.com\/%d8%a7%d9%84%d8%b1%d8%a6%d9%8a%d8%b3%d9%8a%d8%a9\/shop\/wp-json\/wp\/v2\/product_brand?post=357"},{"taxonomy":"product_cat","embeddable":true,"href":"https:\/\/hkbricool.com\/%d8%a7%d9%84%d8%b1%d8%a6%d9%8a%d8%b3%d9%8a%d8%a9\/shop\/wp-json\/wp\/v2\/product_cat?post=357"},{"taxonomy":"product_tag","embeddable":true,"href":"https:\/\/hkbricool.com\/%d8%a7%d9%84%d8%b1%d8%a6%d9%8a%d8%b3%d9%8a%d8%a9\/shop\/wp-json\/wp\/v2\/product_tag?post=357"}],"curies":[{"name":"wp","href":"https:\/\/api.w.org\/{rel}","templated":true}]}}