{"id":354,"date":"2024-11-29T17:56:03","date_gmt":"2024-11-29T17:56:03","guid":{"rendered":"http:\/\/hkbricool.com\/product\/eline-short-dress-black\/"},"modified":"2024-12-15T09:46:00","modified_gmt":"2024-12-15T09:46:00","slug":"eline-short-dress-black","status":"publish","type":"product","link":"https:\/\/hkbricool.com\/%d8%a7%d9%84%d8%b1%d8%a6%d9%8a%d8%b3%d9%8a%d8%a9\/shop\/product\/eline-short-dress-black\/","title":{"rendered":"Poste A Souder 300DP WORCRAFT"},"content":{"rendered":"<p>LA POSTE A SOUDER 300A INVERTER du WORCRAFT, est une Inverseur de machine \u00e0 souder.<\/p>\n<h5>Caract\u00e9ristiques et avantages :<\/h5>\n<p>Le d\u00e9marrage (\u201cr\u00e9veil\u201d) peut se produire sans le bouton d\u2019alimentation habituel, le contact de l\u2019\u00e9lectrode avec la surface \u00e0 souder est suffisant.<\/p>\n<p>Le diam\u00e8tre des \u00e9lectrodes du MMA-300DP de soudage est de 2.6 \u00e0 4.0 mm.<\/p>\n<p>Plage de r\u00e9glage du courant de soudage 20-300 A.<\/p>\n<p>Le MMA-300DP, peut fonctionner avec tous les types d\u2019\u00e9lectrodes standards, y compris celles en aluminium.<\/p>\n<p>L\u2019\u00e9cran affiche le courant de soudage r\u00e9gl\u00e9. Ceci est particuli\u00e8rement utile avec les changements fr\u00e9quents de modes de soudage.<\/p>\n<p>Le MMA-300DP, est \u00e9quip\u00e9 du syst\u00e8me \u00ab ENERGY SAVING \u00bb, qui r\u00e9duit la consommation d\u2019\u00e9lectricit\u00e9 de 20 %.<\/p>\n<p>Fonction de s\u00e9curit\u00e9 \u201cSTAND BY\u201d \u2013 lorsqu\u2019il est \u201cinactif\u201d, le poste \u00e0 souder passe en \u201cmode veille\u201d, la puissance consomm\u00e9e \u00e0 ce moment n\u2019est que de quelques watts (4 W).<br \/>\nL\u2019appareil a la capacit\u00e9 de r\u00e9gler le courant de soudage dans la plage de 20 \u00e0 250 A, en fonction du diam\u00e8tre de l\u2019\u00e9lectrode utilis\u00e9e et du type de soudure.<\/p>\n<p>Fonction \u201cHOT START\u201d \u2013 augmentation automatique du courant de soudage pour assurer un arc stable au d\u00e9but du soudage.<br \/>\nLa fonction d\u2019anti-collage de l\u2019\u00e9lectrode \u201cANTI-STICK\u201d \u2013 r\u00e9duit le courant de soudage pour \u00e9viter la \u201cbr\u00fblure\u201d de l\u2019\u00e9lectrode lors du collage.<\/p>\n<p>Le MMA-300DP, a une fonction de for\u00e7age rapide de l\u2019arc de soudage \u201cARC FORCE\u201d \u2013 une augmentation \u00e0 court terme du courant de soudage pour emp\u00eacher le collage de l\u2019\u00e9lectrode (la goutte fondue de l\u2019\u00e9lectrode ne se solidifie pas, emp\u00eachant le collage).<\/p>\n<h5>Caract\u00e9ristiques techniques :<\/h5>\n<ul>\n<li>R\u00e9f\u00e9rence : MMA-300DP.<\/li>\n<li>Puissance, W : 9600<\/li>\n<li>Longueur du c\u00e2ble r\u00e9seau, m : 2<\/li>\n<li>Tension nominale, V : 170-270<\/li>\n<li>Tension sans charge, V : 75-80<\/li>\n<li>Plage de r\u00e9glage du courant de soudage, A : 20-300<\/li>\n<li>Cycle de travail (\u00e0 40 \u00b0C), % : 60<\/li>\n<li>Diam\u00e8tre des \u00e9lectrodes \u00e0 utiliser, mm : 1.6-6.0<\/li>\n<li>Poids net\/brut, kg : 8.8<\/li>\n<\/ul>\n<p><strong>Comprend :<\/strong><\/p>\n<ol>\n<li>Inverseur de machine \u00e0 souder MMA-250DP.<\/li>\n<li>C\u00e2ble de soudage avec porte-\u00e9lectrode 2 m 25 mm 2 \u2013 1 pc.<\/li>\n<li>C\u00e2ble de soudage avec pince de travail 1,2 m 25 mm 2 \u2013 1 pc.<\/li>\n<li>Brosse marteau \u2013 1 pc.<\/li>\n<li>Bouclier de protection du soudeur \u2013 1 pc.<\/li>\n<li>Manuel d\u2019instruction.<\/li>\n<li>Boite d\u2019emballage<\/li>\n<\/ol>\n<p>&nbsp;<\/p>\n","protected":false},"excerpt":{"rendered":"<p>LA POSTE A SOUDER 300A INVERTER du WORCRAFT, est une Inverseur de machine \u00e0 souder. Caract\u00e9ristiques et avantages : Le d\u00e9marrage (\u201cr\u00e9veil\u201d) peut se produire sans le bouton d\u2019alimentation habituel, le contact de l\u2019\u00e9lectrode avec la surface \u00e0 souder est suffisant. Le diam\u00e8tre des \u00e9lectrodes du MMA-300DP de soudage est de 2.6 \u00e0 4.0 mm. [&hellip;]<\/p>\n","protected":false},"featured_media":1954,"comment_status":"open","ping_status":"closed","template":"","meta":{"_uag_custom_page_level_css":""},"product_brand":[],"product_cat":[25],"product_tag":[],"class_list":{"0":"post-354","1":"product","2":"type-product","3":"status-publish","4":"has-post-thumbnail","6":"product_cat-worcraft-power-tools","8":"first","9":"instock","10":"sale","11":"shipping-taxable","12":"purchasable","13":"product-type-simple"},"aioseo_notices":[],"uagb_featured_image_src":{"full":["https:\/\/hkbricool.com\/wp-content\/uploads\/2024\/11\/20210925_095813-1.jpg",2419,2448,false],"thumbnail":["https:\/\/hkbricool.com\/wp-content\/uploads\/2024\/11\/20210925_095813-1-150x150.jpg",150,150,true],"medium":["https:\/\/hkbricool.com\/wp-content\/uploads\/2024\/11\/20210925_095813-1-296x300.jpg",296,300,true],"medium_large":["https:\/\/hkbricool.com\/wp-content\/uploads\/2024\/11\/20210925_095813-1-768x777.jpg",768,777,true],"large":["https:\/\/hkbricool.com\/wp-content\/uploads\/2024\/11\/20210925_095813-1-1012x1024.jpg",960,971,true],"1536x1536":["https:\/\/hkbricool.com\/wp-content\/uploads\/2024\/11\/20210925_095813-1-1518x1536.jpg",1518,1536,true],"2048x2048":["https:\/\/hkbricool.com\/wp-content\/uploads\/2024\/11\/20210925_095813-1-2024x2048.jpg",2024,2048,true],"post-thumbnail":["https:\/\/hkbricool.com\/wp-content\/uploads\/2024\/11\/20210925_095813-1.jpg",534,540,false],"hanout_item":["https:\/\/hkbricool.com\/wp-content\/uploads\/2024\/11\/20210925_095813-1.jpg",623,630,false],"hanout_item_media_sm":["https:\/\/hkbricool.com\/wp-content\/uploads\/2024\/11\/20210925_095813-1.jpg",90,90,false],"hanout_hero":["https:\/\/hkbricool.com\/wp-content\/uploads\/2024\/11\/20210925_095813-1.jpg",296,300,false],"hanout_block_item_lg":["https:\/\/hkbricool.com\/wp-content\/uploads\/2024\/11\/20210925_095813-1.jpg",504,510,false],"hanout_block_item_long":["https:\/\/hkbricool.com\/wp-content\/uploads\/2024\/11\/20210925_095813-1.jpg",212,215,false],"hanout_block_item_md":["https:\/\/hkbricool.com\/wp-content\/uploads\/2024\/11\/20210925_095813-1.jpg",341,345,false],"hanout_block_item_xl":["https:\/\/hkbricool.com\/wp-content\/uploads\/2024\/11\/20210925_095813-1.jpg",716,725,false],"hanout_featgal_small_thumb":["https:\/\/hkbricool.com\/wp-content\/uploads\/2024\/11\/20210925_095813-1.jpg",100,100,false],"woocommerce_thumbnail":["https:\/\/hkbricool.com\/wp-content\/uploads\/2024\/11\/20210925_095813-1-630x630.jpg",630,630,true],"woocommerce_single":["https:\/\/hkbricool.com\/wp-content\/uploads\/2024\/11\/20210925_095813-1-690x698.jpg",690,698,true],"woocommerce_gallery_thumbnail":["https:\/\/hkbricool.com\/wp-content\/uploads\/2024\/11\/20210925_095813-1-160x160.jpg",160,160,true],"maxslider_slide":["https:\/\/hkbricool.com\/wp-content\/uploads\/2024\/11\/20210925_095813-1.jpg",445,450,false]},"uagb_author_info":{"display_name":"khaledsed20@gmail.com","author_link":"https:\/\/hkbricool.com\/%d8%a7%d9%84%d8%b1%d8%a6%d9%8a%d8%b3%d9%8a%d8%a9\/shop\/author\/"},"uagb_comment_info":0,"uagb_excerpt":"LA POSTE A SOUDER 300A INVERTER du WORCRAFT, est une Inverseur de machine \u00e0 souder. Caract\u00e9ristiques et avantages : Le d\u00e9marrage (\u201cr\u00e9veil\u201d) peut se produire sans le bouton d\u2019alimentation habituel, le contact de l\u2019\u00e9lectrode avec la surface \u00e0 souder est suffisant. Le diam\u00e8tre des \u00e9lectrodes du MMA-300DP de soudage est de 2.6 \u00e0 4.0 mm.&hellip;","_links":{"self":[{"href":"https:\/\/hkbricool.com\/%d8%a7%d9%84%d8%b1%d8%a6%d9%8a%d8%b3%d9%8a%d8%a9\/shop\/wp-json\/wp\/v2\/product\/354","targetHints":{"allow":["GET"]}}],"collection":[{"href":"https:\/\/hkbricool.com\/%d8%a7%d9%84%d8%b1%d8%a6%d9%8a%d8%b3%d9%8a%d8%a9\/shop\/wp-json\/wp\/v2\/product"}],"about":[{"href":"https:\/\/hkbricool.com\/%d8%a7%d9%84%d8%b1%d8%a6%d9%8a%d8%b3%d9%8a%d8%a9\/shop\/wp-json\/wp\/v2\/types\/product"}],"replies":[{"embeddable":true,"href":"https:\/\/hkbricool.com\/%d8%a7%d9%84%d8%b1%d8%a6%d9%8a%d8%b3%d9%8a%d8%a9\/shop\/wp-json\/wp\/v2\/comments?post=354"}],"wp:featuredmedia":[{"embeddable":true,"href":"https:\/\/hkbricool.com\/%d8%a7%d9%84%d8%b1%d8%a6%d9%8a%d8%b3%d9%8a%d8%a9\/shop\/wp-json\/wp\/v2\/media\/1954"}],"wp:attachment":[{"href":"https:\/\/hkbricool.com\/%d8%a7%d9%84%d8%b1%d8%a6%d9%8a%d8%b3%d9%8a%d8%a9\/shop\/wp-json\/wp\/v2\/media?parent=354"}],"wp:term":[{"taxonomy":"product_brand","embeddable":true,"href":"https:\/\/hkbricool.com\/%d8%a7%d9%84%d8%b1%d8%a6%d9%8a%d8%b3%d9%8a%d8%a9\/shop\/wp-json\/wp\/v2\/product_brand?post=354"},{"taxonomy":"product_cat","embeddable":true,"href":"https:\/\/hkbricool.com\/%d8%a7%d9%84%d8%b1%d8%a6%d9%8a%d8%b3%d9%8a%d8%a9\/shop\/wp-json\/wp\/v2\/product_cat?post=354"},{"taxonomy":"product_tag","embeddable":true,"href":"https:\/\/hkbricool.com\/%d8%a7%d9%84%d8%b1%d8%a6%d9%8a%d8%b3%d9%8a%d8%a9\/shop\/wp-json\/wp\/v2\/product_tag?post=354"}],"curies":[{"name":"wp","href":"https:\/\/api.w.org\/{rel}","templated":true}]}}