{"id":348,"date":"2024-11-29T17:56:02","date_gmt":"2024-11-29T17:56:02","guid":{"rendered":"http:\/\/hkbricool.com\/product\/noorin-gold-ring-watch\/"},"modified":"2024-12-15T09:55:20","modified_gmt":"2024-12-15T09:55:20","slug":"ponceuse-vibrante-carre-fs-300-115x230mm-worcraft","status":"publish","type":"product","link":"https:\/\/hkbricool.com\/%d8%a7%d9%84%d8%b1%d8%a6%d9%8a%d8%b3%d9%8a%d8%a9\/shop\/product\/ponceuse-vibrante-carre-fs-300-115x230mm-worcraft\/","title":{"rendered":"Ponceuse vibrante (carre) FS-300 115x230mm WORCRAFT"},"content":{"rendered":"<p>&nbsp;<\/p>\n<div class=\"container\">\n<div class=\"row justify-content-center\">\n<div class=\"col-12\">\n<div id=\"product-383\" class=\"product type-product post-383 status-publish first instock product_cat-worcraft has-post-thumbnail sale shipping-taxable purchasable product-type-simple\">\n<div class=\"row\">\n<div class=\"col-lg-7 col-12 product-desc\">\n<div class=\"theiaStickySidebar\">\n<div class=\"entry-product-description\">\n<h4>Description :<\/h4>\n<p><strong>SUPERBRICOOL\u00a0<\/strong>\u00a0vous propose une\u00a0<strong>PONCEUSE VIBRANTE 300W WORCRAFT<\/strong>, La ponceuse orbitale WORCRAFT est un outil puissant et de haute qualit\u00e9 qui constitue le choix id\u00e9al pour poncer\/poncer de grandes surfaces de bois, de plastique ou de m\u00e9tal.<\/p>\n<ul>\n<li>Le contr\u00f4le \u00e9lectronique de la vitesse garantit que la puissance peut \u00eatre ajust\u00e9e exactement aux exigences de finition de surface du mat\u00e9riau particulier.<\/li>\n<li>Le m\u00e9canisme de serrage et le micro-crochet et boucle sur l\u2019outil offrent \u00e0 l\u2019utilisateur un libre choix d\u2019abrasifs qui peuvent \u00eatre chang\u00e9s rapidement et facilement.<\/li>\n<li>La conception ergonomique et les surfaces de pr\u00e9hension souples garantissent une prise en main extr\u00eamement confortable.<\/li>\n<li>L\u2019aspiration active de la poussi\u00e8re avec bo\u00eetier de filtre maintient la zone de travail propre. Un aspirateur peut \u00eatre fix\u00e9 directement sur l\u2019adaptateur d\u2019aspirateur pour une \u00e9limination imm\u00e9diate de la poussi\u00e8re de pon\u00e7age\/meulage.<br \/>\nDu papier abrasif est inclus pour une utilisation imm\u00e9diate.<\/li>\n<\/ul>\n<h4>Sp\u00e9cification :<\/h4>\n<ul>\n<li>Tension nominale : 230 V ~ 50 Hz<\/li>\n<li>La puissance d\u2019entr\u00e9e : 300W<\/li>\n<li>Pas de vitesse de chargement : 6000-11000 tr\/min<\/li>\n<li>Taille du patin de pon\u00e7age : 230x115mm<\/li>\n<li>Classe d\u2019isolation : II<\/li>\n<li>Dimensions (LxlxH) : 30\u00d711,5\u00d719 cm<\/li>\n<li>Poids : 2,66 kg<\/li>\n<\/ul>\n<h4><strong>INCLURE :<\/strong><\/h4>\n<ul>\n<li>1 feuille abrasive<\/li>\n<li>1 bo\u00eete \u00e0 poussi\u00e8re<\/li>\n<li>1 jeu de balais de carbone<\/li>\n<li>1 manuel d\u2019instructions<\/li>\n<\/ul>\n<\/div>\n<\/div>\n<\/div>\n<\/div>\n<\/div>\n<\/div>\n<\/div>\n<\/div>\n<div class=\"woocommerce-tabs-container\">\n<div class=\"container\">\n<div class=\"row\">\n<div class=\"col-12\">\n<div class=\"woocommerce-tabs wc-tabs-wrapper\"><\/div>\n<\/div>\n<\/div>\n<\/div>\n<\/div>\n<p>&nbsp;<\/p>\n","protected":false},"excerpt":{"rendered":"<p>&nbsp; Description : SUPERBRICOOL\u00a0\u00a0vous propose une\u00a0PONCEUSE VIBRANTE 300W WORCRAFT, La ponceuse orbitale WORCRAFT est un outil puissant et de haute qualit\u00e9 qui constitue le choix id\u00e9al pour poncer\/poncer de grandes surfaces de bois, de plastique ou de m\u00e9tal. Le contr\u00f4le \u00e9lectronique de la vitesse garantit que la puissance peut \u00eatre ajust\u00e9e exactement aux exigences de [&hellip;]<\/p>\n","protected":false},"featured_media":2043,"comment_status":"open","ping_status":"closed","template":"","meta":{"_uag_custom_page_level_css":""},"product_brand":[],"product_cat":[25],"product_tag":[],"class_list":{"0":"post-348","1":"product","2":"type-product","3":"status-publish","4":"has-post-thumbnail","6":"product_cat-worcraft-power-tools","8":"first","9":"instock","10":"sale","11":"shipping-taxable","12":"purchasable","13":"product-type-simple"},"aioseo_notices":[],"uagb_featured_image_src":{"full":["https:\/\/hkbricool.com\/wp-content\/uploads\/2024\/11\/FS-300-5.webp",1200,1200,false],"thumbnail":["https:\/\/hkbricool.com\/wp-content\/uploads\/2024\/11\/FS-300-5-150x150.webp",150,150,true],"medium":["https:\/\/hkbricool.com\/wp-content\/uploads\/2024\/11\/FS-300-5-300x300.webp",300,300,true],"medium_large":["https:\/\/hkbricool.com\/wp-content\/uploads\/2024\/11\/FS-300-5-768x768.webp",768,768,true],"large":["https:\/\/hkbricool.com\/wp-content\/uploads\/2024\/11\/FS-300-5-1024x1024.webp",960,960,true],"1536x1536":["https:\/\/hkbricool.com\/wp-content\/uploads\/2024\/11\/FS-300-5.webp",1200,1200,false],"2048x2048":["https:\/\/hkbricool.com\/wp-content\/uploads\/2024\/11\/FS-300-5.webp",1200,1200,false],"post-thumbnail":["https:\/\/hkbricool.com\/wp-content\/uploads\/2024\/11\/FS-300-5.webp",540,540,false],"hanout_item":["https:\/\/hkbricool.com\/wp-content\/uploads\/2024\/11\/FS-300-5.webp",630,630,false],"hanout_item_media_sm":["https:\/\/hkbricool.com\/wp-content\/uploads\/2024\/11\/FS-300-5.webp",90,90,false],"hanout_hero":["https:\/\/hkbricool.com\/wp-content\/uploads\/2024\/11\/FS-300-5.webp",300,300,false],"hanout_block_item_lg":["https:\/\/hkbricool.com\/wp-content\/uploads\/2024\/11\/FS-300-5.webp",510,510,false],"hanout_block_item_long":["https:\/\/hkbricool.com\/wp-content\/uploads\/2024\/11\/FS-300-5.webp",215,215,false],"hanout_block_item_md":["https:\/\/hkbricool.com\/wp-content\/uploads\/2024\/11\/FS-300-5.webp",345,345,false],"hanout_block_item_xl":["https:\/\/hkbricool.com\/wp-content\/uploads\/2024\/11\/FS-300-5.webp",725,725,false],"hanout_featgal_small_thumb":["https:\/\/hkbricool.com\/wp-content\/uploads\/2024\/11\/FS-300-5.webp",100,100,false],"woocommerce_thumbnail":["https:\/\/hkbricool.com\/wp-content\/uploads\/2024\/11\/FS-300-5-768x768.webp",630,630,true],"woocommerce_single":["https:\/\/hkbricool.com\/wp-content\/uploads\/2024\/11\/FS-300-5-768x768.webp",690,690,true],"woocommerce_gallery_thumbnail":["https:\/\/hkbricool.com\/wp-content\/uploads\/2024\/11\/FS-300-5-300x300.webp",160,160,true],"maxslider_slide":["https:\/\/hkbricool.com\/wp-content\/uploads\/2024\/11\/FS-300-5.webp",450,450,false]},"uagb_author_info":{"display_name":"khaledsed20@gmail.com","author_link":"https:\/\/hkbricool.com\/%d8%a7%d9%84%d8%b1%d8%a6%d9%8a%d8%b3%d9%8a%d8%a9\/shop\/author\/"},"uagb_comment_info":0,"uagb_excerpt":"&nbsp; Description : SUPERBRICOOL\u00a0\u00a0vous propose une\u00a0PONCEUSE VIBRANTE 300W WORCRAFT, La ponceuse orbitale WORCRAFT est un outil puissant et de haute qualit\u00e9 qui constitue le choix id\u00e9al pour poncer\/poncer de grandes surfaces de bois, de plastique ou de m\u00e9tal. Le contr\u00f4le \u00e9lectronique de la vitesse garantit que la puissance peut \u00eatre ajust\u00e9e exactement aux exigences de&hellip;","_links":{"self":[{"href":"https:\/\/hkbricool.com\/%d8%a7%d9%84%d8%b1%d8%a6%d9%8a%d8%b3%d9%8a%d8%a9\/shop\/wp-json\/wp\/v2\/product\/348","targetHints":{"allow":["GET"]}}],"collection":[{"href":"https:\/\/hkbricool.com\/%d8%a7%d9%84%d8%b1%d8%a6%d9%8a%d8%b3%d9%8a%d8%a9\/shop\/wp-json\/wp\/v2\/product"}],"about":[{"href":"https:\/\/hkbricool.com\/%d8%a7%d9%84%d8%b1%d8%a6%d9%8a%d8%b3%d9%8a%d8%a9\/shop\/wp-json\/wp\/v2\/types\/product"}],"replies":[{"embeddable":true,"href":"https:\/\/hkbricool.com\/%d8%a7%d9%84%d8%b1%d8%a6%d9%8a%d8%b3%d9%8a%d8%a9\/shop\/wp-json\/wp\/v2\/comments?post=348"}],"wp:featuredmedia":[{"embeddable":true,"href":"https:\/\/hkbricool.com\/%d8%a7%d9%84%d8%b1%d8%a6%d9%8a%d8%b3%d9%8a%d8%a9\/shop\/wp-json\/wp\/v2\/media\/2043"}],"wp:attachment":[{"href":"https:\/\/hkbricool.com\/%d8%a7%d9%84%d8%b1%d8%a6%d9%8a%d8%b3%d9%8a%d8%a9\/shop\/wp-json\/wp\/v2\/media?parent=348"}],"wp:term":[{"taxonomy":"product_brand","embeddable":true,"href":"https:\/\/hkbricool.com\/%d8%a7%d9%84%d8%b1%d8%a6%d9%8a%d8%b3%d9%8a%d8%a9\/shop\/wp-json\/wp\/v2\/product_brand?post=348"},{"taxonomy":"product_cat","embeddable":true,"href":"https:\/\/hkbricool.com\/%d8%a7%d9%84%d8%b1%d8%a6%d9%8a%d8%b3%d9%8a%d8%a9\/shop\/wp-json\/wp\/v2\/product_cat?post=348"},{"taxonomy":"product_tag","embeddable":true,"href":"https:\/\/hkbricool.com\/%d8%a7%d9%84%d8%b1%d8%a6%d9%8a%d8%b3%d9%8a%d8%a9\/shop\/wp-json\/wp\/v2\/product_tag?post=348"}],"curies":[{"name":"wp","href":"https:\/\/api.w.org\/{rel}","templated":true}]}}