{"id":344,"date":"2024-11-29T17:56:02","date_gmt":"2024-11-29T17:56:02","guid":{"rendered":"http:\/\/hkbricool.com\/product\/black-high-heels-shoes\/"},"modified":"2024-12-15T09:54:45","modified_gmt":"2024-12-15T09:54:45","slug":"cle-a-choc-boulonneuse-electrique-450w-400nm-worcraft-iw-500","status":"publish","type":"product","link":"https:\/\/hkbricool.com\/%d8%a7%d9%84%d8%b1%d8%a6%d9%8a%d8%b3%d9%8a%d8%a9\/shop\/product\/cle-a-choc-boulonneuse-electrique-450w-400nm-worcraft-iw-500\/","title":{"rendered":"Cl\u00e9 \u00e0 choc Boulonneuse \u00c9lectrique 450W 400nm WORCRAFT | IW-500"},"content":{"rendered":"<p>&nbsp;<\/p>\n<p><strong>Description :<\/strong> Cl\u00e9 \u00e0 choc Boulonneuse \u00c9lectrique 450W 400nm WORCRAFT | IW-500<\/p>\n<ul>\n<li>superbricool\u00a0 Leader de l\u2019outillage en Alg\u00e9rie vous Propose le produit:<br \/>\nCl\u00e9 \u00e0 choc Boulonneuse \u00c9lectrique 450W 400nm WORCRAFT | IW-500<br \/>\nLa Cl\u00e9 \u00e0 choc Boulonneuse \u00c9lectrique 450W 400nm WORCRAFT | IW-500\u00a0 est parfaite pour serrer et desserrer les boulons.<br \/>\nEn plus , cette boulonneuse a une poign\u00e9e ergonomique pour une manipulation facile, La Cl\u00e9 \u00e0 choc Boulonneuse \u00c9lectrique 450W 400nm WORCRAFT | IW-500\u00a0 est la plus puissante de la gamme . Elle est compacte et l\u00e9g\u00e8re pour un travail plus pratique. Elle offre une tension stable pour une meilleure performance (avec rallonge et g\u00e9n\u00e9rateur), Elle est utilis\u00e9e pour les roues de voiture, les constructions m\u00e9talliques, les cadres et les tire-fonds, Avec Bo\u00eetier robuste en aluminium.<\/li>\n<\/ul>\n<p><strong>Fiche Technique :<\/strong>\u00a0Cl\u00e9 \u00e0 choc Boulonneuse \u00c9lectrique 450W 400nm WORCRAFT | IW-500<\/p>\n<ul>\n<li>Vitesse de rotation, tr\/min : 3300<\/li>\n<li>Tension, V : 220<\/li>\n<li>Couple maximal, Nm : 400<\/li>\n<li>Puissance, W : 450<\/li>\n<li>Brut\u00a0 : 4.1 Kg<\/li>\n<li>Poids net : 2.3 kg<\/li>\n<\/ul>\n<p><strong>Kit de livraison :<\/strong>\u00a0Cl\u00e9 \u00e0 choc Boulonneuse \u00c9lectrique 450W 400nm WORCRAFT | IW-500<\/p>\n<ul>\n<li>Douilles Inclus : (17\/19\/21\/23 mm)<\/li>\n<li>Manuel d\u2019instruction : 1 pcs<\/li>\n<\/ul>\n<p><strong>Information sur l\u2019emballage<\/strong>\u00a0: Cl\u00e9 \u00e0 choc Boulonneuse \u00c9lectrique 450W 400nm WORCRAFT | IW-500<\/p>\n<ul>\n<li>Type d\u2019emballage :Valise en Plastique.<\/li>\n<li>Dimensions de l\u2019emballage : N.C<\/li>\n<\/ul>\n<p><strong>HKBRICOOL\u00a0 le premier magasin de vente d\u2019outillage professionnel en Algerie<\/strong><\/p>\n<p>&nbsp;<\/p>\n","protected":false},"excerpt":{"rendered":"<p>Cras in blandit semper eget interdum lacus ultrices ultricies malesuada magna nullam velit, elit scelerisque imperdiet natoque mi velit volutpat quis nibh sagittis orci sem orci sit feugiat mauris, auctor mauris malesuada lectus ut dictum massa turpis a quis tellus aliquam amet malesuada enim ac orci leo arcu justo blandit.<\/p>\n","protected":false},"featured_media":2038,"comment_status":"open","ping_status":"closed","template":"","meta":{"_uag_custom_page_level_css":""},"product_brand":[],"product_cat":[25],"product_tag":[],"class_list":{"0":"post-344","1":"product","2":"type-product","3":"status-publish","4":"has-post-thumbnail","6":"product_cat-worcraft-power-tools","8":"first","9":"instock","10":"sale","11":"shipping-taxable","12":"purchasable","13":"product-type-simple"},"aioseo_notices":[],"uagb_featured_image_src":{"full":["https:\/\/hkbricool.com\/wp-content\/uploads\/2024\/11\/cle-a-choc-boulonneuse-electrique-450w-400nm-worcraft-iw-500-3.jpg",800,800,false],"thumbnail":["https:\/\/hkbricool.com\/wp-content\/uploads\/2024\/11\/cle-a-choc-boulonneuse-electrique-450w-400nm-worcraft-iw-500-3-150x150.jpg",150,150,true],"medium":["https:\/\/hkbricool.com\/wp-content\/uploads\/2024\/11\/cle-a-choc-boulonneuse-electrique-450w-400nm-worcraft-iw-500-3-300x300.jpg",300,300,true],"medium_large":["https:\/\/hkbricool.com\/wp-content\/uploads\/2024\/11\/cle-a-choc-boulonneuse-electrique-450w-400nm-worcraft-iw-500-3-768x768.jpg",768,768,true],"large":["https:\/\/hkbricool.com\/wp-content\/uploads\/2024\/11\/cle-a-choc-boulonneuse-electrique-450w-400nm-worcraft-iw-500-3.jpg",800,800,false],"1536x1536":["https:\/\/hkbricool.com\/wp-content\/uploads\/2024\/11\/cle-a-choc-boulonneuse-electrique-450w-400nm-worcraft-iw-500-3.jpg",800,800,false],"2048x2048":["https:\/\/hkbricool.com\/wp-content\/uploads\/2024\/11\/cle-a-choc-boulonneuse-electrique-450w-400nm-worcraft-iw-500-3.jpg",800,800,false],"post-thumbnail":["https:\/\/hkbricool.com\/wp-content\/uploads\/2024\/11\/cle-a-choc-boulonneuse-electrique-450w-400nm-worcraft-iw-500-3.jpg",540,540,false],"hanout_item":["https:\/\/hkbricool.com\/wp-content\/uploads\/2024\/11\/cle-a-choc-boulonneuse-electrique-450w-400nm-worcraft-iw-500-3.jpg",630,630,false],"hanout_item_media_sm":["https:\/\/hkbricool.com\/wp-content\/uploads\/2024\/11\/cle-a-choc-boulonneuse-electrique-450w-400nm-worcraft-iw-500-3.jpg",90,90,false],"hanout_hero":["https:\/\/hkbricool.com\/wp-content\/uploads\/2024\/11\/cle-a-choc-boulonneuse-electrique-450w-400nm-worcraft-iw-500-3.jpg",300,300,false],"hanout_block_item_lg":["https:\/\/hkbricool.com\/wp-content\/uploads\/2024\/11\/cle-a-choc-boulonneuse-electrique-450w-400nm-worcraft-iw-500-3.jpg",510,510,false],"hanout_block_item_long":["https:\/\/hkbricool.com\/wp-content\/uploads\/2024\/11\/cle-a-choc-boulonneuse-electrique-450w-400nm-worcraft-iw-500-3.jpg",215,215,false],"hanout_block_item_md":["https:\/\/hkbricool.com\/wp-content\/uploads\/2024\/11\/cle-a-choc-boulonneuse-electrique-450w-400nm-worcraft-iw-500-3.jpg",345,345,false],"hanout_block_item_xl":["https:\/\/hkbricool.com\/wp-content\/uploads\/2024\/11\/cle-a-choc-boulonneuse-electrique-450w-400nm-worcraft-iw-500-3.jpg",725,725,false],"hanout_featgal_small_thumb":["https:\/\/hkbricool.com\/wp-content\/uploads\/2024\/11\/cle-a-choc-boulonneuse-electrique-450w-400nm-worcraft-iw-500-3.jpg",100,100,false],"woocommerce_thumbnail":["https:\/\/hkbricool.com\/wp-content\/uploads\/2024\/11\/cle-a-choc-boulonneuse-electrique-450w-400nm-worcraft-iw-500-3-768x768.jpg",630,630,true],"woocommerce_single":["https:\/\/hkbricool.com\/wp-content\/uploads\/2024\/11\/cle-a-choc-boulonneuse-electrique-450w-400nm-worcraft-iw-500-3-768x768.jpg",690,690,true],"woocommerce_gallery_thumbnail":["https:\/\/hkbricool.com\/wp-content\/uploads\/2024\/11\/cle-a-choc-boulonneuse-electrique-450w-400nm-worcraft-iw-500-3-300x300.jpg",160,160,true],"maxslider_slide":["https:\/\/hkbricool.com\/wp-content\/uploads\/2024\/11\/cle-a-choc-boulonneuse-electrique-450w-400nm-worcraft-iw-500-3.jpg",450,450,false]},"uagb_author_info":{"display_name":"khaledsed20@gmail.com","author_link":"https:\/\/hkbricool.com\/%d8%a7%d9%84%d8%b1%d8%a6%d9%8a%d8%b3%d9%8a%d8%a9\/shop\/author\/"},"uagb_comment_info":0,"uagb_excerpt":"Cras in blandit semper eget interdum lacus ultrices ultricies malesuada magna nullam velit, elit scelerisque imperdiet natoque mi velit volutpat quis nibh sagittis orci sem orci sit feugiat mauris, auctor mauris malesuada lectus ut dictum massa turpis a quis tellus aliquam amet malesuada enim ac orci leo arcu justo blandit.","_links":{"self":[{"href":"https:\/\/hkbricool.com\/%d8%a7%d9%84%d8%b1%d8%a6%d9%8a%d8%b3%d9%8a%d8%a9\/shop\/wp-json\/wp\/v2\/product\/344","targetHints":{"allow":["GET"]}}],"collection":[{"href":"https:\/\/hkbricool.com\/%d8%a7%d9%84%d8%b1%d8%a6%d9%8a%d8%b3%d9%8a%d8%a9\/shop\/wp-json\/wp\/v2\/product"}],"about":[{"href":"https:\/\/hkbricool.com\/%d8%a7%d9%84%d8%b1%d8%a6%d9%8a%d8%b3%d9%8a%d8%a9\/shop\/wp-json\/wp\/v2\/types\/product"}],"replies":[{"embeddable":true,"href":"https:\/\/hkbricool.com\/%d8%a7%d9%84%d8%b1%d8%a6%d9%8a%d8%b3%d9%8a%d8%a9\/shop\/wp-json\/wp\/v2\/comments?post=344"}],"wp:featuredmedia":[{"embeddable":true,"href":"https:\/\/hkbricool.com\/%d8%a7%d9%84%d8%b1%d8%a6%d9%8a%d8%b3%d9%8a%d8%a9\/shop\/wp-json\/wp\/v2\/media\/2038"}],"wp:attachment":[{"href":"https:\/\/hkbricool.com\/%d8%a7%d9%84%d8%b1%d8%a6%d9%8a%d8%b3%d9%8a%d8%a9\/shop\/wp-json\/wp\/v2\/media?parent=344"}],"wp:term":[{"taxonomy":"product_brand","embeddable":true,"href":"https:\/\/hkbricool.com\/%d8%a7%d9%84%d8%b1%d8%a6%d9%8a%d8%b3%d9%8a%d8%a9\/shop\/wp-json\/wp\/v2\/product_brand?post=344"},{"taxonomy":"product_cat","embeddable":true,"href":"https:\/\/hkbricool.com\/%d8%a7%d9%84%d8%b1%d8%a6%d9%8a%d8%b3%d9%8a%d8%a9\/shop\/wp-json\/wp\/v2\/product_cat?post=344"},{"taxonomy":"product_tag","embeddable":true,"href":"https:\/\/hkbricool.com\/%d8%a7%d9%84%d8%b1%d8%a6%d9%8a%d8%b3%d9%8a%d8%a9\/shop\/wp-json\/wp\/v2\/product_tag?post=344"}],"curies":[{"name":"wp","href":"https:\/\/api.w.org\/{rel}","templated":true}]}}