{"id":343,"date":"2024-11-29T17:56:02","date_gmt":"2024-11-29T17:56:02","guid":{"rendered":"http:\/\/hkbricool.com\/product\/allice-gold-necklace\/"},"modified":"2024-12-15T09:53:43","modified_gmt":"2024-12-15T09:53:43","slug":"perceuse-a-colone-350w-13mm-avec-etaux-worcraftworcraft-dp03-13","status":"publish","type":"product","link":"https:\/\/hkbricool.com\/%d8%a7%d9%84%d8%b1%d8%a6%d9%8a%d8%b3%d9%8a%d8%a9\/shop\/product\/perceuse-a-colone-350w-13mm-avec-etaux-worcraftworcraft-dp03-13\/","title":{"rendered":"Perceuse a colone 350w 13mm avec \u00e9taux WORCRAFTWORCRAFT | DP03-13"},"content":{"rendered":"<div class=\"container\">\n<div class=\"row justify-content-center\">\n<div class=\"col-12\">\n<div id=\"product-374\" class=\"product type-product post-374 status-publish first instock product_cat-worcraft has-post-thumbnail sale shipping-taxable purchasable product-type-simple\">\n<div class=\"row\">\n<div class=\"col-lg-7 col-12 product-desc\">\n<div class=\"theiaStickySidebar\">\n<div class=\"entry-product-description\">\n<p><strong>DESCRIPTION :<\/strong> Perceuse a colon 350w 13mm avec \u00e9taux WORCRAFT | DP03-13<\/p>\n<ul>\n<li>HKBRICOOL Leader de l\u2019outillage en Alg\u00e9rie vous Propose le produit :<br \/>\nPerceuse a colon 350w 13mm avec \u00e9taux WORCRAFT | DP03-13<br \/>\nUtilis\u00e9e principalement dans le domaine de la menuiserie, l\u2019industrie ou bien par les bricoleurs exp\u00e9riment\u00e9s, les perceuse \u00e0 colonne sont parfaitement adapt\u00e9e pour r\u00e9aliser des per\u00e7ages de s\u00e9rie et de pr\u00e9cision dans le m\u00e9tal, le plastique et le bois. V\u00e9ritable alli\u00e9e pour effectuer des per\u00e7ages nets et ultrapr\u00e9cis, elle est compos\u00e9e d\u2019une colonne sur laquelle coulisse une t\u00eate de per\u00e7age et est dot\u00e9e d\u2019un plateau sur lequel repose la pi\u00e8ce \u00e0 usiner. Un \u00e9tau permet de la maintenir serr\u00e9e.<\/li>\n<\/ul>\n<p><strong>Fiche technique :<\/strong> Perceuse a colonne 350w (13mm) (avec \u00e9taux) WORCRAFT | DP03-13<\/p>\n<ul>\n<li>Tension nominale : 220-230V ~ 50\/60Hz<\/li>\n<li>La puissance d\u2019entr\u00e9e : 350W<\/li>\n<li>Vitesse \u00e0 vide : 2650 tr\/min<\/li>\n<li>Diam\u00e8tre du mandrin : 13mm<\/li>\n<li>Longueur de c\u00e2ble : 2m<\/li>\n<li>Longueur de la tige : 50mm<\/li>\n<li>Angle d\u2019inclinaison de la table de travail : -45\u00b0~+45\u00b0<\/li>\n<li>Unit\u00e9 : Bar \/ PSI<\/li>\n<li>Poids : 13.6 kg<\/li>\n<\/ul>\n<p><strong>Kit de livraison :<\/strong> Perceuse a colonne 350w (13mm) (avec \u00e9taux) WORCRAFT | DP03-13<\/p>\n<ul>\n<li>Perceuse \u00e0 colonne : 1 pcs<\/li>\n<li>Manuel d\u2019instructions : 1 pcs<\/li>\n<\/ul>\n<p><strong>Information sur l\u2019emballage :<\/strong> Perceuse a colonne 350w (13mm) (avec \u00e9taux) WORCRAFT | DP03-13<\/p>\n<ul>\n<li>Type d\u2019emballage : Boite en carton<\/li>\n<li>Dimensions de l\u2019emballage :\u00a0 40 x1 8 x 57 cm<\/li>\n<\/ul>\n<p><strong>HKBRICOOL le premier magasin de vente d\u2019outillage professionnel en Alg\u00e9rie<\/strong><\/p>\n<\/div>\n<\/div>\n<\/div>\n<\/div>\n<\/div>\n<\/div>\n<\/div>\n<\/div>\n<div class=\"woocommerce-tabs-container\">\n<div class=\"container\">\n<div class=\"row\">\n<div class=\"col-12\">\n<div class=\"woocommerce-tabs wc-tabs-wrapper\">\n<ul class=\"tabs wc-tabs\" role=\"tablist\">\n<li id=\"tab-title-reviews\" class=\"reviews_tab active\" role=\"tab\" aria-controls=\"tab-reviews\" aria-selected=\"true\"><a href=\"https:\/\/superbricool.shop\/product\/perceuse-a-colone-350w-13mm-avec-etaux-worcraftworcraft-dp03-13\/#tab-reviews\">\u0645\u0631\u0627\u062c\u0639\u0627\u062a (0)<\/a><\/li>\n<\/ul>\n<\/div>\n<\/div>\n<\/div>\n<\/div>\n<\/div>\n<p>&nbsp;<\/p>\n<p>&nbsp;<\/p>\n","protected":false},"excerpt":{"rendered":"<p>DESCRIPTION : Perceuse a colon 350w 13mm avec \u00e9taux WORCRAFT | DP03-13 HKBRICOOL Leader de l\u2019outillage en Alg\u00e9rie vous Propose le produit : Perceuse a colon 350w 13mm avec \u00e9taux WORCRAFT | DP03-13 Utilis\u00e9e principalement dans le domaine de la menuiserie, l\u2019industrie ou bien par les bricoleurs exp\u00e9riment\u00e9s, les perceuse \u00e0 colonne sont parfaitement adapt\u00e9e [&hellip;]<\/p>\n","protected":false},"featured_media":2034,"comment_status":"open","ping_status":"closed","template":"","meta":{"_uag_custom_page_level_css":""},"product_brand":[],"product_cat":[25],"product_tag":[],"class_list":{"0":"post-343","1":"product","2":"type-product","3":"status-publish","4":"has-post-thumbnail","6":"product_cat-worcraft-power-tools","8":"first","9":"instock","10":"sale","11":"shipping-taxable","12":"purchasable","13":"product-type-simple"},"aioseo_notices":[],"uagb_featured_image_src":{"full":["https:\/\/hkbricool.com\/wp-content\/uploads\/2024\/11\/DP03-13.webp",1500,1500,false],"thumbnail":["https:\/\/hkbricool.com\/wp-content\/uploads\/2024\/11\/DP03-13-150x150.webp",150,150,true],"medium":["https:\/\/hkbricool.com\/wp-content\/uploads\/2024\/11\/DP03-13-300x300.webp",300,300,true],"medium_large":["https:\/\/hkbricool.com\/wp-content\/uploads\/2024\/11\/DP03-13-768x768.webp",768,768,true],"large":["https:\/\/hkbricool.com\/wp-content\/uploads\/2024\/11\/DP03-13-1024x1024.webp",960,960,true],"1536x1536":["https:\/\/hkbricool.com\/wp-content\/uploads\/2024\/11\/DP03-13.webp",1500,1500,false],"2048x2048":["https:\/\/hkbricool.com\/wp-content\/uploads\/2024\/11\/DP03-13.webp",1500,1500,false],"post-thumbnail":["https:\/\/hkbricool.com\/wp-content\/uploads\/2024\/11\/DP03-13.webp",540,540,false],"hanout_item":["https:\/\/hkbricool.com\/wp-content\/uploads\/2024\/11\/DP03-13.webp",630,630,false],"hanout_item_media_sm":["https:\/\/hkbricool.com\/wp-content\/uploads\/2024\/11\/DP03-13.webp",90,90,false],"hanout_hero":["https:\/\/hkbricool.com\/wp-content\/uploads\/2024\/11\/DP03-13.webp",300,300,false],"hanout_block_item_lg":["https:\/\/hkbricool.com\/wp-content\/uploads\/2024\/11\/DP03-13.webp",510,510,false],"hanout_block_item_long":["https:\/\/hkbricool.com\/wp-content\/uploads\/2024\/11\/DP03-13.webp",215,215,false],"hanout_block_item_md":["https:\/\/hkbricool.com\/wp-content\/uploads\/2024\/11\/DP03-13.webp",345,345,false],"hanout_block_item_xl":["https:\/\/hkbricool.com\/wp-content\/uploads\/2024\/11\/DP03-13.webp",725,725,false],"hanout_featgal_small_thumb":["https:\/\/hkbricool.com\/wp-content\/uploads\/2024\/11\/DP03-13.webp",100,100,false],"woocommerce_thumbnail":["https:\/\/hkbricool.com\/wp-content\/uploads\/2024\/11\/DP03-13-768x768.webp",630,630,true],"woocommerce_single":["https:\/\/hkbricool.com\/wp-content\/uploads\/2024\/11\/DP03-13-768x768.webp",690,690,true],"woocommerce_gallery_thumbnail":["https:\/\/hkbricool.com\/wp-content\/uploads\/2024\/11\/DP03-13-300x300.webp",160,160,true],"maxslider_slide":["https:\/\/hkbricool.com\/wp-content\/uploads\/2024\/11\/DP03-13.webp",450,450,false]},"uagb_author_info":{"display_name":"khaledsed20@gmail.com","author_link":"https:\/\/hkbricool.com\/%d8%a7%d9%84%d8%b1%d8%a6%d9%8a%d8%b3%d9%8a%d8%a9\/shop\/author\/"},"uagb_comment_info":0,"uagb_excerpt":"DESCRIPTION : Perceuse a colon 350w 13mm avec \u00e9taux WORCRAFT | DP03-13 HKBRICOOL Leader de l\u2019outillage en Alg\u00e9rie vous Propose le produit : Perceuse a colon 350w 13mm avec \u00e9taux WORCRAFT | DP03-13 Utilis\u00e9e principalement dans le domaine de la menuiserie, l\u2019industrie ou bien par les bricoleurs exp\u00e9riment\u00e9s, les perceuse \u00e0 colonne sont parfaitement adapt\u00e9e&hellip;","_links":{"self":[{"href":"https:\/\/hkbricool.com\/%d8%a7%d9%84%d8%b1%d8%a6%d9%8a%d8%b3%d9%8a%d8%a9\/shop\/wp-json\/wp\/v2\/product\/343","targetHints":{"allow":["GET"]}}],"collection":[{"href":"https:\/\/hkbricool.com\/%d8%a7%d9%84%d8%b1%d8%a6%d9%8a%d8%b3%d9%8a%d8%a9\/shop\/wp-json\/wp\/v2\/product"}],"about":[{"href":"https:\/\/hkbricool.com\/%d8%a7%d9%84%d8%b1%d8%a6%d9%8a%d8%b3%d9%8a%d8%a9\/shop\/wp-json\/wp\/v2\/types\/product"}],"replies":[{"embeddable":true,"href":"https:\/\/hkbricool.com\/%d8%a7%d9%84%d8%b1%d8%a6%d9%8a%d8%b3%d9%8a%d8%a9\/shop\/wp-json\/wp\/v2\/comments?post=343"}],"wp:featuredmedia":[{"embeddable":true,"href":"https:\/\/hkbricool.com\/%d8%a7%d9%84%d8%b1%d8%a6%d9%8a%d8%b3%d9%8a%d8%a9\/shop\/wp-json\/wp\/v2\/media\/2034"}],"wp:attachment":[{"href":"https:\/\/hkbricool.com\/%d8%a7%d9%84%d8%b1%d8%a6%d9%8a%d8%b3%d9%8a%d8%a9\/shop\/wp-json\/wp\/v2\/media?parent=343"}],"wp:term":[{"taxonomy":"product_brand","embeddable":true,"href":"https:\/\/hkbricool.com\/%d8%a7%d9%84%d8%b1%d8%a6%d9%8a%d8%b3%d9%8a%d8%a9\/shop\/wp-json\/wp\/v2\/product_brand?post=343"},{"taxonomy":"product_cat","embeddable":true,"href":"https:\/\/hkbricool.com\/%d8%a7%d9%84%d8%b1%d8%a6%d9%8a%d8%b3%d9%8a%d8%a9\/shop\/wp-json\/wp\/v2\/product_cat?post=343"},{"taxonomy":"product_tag","embeddable":true,"href":"https:\/\/hkbricool.com\/%d8%a7%d9%84%d8%b1%d8%a6%d9%8a%d8%b3%d9%8a%d8%a9\/shop\/wp-json\/wp\/v2\/product_tag?post=343"}],"curies":[{"name":"wp","href":"https:\/\/api.w.org\/{rel}","templated":true}]}}