{"id":336,"date":"2024-11-29T17:56:02","date_gmt":"2024-11-29T17:56:02","guid":{"rendered":"http:\/\/hkbricool.com\/product\/white-classic-pant\/"},"modified":"2024-12-15T09:53:15","modified_gmt":"2024-12-15T09:53:15","slug":"worcraft-decoupeur-ponceur-electrique-multifonction-vibrante-mf-300a","status":"publish","type":"product","link":"https:\/\/hkbricool.com\/%d8%a7%d9%84%d8%b1%d8%a6%d9%8a%d8%b3%d9%8a%d8%a9\/shop\/product\/worcraft-decoupeur-ponceur-electrique-multifonction-vibrante-mf-300a\/","title":{"rendered":"WORCRAFT D\u00e9coupeur Ponceur \u00c9lectrique Multifonction vibrante | MF-300A"},"content":{"rendered":"<p><strong>d\u00e9coupeur Ponceur \u00c9lectrique Multifonction 300W WORCRAFT| MF-300A<\/strong><\/p>\n<ul>\n<li><strong>SUPERBRICOOL Leader de l\u2019outillage en Alg\u00e9rie vous Propose le produit:<\/strong><br \/>\n<strong>D\u00e9coupeur Ponceur \u00c9lectrique Multifonction 300W WORCRAFT| MF-300A<\/strong><br \/>\n<strong>Le D\u00e9coupeur Ponceur \u00c9lectrique Multifonction 300W WORCRAFT| MF-300A est \u00e9galement dot\u00e9e d\u2019un manche \u00e9l\u00e9gante et ergonomique qui assure un grand confort d\u2019utilisation et une parfaite ma\u00eetrise de l\u2019outil. Sa forme pratique et son faible poids vous permettent de l\u2019utiliser d\u2019une seule main.<\/strong><\/li>\n<\/ul>\n<p><strong>Fiche technique :\u00a0D\u00e9coupeur Ponceur \u00c9lectrique Multifonction 300W WORCRAFT| MF-300A<\/strong><\/p>\n<ul>\n<li><strong>Tension nominale : 230V~ 50Hz<\/strong><\/li>\n<li><strong>La puissance d\u2019entr\u00e9e 300W<\/strong><\/li>\n<li><strong>Vitesse \u00e0 vide : 11000~21000 tr\/min<\/strong><\/li>\n<li><strong>Lampe de travail : Oui<\/strong><\/li>\n<li><strong>R\u00e9gulateur puissance : Oui<\/strong><\/li>\n<li><strong>Poids : 1.8 kg<\/strong><\/li>\n<\/ul>\n<p><strong>Kit de livraison :\u00a0D\u00e9coupeur Ponceur \u00c9lectrique Multifonction 300W WORCRAFT| MF-300A<\/strong><\/p>\n<ul>\n<li><strong>D\u00e9coupeur Multifonction : 1 pcs<\/strong><\/li>\n<li><strong>Manuel d\u2019instructions : 1 pcs<\/strong><\/li>\n<li><strong>Feuilles abrasives\u00a0 60\/80\/100P : 3pcs<\/strong><\/li>\n<li><strong>Lame de scie : 1 pcs\u00a0<\/strong><\/li>\n<li><strong>Cl\u00e9 hexagonale : 1 pcs<\/strong><\/li>\n<li><strong>Lame de grattoir : 1 pcs<\/strong><\/li>\n<li><strong>Lame de scie semi-circulaire : 1 pcs<\/strong><\/li>\n<\/ul>\n<p><strong>Information sur l\u2019emballage :\u00a0D\u00e9coupeur Ponceur \u00c9lectrique Multifonction 300W WORCRAFT| MF-300A<\/strong><\/p>\n<ul>\n<li><strong>Type d\u2019emballage : Boite en carton\u00a0\u00a0<\/strong><\/li>\n<li><strong>Dimensions de l\u2019emballage : 34 x 9 x 11 cm<\/strong><\/li>\n<\/ul>\n<p><strong>SUPERBRICOOL le premier magasin de vente d\u2019outillage professionnel en Alg\u00e9rie<\/strong><\/p>\n<p>&nbsp;<\/p>\n<p>&nbsp;<\/p>\n","protected":false},"excerpt":{"rendered":"<p>d\u00e9coupeur Ponceur \u00c9lectrique Multifonction 300W WORCRAFT| MF-300A SUPERBRICOOL Leader de l\u2019outillage en Alg\u00e9rie vous Propose le produit: D\u00e9coupeur Ponceur \u00c9lectrique Multifonction 300W WORCRAFT| MF-300A Le D\u00e9coupeur Ponceur \u00c9lectrique Multifonction 300W WORCRAFT| MF-300A est \u00e9galement dot\u00e9e d\u2019un manche \u00e9l\u00e9gante et ergonomique qui assure un grand confort d\u2019utilisation et une parfaite ma\u00eetrise de l\u2019outil. Sa forme pratique [&hellip;]<\/p>\n","protected":false},"featured_media":2028,"comment_status":"open","ping_status":"closed","template":"","meta":{"_uag_custom_page_level_css":""},"product_brand":[],"product_cat":[25],"product_tag":[],"class_list":{"0":"post-336","1":"product","2":"type-product","3":"status-publish","4":"has-post-thumbnail","6":"product_cat-worcraft-power-tools","8":"first","9":"instock","10":"sale","11":"shipping-taxable","12":"purchasable","13":"product-type-simple"},"aioseo_notices":[],"uagb_featured_image_src":{"full":["https:\/\/hkbricool.com\/wp-content\/uploads\/2024\/11\/MF-300A-1-1.webp",600,600,false],"thumbnail":["https:\/\/hkbricool.com\/wp-content\/uploads\/2024\/11\/MF-300A-1-1-150x150.webp",150,150,true],"medium":["https:\/\/hkbricool.com\/wp-content\/uploads\/2024\/11\/MF-300A-1-1-300x300.webp",300,300,true],"medium_large":["https:\/\/hkbricool.com\/wp-content\/uploads\/2024\/11\/MF-300A-1-1.webp",600,600,false],"large":["https:\/\/hkbricool.com\/wp-content\/uploads\/2024\/11\/MF-300A-1-1.webp",600,600,false],"1536x1536":["https:\/\/hkbricool.com\/wp-content\/uploads\/2024\/11\/MF-300A-1-1.webp",600,600,false],"2048x2048":["https:\/\/hkbricool.com\/wp-content\/uploads\/2024\/11\/MF-300A-1-1.webp",600,600,false],"post-thumbnail":["https:\/\/hkbricool.com\/wp-content\/uploads\/2024\/11\/MF-300A-1-1.webp",540,540,false],"hanout_item":["https:\/\/hkbricool.com\/wp-content\/uploads\/2024\/11\/MF-300A-1-1.webp",600,600,false],"hanout_item_media_sm":["https:\/\/hkbricool.com\/wp-content\/uploads\/2024\/11\/MF-300A-1-1.webp",90,90,false],"hanout_hero":["https:\/\/hkbricool.com\/wp-content\/uploads\/2024\/11\/MF-300A-1-1.webp",300,300,false],"hanout_block_item_lg":["https:\/\/hkbricool.com\/wp-content\/uploads\/2024\/11\/MF-300A-1-1.webp",510,510,false],"hanout_block_item_long":["https:\/\/hkbricool.com\/wp-content\/uploads\/2024\/11\/MF-300A-1-1.webp",215,215,false],"hanout_block_item_md":["https:\/\/hkbricool.com\/wp-content\/uploads\/2024\/11\/MF-300A-1-1.webp",345,345,false],"hanout_block_item_xl":["https:\/\/hkbricool.com\/wp-content\/uploads\/2024\/11\/MF-300A-1-1.webp",600,600,false],"hanout_featgal_small_thumb":["https:\/\/hkbricool.com\/wp-content\/uploads\/2024\/11\/MF-300A-1-1.webp",100,100,false],"woocommerce_thumbnail":["https:\/\/hkbricool.com\/wp-content\/uploads\/2024\/11\/MF-300A-1-1.webp",600,600,false],"woocommerce_single":["https:\/\/hkbricool.com\/wp-content\/uploads\/2024\/11\/MF-300A-1-1.webp",600,600,false],"woocommerce_gallery_thumbnail":["https:\/\/hkbricool.com\/wp-content\/uploads\/2024\/11\/MF-300A-1-1-300x300.webp",160,160,true],"maxslider_slide":["https:\/\/hkbricool.com\/wp-content\/uploads\/2024\/11\/MF-300A-1-1.webp",450,450,false]},"uagb_author_info":{"display_name":"khaledsed20@gmail.com","author_link":"https:\/\/hkbricool.com\/%d8%a7%d9%84%d8%b1%d8%a6%d9%8a%d8%b3%d9%8a%d8%a9\/shop\/author\/"},"uagb_comment_info":0,"uagb_excerpt":"d\u00e9coupeur Ponceur \u00c9lectrique Multifonction 300W WORCRAFT| MF-300A SUPERBRICOOL Leader de l\u2019outillage en Alg\u00e9rie vous Propose le produit: D\u00e9coupeur Ponceur \u00c9lectrique Multifonction 300W WORCRAFT| MF-300A Le D\u00e9coupeur Ponceur \u00c9lectrique Multifonction 300W WORCRAFT| MF-300A est \u00e9galement dot\u00e9e d\u2019un manche \u00e9l\u00e9gante et ergonomique qui assure un grand confort d\u2019utilisation et une parfaite ma\u00eetrise de l\u2019outil. Sa forme pratique&hellip;","_links":{"self":[{"href":"https:\/\/hkbricool.com\/%d8%a7%d9%84%d8%b1%d8%a6%d9%8a%d8%b3%d9%8a%d8%a9\/shop\/wp-json\/wp\/v2\/product\/336","targetHints":{"allow":["GET"]}}],"collection":[{"href":"https:\/\/hkbricool.com\/%d8%a7%d9%84%d8%b1%d8%a6%d9%8a%d8%b3%d9%8a%d8%a9\/shop\/wp-json\/wp\/v2\/product"}],"about":[{"href":"https:\/\/hkbricool.com\/%d8%a7%d9%84%d8%b1%d8%a6%d9%8a%d8%b3%d9%8a%d8%a9\/shop\/wp-json\/wp\/v2\/types\/product"}],"replies":[{"embeddable":true,"href":"https:\/\/hkbricool.com\/%d8%a7%d9%84%d8%b1%d8%a6%d9%8a%d8%b3%d9%8a%d8%a9\/shop\/wp-json\/wp\/v2\/comments?post=336"}],"wp:featuredmedia":[{"embeddable":true,"href":"https:\/\/hkbricool.com\/%d8%a7%d9%84%d8%b1%d8%a6%d9%8a%d8%b3%d9%8a%d8%a9\/shop\/wp-json\/wp\/v2\/media\/2028"}],"wp:attachment":[{"href":"https:\/\/hkbricool.com\/%d8%a7%d9%84%d8%b1%d8%a6%d9%8a%d8%b3%d9%8a%d8%a9\/shop\/wp-json\/wp\/v2\/media?parent=336"}],"wp:term":[{"taxonomy":"product_brand","embeddable":true,"href":"https:\/\/hkbricool.com\/%d8%a7%d9%84%d8%b1%d8%a6%d9%8a%d8%b3%d9%8a%d8%a9\/shop\/wp-json\/wp\/v2\/product_brand?post=336"},{"taxonomy":"product_cat","embeddable":true,"href":"https:\/\/hkbricool.com\/%d8%a7%d9%84%d8%b1%d8%a6%d9%8a%d8%b3%d9%8a%d8%a9\/shop\/wp-json\/wp\/v2\/product_cat?post=336"},{"taxonomy":"product_tag","embeddable":true,"href":"https:\/\/hkbricool.com\/%d8%a7%d9%84%d8%b1%d8%a6%d9%8a%d8%b3%d9%8a%d8%a9\/shop\/wp-json\/wp\/v2\/product_tag?post=336"}],"curies":[{"name":"wp","href":"https:\/\/api.w.org\/{rel}","templated":true}]}}