{"id":334,"date":"2024-11-29T17:56:02","date_gmt":"2024-11-29T17:56:02","guid":{"rendered":"http:\/\/hkbricool.com\/product\/chloe-tortoise-eyewear\/"},"modified":"2024-12-15T09:56:46","modified_gmt":"2024-12-15T09:56:46","slug":"worcraft-tronconneuse-ag08_115p-850-w","status":"publish","type":"product","link":"https:\/\/hkbricool.com\/%d8%a7%d9%84%d8%b1%d8%a6%d9%8a%d8%b3%d9%8a%d8%a9\/shop\/product\/worcraft-tronconneuse-ag08_115p-850-w\/","title":{"rendered":"WORCRAFT TRONCONNEUSE AG08_115P 850 W"},"content":{"rendered":"<pre class=\"tw-data-text tw-text-large tw-ta\" dir=\"ltr\" data-placeholder=\"Traduction\" data-ved=\"2ahUKEwjJ4NilgveJAxWPTaQEHfdxHSgQ3ewLegQIDhAU\" aria-label=\"Texte traduit\u00a0: Cette meuleuse d'angle WORCRAFT de 115 mm vous offre la flexibilit\u00e9 n\u00e9cessaire pour r\u00e9aliser une vari\u00e9t\u00e9 d'applications, notamment l'\u00e9limination de la rouille, le meulage et la coupe du m\u00e9tal. Le verrouillage de l'axe permet un changement de disque rapide et facile, tandis que l'option de positions gauche\/droite de la poign\u00e9e vous offre plus de polyvalence, de confort et de contr\u00f4le, quelle que soit la t\u00e2che sur laquelle vous travaillez. La s\u00e9curit\u00e9 de l'utilisateur est renforc\u00e9e par un interrupteur de verrouillage qui emp\u00eache tout d\u00e9marrage involontaire. L'utilisation d'enroulements r\u00e9sistants aux hautes temp\u00e9ratures de 200 \u2103 et d'un vernis isolant sur le moteur garantit une utilisation abusive de longue dur\u00e9e. Engrenages en acier 20CrMo pour une dur\u00e9e de vie extr\u00eamement longue. Le corps du moteur mince et long assure non seulement une manipulation confortable, mais \u00e9galement une puissance \u00e9lev\u00e9e. INCLURE: Poign\u00e9e lat\u00e9rale 1 paire de balais de charbon Manuel d'instructions\"><strong><span class=\"Y2IQFc\" lang=\"fr\">Cette meuleuse d'angle WORCRAFT de 115 mm vous offre la flexibilit\u00e9\r\n n\u00e9cessaire  pour r\u00e9aliser une vari\u00e9t\u00e9 d'applications, notamment\r\n l'\u00e9limination de la rouille, le meulage et la coupe du m\u00e9tal.\r\nLe verrouillage de l'axe permet un changement de disque rapide et facile,\r\n tandis que l'option de positions gauche\/droite de la poign\u00e9e vous offre \r\nplus de polyvalence, de confort et de contr\u00f4le, quelle que soit la t\u00e2che \r\nsur laquelle vous travaillez.\r\nLa s\u00e9curit\u00e9 de l'utilisateur est renforc\u00e9e par un interrupteu\r\nr de verrouillage qui emp\u00eache tout d\u00e9marrage involontaire.\r\nL'utilisation d'enroulements r\u00e9sistants aux hautes temp\u00e9ratures de 200 \u2103\r\n et d'un vernis isolant sur le moteur garantit une utilisation abusive\r\n de longue dur\u00e9e.\r\nEngrenages en acier 20CrMo pour une dur\u00e9e de vie extr\u00eamement longue.\r\nLe corps du moteur mince et long assure non seulement une manipulation\r\n confortable, mais \u00e9galement une puissance \u00e9lev\u00e9e.\r\n\r\nINCLURE:\r\nPoign\u00e9e lat\u00e9rale\r\n1 paire de balais de charbon\r\nManuel d'instructions\r\n<\/span><\/strong><\/pre>\n<h4 data-sourcepos=\"7:1-7:22\"><strong>Caract\u00e9ristiques :<\/strong><\/h4>\n<ul data-sourcepos=\"9:1-18:0\">\n<li data-sourcepos=\"9:1-9:18\"><strong>Puissance : 850W<\/strong><\/li>\n<li data-sourcepos=\"10:1-10:29\"><strong>Diam\u00e8tre du disque : 115 mm<\/strong><\/li>\n<li data-sourcepos=\"11:1-11:32\"><strong>Vitesse \u00e0 vide : 11 000 tr\/min<\/strong><\/li>\n<li data-sourcepos=\"12:1-12:22\"><strong>Variateur de vitesse<\/strong><\/li>\n<li data-sourcepos=\"13:1-13:21\"><strong>Poign\u00e9e ergonomique<\/strong><\/li>\n<li data-sourcepos=\"14:1-14:18\"><strong>Poign\u00e9e lat\u00e9rale<\/strong><\/li>\n<li data-sourcepos=\"15:1-15:30\"><strong>Carter de protection robuste<\/strong><\/li>\n<li data-sourcepos=\"16:1-16:15\"><strong>Cl\u00e9 de broche.<\/strong><\/li>\n<\/ul>\n<div class=\"container\">\n<div class=\"row justify-content-center\">\n<div class=\"col-12\">\n<div id=\"product-359\" class=\"product type-product post-359 status-publish first instock product_cat-worcraft has-post-thumbnail sale shipping-taxable purchasable product-type-simple\">\n<div class=\"row\">\n<div class=\"col-lg-7 col-12 product-desc\">\n<div class=\"theiaStickySidebar\">\n<div class=\"entry-product-description\">\n<pre id=\"tw-target-text\" class=\"tw-data-text tw-text-large tw-ta\" dir=\"ltr\" data-placeholder=\"Traduction\" data-ved=\"2ahUKEwjJ4NilgveJAxWPTaQEHfdxHSgQ3ewLegQIDhAU\" aria-label=\"Texte traduit\u00a0: Cette meuleuse d'angle WORCRAFT de 115 mm vous offre la flexibilit\u00e9 n\u00e9cessaire pour r\u00e9aliser une vari\u00e9t\u00e9 d'applications, notamment l'\u00e9limination de la rouille, le meulage et la coupe du m\u00e9tal. Le verrouillage de l'axe permet un changement de disque rapide et facile, tandis que l'option de positions gauche\/droite de la poign\u00e9e vous offre plus de polyvalence, de confort et de contr\u00f4le, quelle que soit la t\u00e2che sur laquelle vous travaillez. La s\u00e9curit\u00e9 de l'utilisateur est renforc\u00e9e par un interrupteur de verrouillage qui emp\u00eache tout d\u00e9marrage involontaire. L'utilisation d'enroulements r\u00e9sistants aux hautes temp\u00e9ratures de 200 \u2103 et d'un vernis isolant sur le moteur garantit une utilisation abusive de longue dur\u00e9e. Engrenages en acier 20CrMo pour une dur\u00e9e de vie extr\u00eamement longue. Le corps du moteur mince et long assure non seulement une manipulation confortable, mais \u00e9galement une puissance \u00e9lev\u00e9e. INCLURE: Poign\u00e9e lat\u00e9rale 1 paire de balais de charbon Manuel d'instructions\"><strong>HKBRICOOL le premier magasin de vente d\u2019outillage professionnel en Algerie<\/strong><\/pre>\n<\/div>\n<\/div>\n<\/div>\n<\/div>\n<\/div>\n<\/div>\n<\/div>\n<\/div>\n<div class=\"woocommerce-tabs-container\">\n<div class=\"container\">\n<div class=\"row\">\n<div class=\"col-12\">\n<div class=\"woocommerce-tabs wc-tabs-wrapper\"><\/div>\n<\/div>\n<\/div>\n<\/div>\n<\/div>\n","protected":false},"excerpt":{"rendered":"<p>Cette meuleuse d&#8217;angle WORCRAFT de 115 mm vous offre la flexibilit\u00e9 n\u00e9cessaire pour r\u00e9aliser une vari\u00e9t\u00e9 d&#8217;applications, notamment l&#8217;\u00e9limination de la rouille, le meulage et la coupe du m\u00e9tal. Le verrouillage de l&#8217;axe permet un changement de disque rapide et facile, tandis que l&#8217;option de positions gauche\/droite de la poign\u00e9e vous offre plus de polyvalence, [&hellip;]<\/p>\n","protected":false},"featured_media":2025,"comment_status":"open","ping_status":"closed","template":"","meta":{"_uag_custom_page_level_css":""},"product_brand":[],"product_cat":[25],"product_tag":[],"class_list":{"0":"post-334","1":"product","2":"type-product","3":"status-publish","4":"has-post-thumbnail","6":"product_cat-worcraft-power-tools","8":"first","9":"instock","10":"sale","11":"shipping-taxable","12":"purchasable","13":"product-type-simple"},"aioseo_notices":[],"uagb_featured_image_src":{"full":["https:\/\/hkbricool.com\/wp-content\/uploads\/2024\/11\/AG08-115-125-1.webp",600,600,false],"thumbnail":["https:\/\/hkbricool.com\/wp-content\/uploads\/2024\/11\/AG08-115-125-1-150x150.webp",150,150,true],"medium":["https:\/\/hkbricool.com\/wp-content\/uploads\/2024\/11\/AG08-115-125-1-300x300.webp",300,300,true],"medium_large":["https:\/\/hkbricool.com\/wp-content\/uploads\/2024\/11\/AG08-115-125-1.webp",600,600,false],"large":["https:\/\/hkbricool.com\/wp-content\/uploads\/2024\/11\/AG08-115-125-1.webp",600,600,false],"1536x1536":["https:\/\/hkbricool.com\/wp-content\/uploads\/2024\/11\/AG08-115-125-1.webp",600,600,false],"2048x2048":["https:\/\/hkbricool.com\/wp-content\/uploads\/2024\/11\/AG08-115-125-1.webp",600,600,false],"post-thumbnail":["https:\/\/hkbricool.com\/wp-content\/uploads\/2024\/11\/AG08-115-125-1.webp",540,540,false],"hanout_item":["https:\/\/hkbricool.com\/wp-content\/uploads\/2024\/11\/AG08-115-125-1.webp",600,600,false],"hanout_item_media_sm":["https:\/\/hkbricool.com\/wp-content\/uploads\/2024\/11\/AG08-115-125-1.webp",90,90,false],"hanout_hero":["https:\/\/hkbricool.com\/wp-content\/uploads\/2024\/11\/AG08-115-125-1.webp",300,300,false],"hanout_block_item_lg":["https:\/\/hkbricool.com\/wp-content\/uploads\/2024\/11\/AG08-115-125-1.webp",510,510,false],"hanout_block_item_long":["https:\/\/hkbricool.com\/wp-content\/uploads\/2024\/11\/AG08-115-125-1.webp",215,215,false],"hanout_block_item_md":["https:\/\/hkbricool.com\/wp-content\/uploads\/2024\/11\/AG08-115-125-1.webp",345,345,false],"hanout_block_item_xl":["https:\/\/hkbricool.com\/wp-content\/uploads\/2024\/11\/AG08-115-125-1.webp",600,600,false],"hanout_featgal_small_thumb":["https:\/\/hkbricool.com\/wp-content\/uploads\/2024\/11\/AG08-115-125-1.webp",100,100,false],"woocommerce_thumbnail":["https:\/\/hkbricool.com\/wp-content\/uploads\/2024\/11\/AG08-115-125-1.webp",600,600,false],"woocommerce_single":["https:\/\/hkbricool.com\/wp-content\/uploads\/2024\/11\/AG08-115-125-1.webp",600,600,false],"woocommerce_gallery_thumbnail":["https:\/\/hkbricool.com\/wp-content\/uploads\/2024\/11\/AG08-115-125-1-300x300.webp",160,160,true],"maxslider_slide":["https:\/\/hkbricool.com\/wp-content\/uploads\/2024\/11\/AG08-115-125-1.webp",450,450,false]},"uagb_author_info":{"display_name":"khaledsed20@gmail.com","author_link":"https:\/\/hkbricool.com\/%d8%a7%d9%84%d8%b1%d8%a6%d9%8a%d8%b3%d9%8a%d8%a9\/shop\/author\/"},"uagb_comment_info":0,"uagb_excerpt":"Cette meuleuse d'angle WORCRAFT de 115 mm vous offre la flexibilit\u00e9 n\u00e9cessaire pour r\u00e9aliser une vari\u00e9t\u00e9 d'applications, notamment l'\u00e9limination de la rouille, le meulage et la coupe du m\u00e9tal. Le verrouillage de l'axe permet un changement de disque rapide et facile, tandis que l'option de positions gauche\/droite de la poign\u00e9e vous offre plus de polyvalence,&hellip;","_links":{"self":[{"href":"https:\/\/hkbricool.com\/%d8%a7%d9%84%d8%b1%d8%a6%d9%8a%d8%b3%d9%8a%d8%a9\/shop\/wp-json\/wp\/v2\/product\/334","targetHints":{"allow":["GET"]}}],"collection":[{"href":"https:\/\/hkbricool.com\/%d8%a7%d9%84%d8%b1%d8%a6%d9%8a%d8%b3%d9%8a%d8%a9\/shop\/wp-json\/wp\/v2\/product"}],"about":[{"href":"https:\/\/hkbricool.com\/%d8%a7%d9%84%d8%b1%d8%a6%d9%8a%d8%b3%d9%8a%d8%a9\/shop\/wp-json\/wp\/v2\/types\/product"}],"replies":[{"embeddable":true,"href":"https:\/\/hkbricool.com\/%d8%a7%d9%84%d8%b1%d8%a6%d9%8a%d8%b3%d9%8a%d8%a9\/shop\/wp-json\/wp\/v2\/comments?post=334"}],"wp:featuredmedia":[{"embeddable":true,"href":"https:\/\/hkbricool.com\/%d8%a7%d9%84%d8%b1%d8%a6%d9%8a%d8%b3%d9%8a%d8%a9\/shop\/wp-json\/wp\/v2\/media\/2025"}],"wp:attachment":[{"href":"https:\/\/hkbricool.com\/%d8%a7%d9%84%d8%b1%d8%a6%d9%8a%d8%b3%d9%8a%d8%a9\/shop\/wp-json\/wp\/v2\/media?parent=334"}],"wp:term":[{"taxonomy":"product_brand","embeddable":true,"href":"https:\/\/hkbricool.com\/%d8%a7%d9%84%d8%b1%d8%a6%d9%8a%d8%b3%d9%8a%d8%a9\/shop\/wp-json\/wp\/v2\/product_brand?post=334"},{"taxonomy":"product_cat","embeddable":true,"href":"https:\/\/hkbricool.com\/%d8%a7%d9%84%d8%b1%d8%a6%d9%8a%d8%b3%d9%8a%d8%a9\/shop\/wp-json\/wp\/v2\/product_cat?post=334"},{"taxonomy":"product_tag","embeddable":true,"href":"https:\/\/hkbricool.com\/%d8%a7%d9%84%d8%b1%d8%a6%d9%8a%d8%b3%d9%8a%d8%a9\/shop\/wp-json\/wp\/v2\/product_tag?post=334"}],"curies":[{"name":"wp","href":"https:\/\/api.w.org\/{rel}","templated":true}]}}