{"id":2519,"date":"2025-04-25T15:04:27","date_gmt":"2025-04-25T15:04:27","guid":{"rendered":"https:\/\/hkbricool.com\/%d8%a7%d9%84%d8%b1%d8%a6%d9%8a%d8%b3%d9%8a%d8%a9\/shop\/?post_type=product&#038;p=2519"},"modified":"2025-05-21T14:04:29","modified_gmt":"2025-05-21T14:04:29","slug":"%d9%85%d9%81%d8%aa%d8%a7%d8%ad-%d8%a7%d9%84%d8%b1%d8%a8%d8%b7-%d8%a7%d9%84%d8%b3%d8%ad%d8%b1%d9%8a-8-%d9%81%d9%8a-1-flume-magic-8-in-1","status":"publish","type":"product","link":"https:\/\/hkbricool.com\/%d8%a7%d9%84%d8%b1%d8%a6%d9%8a%d8%b3%d9%8a%d8%a9\/shop\/product\/%d9%85%d9%81%d8%aa%d8%a7%d8%ad-%d8%a7%d9%84%d8%b1%d8%a8%d8%b7-%d8%a7%d9%84%d8%b3%d8%ad%d8%b1%d9%8a-8-%d9%81%d9%8a-1-flume-magic-8-in-1\/","title":{"rendered":"\u0645\u0641\u062a\u0627\u062d \u0627\u0644\u0631\u0628\u0637 \u0627\u0644\u0633\u062d\u0631\u064a 8 \u0641\u064a 1 (flume-magic-8-in-1 )"},"content":{"rendered":"<div class=\"title--wrap--UUHae_g\">\n<h3 data-pl=\"product-title\" data-tticheck=\"true\"><strong>Cl\u00e9 \u00e0 douille antid\u00e9rapante 8 en 1,<\/strong><\/h3>\n<h3 data-pl=\"product-title\" data-tticheck=\"true\"><strong> dissolvant d&#8217;\u00e9crou pour la r\u00e9paration d&#8217;\u00e9vier,<\/strong><\/h3>\n<h3 data-pl=\"product-title\" data-tticheck=\"true\"><strong> Assemblage de robinet de salle de bains,<\/strong><\/h3>\n<h3 data-pl=\"product-title\" data-tticheck=\"true\"><strong> Installation de plomberie, outil manuel<\/strong><\/h3>\n<h4 id=\"tw-target-text\" class=\"tw-data-text tw-text-large tw-ta\" dir=\"rtl\" data-placeholder=\"Traduction\" data-ved=\"2ahUKEwiZ0uf8ufOMAxV-lP0HHZzkB54Q3ewLegQIAhAV\" aria-label=\"Texte traduit\u00a0: \u0645\u0641\u062a\u0627\u062d \u0625\u0635\u0644\u0627\u062d \u0627\u0644\u062d\u0648\u0636 \u0627\u0644\u0645\u0648\u0627\u062f: ABS\u060c \u0641\u0648\u0644\u0627\u0630 \u0643\u0631\u0628\u0648\u0646\u064a\u060c \u062e\u0641\u064a\u0641 \u0627\u0644\u0648\u0632\u0646 \u0627\u0644\u0644\u0648\u0646: \u0623\u062d\u0645\u0631 1. \u0623\u063a\u0637\u064a\u0629 \u0645\u0642\u0627\u0648\u0645\u0629 \u0644\u0644\u0627\u0646\u0632\u0644\u0627\u0642 \u0648\u0645\u062a\u064a\u0646\u0629 \u0648\u0633\u0647\u0644\u0629 \u0627\u0644\u0627\u0631\u062a\u062f\u0627\u0621. 2. \u0623\u062f\u0627\u0629 \u0635\u062d\u064a\u0629 \u0639\u0627\u0644\u0645\u064a\u0629\u060c \u0645\u0635\u0645\u0645\u0629 \u0628\u0646\u0633\u0628\u0629 99%. \u0645\u062b\u0627\u0644\u064a\u0629 \u0644\u0625\u0635\u0644\u0627\u062d \u0648\u062a\u0631\u0643\u064a\u0628 \u0627\u0644\u063a\u0644\u0627\u064a\u0627\u062a.\"><span class=\"Y2IQFc\" lang=\"ar\">\u0645\u0641\u062a\u0627\u062d \u0625\u0635\u0644\u0627\u062d \u0627\u0644\u062d\u0648\u0636\u00a0<\/span><\/h4>\n<h4 class=\"tw-data-text tw-text-large tw-ta\" dir=\"rtl\" data-placeholder=\"Traduction\" data-ved=\"2ahUKEwiZ0uf8ufOMAxV-lP0HHZzkB54Q3ewLegQIAhAV\" aria-label=\"Texte traduit\u00a0: \u0645\u0641\u062a\u0627\u062d \u0625\u0635\u0644\u0627\u062d \u0627\u0644\u062d\u0648\u0636 \u0627\u0644\u0645\u0648\u0627\u062f: ABS\u060c \u0641\u0648\u0644\u0627\u0630 \u0643\u0631\u0628\u0648\u0646\u064a\u060c \u062e\u0641\u064a\u0641 \u0627\u0644\u0648\u0632\u0646 \u0627\u0644\u0644\u0648\u0646: \u0623\u062d\u0645\u0631 1. \u0623\u063a\u0637\u064a\u0629 \u0645\u0642\u0627\u0648\u0645\u0629 \u0644\u0644\u0627\u0646\u0632\u0644\u0627\u0642 \u0648\u0645\u062a\u064a\u0646\u0629 \u0648\u0633\u0647\u0644\u0629 \u0627\u0644\u0627\u0631\u062a\u062f\u0627\u0621. 2. \u0623\u062f\u0627\u0629 \u0635\u062d\u064a\u0629 \u0639\u0627\u0644\u0645\u064a\u0629\u060c \u0645\u0635\u0645\u0645\u0629 \u0628\u0646\u0633\u0628\u0629 99%. \u0645\u062b\u0627\u0644\u064a\u0629 \u0644\u0625\u0635\u0644\u0627\u062d \u0648\u062a\u0631\u0643\u064a\u0628 \u0627\u0644\u063a\u0644\u0627\u064a\u0627\u062a.\"><span class=\"Y2IQFc\" lang=\"ar\"> \u0627\u0644\u0645\u0648\u0627\u062f: ABS\u060c \u0641\u0648\u0644\u0627\u0630 \u0643\u0631\u0628\u0648\u0646\u064a\u060c <\/span><\/h4>\n<h4 class=\"tw-data-text tw-text-large tw-ta\" dir=\"rtl\" data-placeholder=\"Traduction\" data-ved=\"2ahUKEwiZ0uf8ufOMAxV-lP0HHZzkB54Q3ewLegQIAhAV\" aria-label=\"Texte traduit\u00a0: \u0645\u0641\u062a\u0627\u062d \u0625\u0635\u0644\u0627\u062d \u0627\u0644\u062d\u0648\u0636 \u0627\u0644\u0645\u0648\u0627\u062f: ABS\u060c \u0641\u0648\u0644\u0627\u0630 \u0643\u0631\u0628\u0648\u0646\u064a\u060c \u062e\u0641\u064a\u0641 \u0627\u0644\u0648\u0632\u0646 \u0627\u0644\u0644\u0648\u0646: \u0623\u062d\u0645\u0631 1. \u0623\u063a\u0637\u064a\u0629 \u0645\u0642\u0627\u0648\u0645\u0629 \u0644\u0644\u0627\u0646\u0632\u0644\u0627\u0642 \u0648\u0645\u062a\u064a\u0646\u0629 \u0648\u0633\u0647\u0644\u0629 \u0627\u0644\u0627\u0631\u062a\u062f\u0627\u0621. 2. \u0623\u062f\u0627\u0629 \u0635\u062d\u064a\u0629 \u0639\u0627\u0644\u0645\u064a\u0629\u060c \u0645\u0635\u0645\u0645\u0629 \u0628\u0646\u0633\u0628\u0629 99%. \u0645\u062b\u0627\u0644\u064a\u0629 \u0644\u0625\u0635\u0644\u0627\u062d \u0648\u062a\u0631\u0643\u064a\u0628 \u0627\u0644\u063a\u0644\u0627\u064a\u0627\u062a.\"><span class=\"Y2IQFc\" lang=\"ar\">\u062e\u0641\u064a\u0641 \u0627\u0644\u0648\u0632\u0646 <\/span><\/h4>\n<h4 class=\"tw-data-text tw-text-large tw-ta\" dir=\"rtl\" data-placeholder=\"Traduction\" data-ved=\"2ahUKEwiZ0uf8ufOMAxV-lP0HHZzkB54Q3ewLegQIAhAV\" aria-label=\"Texte traduit\u00a0: \u0645\u0641\u062a\u0627\u062d \u0625\u0635\u0644\u0627\u062d \u0627\u0644\u062d\u0648\u0636 \u0627\u0644\u0645\u0648\u0627\u062f: ABS\u060c \u0641\u0648\u0644\u0627\u0630 \u0643\u0631\u0628\u0648\u0646\u064a\u060c \u062e\u0641\u064a\u0641 \u0627\u0644\u0648\u0632\u0646 \u0627\u0644\u0644\u0648\u0646: \u0623\u062d\u0645\u0631 1. \u0623\u063a\u0637\u064a\u0629 \u0645\u0642\u0627\u0648\u0645\u0629 \u0644\u0644\u0627\u0646\u0632\u0644\u0627\u0642 \u0648\u0645\u062a\u064a\u0646\u0629 \u0648\u0633\u0647\u0644\u0629 \u0627\u0644\u0627\u0631\u062a\u062f\u0627\u0621. 2. \u0623\u062f\u0627\u0629 \u0635\u062d\u064a\u0629 \u0639\u0627\u0644\u0645\u064a\u0629\u060c \u0645\u0635\u0645\u0645\u0629 \u0628\u0646\u0633\u0628\u0629 99%. \u0645\u062b\u0627\u0644\u064a\u0629 \u0644\u0625\u0635\u0644\u0627\u062d \u0648\u062a\u0631\u0643\u064a\u0628 \u0627\u0644\u063a\u0644\u0627\u064a\u0627\u062a.\"><span class=\"Y2IQFc\" lang=\"ar\">\u0627\u0644\u0644\u0648\u0646: \u0623\u062d\u0645\u0631 1<\/span><span class=\"Y2IQFc\" lang=\"ar\">. <\/span><\/h4>\n<h4 class=\"tw-data-text tw-text-large tw-ta\" dir=\"rtl\" data-placeholder=\"Traduction\" data-ved=\"2ahUKEwiZ0uf8ufOMAxV-lP0HHZzkB54Q3ewLegQIAhAV\" aria-label=\"Texte traduit\u00a0: \u0645\u0641\u062a\u0627\u062d \u0625\u0635\u0644\u0627\u062d \u0627\u0644\u062d\u0648\u0636 \u0627\u0644\u0645\u0648\u0627\u062f: ABS\u060c \u0641\u0648\u0644\u0627\u0630 \u0643\u0631\u0628\u0648\u0646\u064a\u060c \u062e\u0641\u064a\u0641 \u0627\u0644\u0648\u0632\u0646 \u0627\u0644\u0644\u0648\u0646: \u0623\u062d\u0645\u0631 1. \u0623\u063a\u0637\u064a\u0629 \u0645\u0642\u0627\u0648\u0645\u0629 \u0644\u0644\u0627\u0646\u0632\u0644\u0627\u0642 \u0648\u0645\u062a\u064a\u0646\u0629 \u0648\u0633\u0647\u0644\u0629 \u0627\u0644\u0627\u0631\u062a\u062f\u0627\u0621. 2. \u0623\u062f\u0627\u0629 \u0635\u062d\u064a\u0629 \u0639\u0627\u0644\u0645\u064a\u0629\u060c \u0645\u0635\u0645\u0645\u0629 \u0628\u0646\u0633\u0628\u0629 99%. \u0645\u062b\u0627\u0644\u064a\u0629 \u0644\u0625\u0635\u0644\u0627\u062d \u0648\u062a\u0631\u0643\u064a\u0628 \u0627\u0644\u063a\u0644\u0627\u064a\u0627\u062a.\"><span class=\"Y2IQFc\" lang=\"ar\">\u0623\u063a\u0637\u064a\u0629 \u0645\u0642\u0627\u0648\u0645\u0629 \u0644\u0644\u0627\u0646\u0632\u0644\u0627\u0642 \u0648\u0645\u062a\u064a\u0646\u0629 \u0648\u0633\u0647\u0644\u0629 \u0627\u0644\u0627\u0631\u062a\u062f\u0627\u0621.<\/span><\/h4>\n<h4 class=\"tw-data-text tw-text-large tw-ta\" dir=\"rtl\" data-placeholder=\"Traduction\" data-ved=\"2ahUKEwiZ0uf8ufOMAxV-lP0HHZzkB54Q3ewLegQIAhAV\" aria-label=\"Texte traduit\u00a0: \u0645\u0641\u062a\u0627\u062d \u0625\u0635\u0644\u0627\u062d \u0627\u0644\u062d\u0648\u0636 \u0627\u0644\u0645\u0648\u0627\u062f: ABS\u060c \u0641\u0648\u0644\u0627\u0630 \u0643\u0631\u0628\u0648\u0646\u064a\u060c \u062e\u0641\u064a\u0641 \u0627\u0644\u0648\u0632\u0646 \u0627\u0644\u0644\u0648\u0646: \u0623\u062d\u0645\u0631 1. \u0623\u063a\u0637\u064a\u0629 \u0645\u0642\u0627\u0648\u0645\u0629 \u0644\u0644\u0627\u0646\u0632\u0644\u0627\u0642 \u0648\u0645\u062a\u064a\u0646\u0629 \u0648\u0633\u0647\u0644\u0629 \u0627\u0644\u0627\u0631\u062a\u062f\u0627\u0621. 2. \u0623\u062f\u0627\u0629 \u0635\u062d\u064a\u0629 \u0639\u0627\u0644\u0645\u064a\u0629\u060c \u0645\u0635\u0645\u0645\u0629 \u0628\u0646\u0633\u0628\u0629 99%. \u0645\u062b\u0627\u0644\u064a\u0629 \u0644\u0625\u0635\u0644\u0627\u062d \u0648\u062a\u0631\u0643\u064a\u0628 \u0627\u0644\u063a\u0644\u0627\u064a\u0627\u062a.\"><span class=\"Y2IQFc\" lang=\"ar\">2. \u0623\u062f\u0627\u0629 \u0635\u062d\u064a\u0629 \u0639\u0627\u0644\u0645\u064a\u0629\u060c \u0645\u0635\u0645\u0645\u0629 \u0628\u0646\u0633\u0628\u0629 99%. <\/span><\/h4>\n<h4 class=\"tw-data-text tw-text-large tw-ta\" dir=\"rtl\" data-placeholder=\"Traduction\" data-ved=\"2ahUKEwiZ0uf8ufOMAxV-lP0HHZzkB54Q3ewLegQIAhAV\" aria-label=\"Texte traduit\u00a0: \u0645\u0641\u062a\u0627\u062d \u0625\u0635\u0644\u0627\u062d \u0627\u0644\u062d\u0648\u0636 \u0627\u0644\u0645\u0648\u0627\u062f: ABS\u060c \u0641\u0648\u0644\u0627\u0630 \u0643\u0631\u0628\u0648\u0646\u064a\u060c \u062e\u0641\u064a\u0641 \u0627\u0644\u0648\u0632\u0646 \u0627\u0644\u0644\u0648\u0646: \u0623\u062d\u0645\u0631 1. \u0623\u063a\u0637\u064a\u0629 \u0645\u0642\u0627\u0648\u0645\u0629 \u0644\u0644\u0627\u0646\u0632\u0644\u0627\u0642 \u0648\u0645\u062a\u064a\u0646\u0629 \u0648\u0633\u0647\u0644\u0629 \u0627\u0644\u0627\u0631\u062a\u062f\u0627\u0621. 2. \u0623\u062f\u0627\u0629 \u0635\u062d\u064a\u0629 \u0639\u0627\u0644\u0645\u064a\u0629\u060c \u0645\u0635\u0645\u0645\u0629 \u0628\u0646\u0633\u0628\u0629 99%. \u0645\u062b\u0627\u0644\u064a\u0629 \u0644\u0625\u0635\u0644\u0627\u062d \u0648\u062a\u0631\u0643\u064a\u0628 \u0627\u0644\u063a\u0644\u0627\u064a\u0627\u062a.\"><span class=\"Y2IQFc\" lang=\"ar\">\u0645\u062b\u0627\u0644\u064a\u0629 \u0644\u0625\u0635\u0644\u0627\u062d \u0648\u062a\u0631\u0643\u064a\u0628 \u0627\u0644\u063a\u0644\u0627\u064a\u0627\u062a.<\/span><\/h4>\n<\/div>\n<div class=\"reviewer--wrap--vGS7G6P\" data-pl=\"product-reviewer\">\n<div>\n<div class=\"reviewer--box--wVguYsD\">\n<div class=\"rating--wrap--jg9uoRp\">\n<div class=\"rating--item--Nt_U0Ff\">\n<pre id=\"tw-target-text\" class=\"tw-data-text tw-text-large tw-ta\" dir=\"ltr\" data-placeholder=\"Traduction\" data-ved=\"2ahUKEwiFn8TLuPOMAxUG8bsIHf0kF3oQ3ewLegQIBxAV\" aria-label=\"Texte traduit\u00a0: [Xlmodel]-[custom]-[47095Sp\u00e9cifications\u00a0: Nom\u00a0: Cl\u00e9 de r\u00e9paration d'\u00e9vier Mat\u00e9riau\u00a0: ABS, acier carbone, l\u00e9ger Couleur: Rouge Grootte: Zoals en photo Kenmerken\u00a0: 1. Moersleutel antid\u00e9rapant, gebruiksvriendelijk et veilig voor uw handen. 2. Outil sanitaire universel, con\u00e7u pour une note de 99 %. 3. met race scala van toepassingen, id\u00e9al pour r\u00e9parer et monter les d\u00e9chets, kraan et boiler. Paquet Inbegrepen\u00a0: 1 jeu de cl\u00e9s de r\u00e9paration Wastafel\"><\/pre>\n<\/div>\n<\/div>\n<\/div>\n<\/div>\n<\/div>\n","protected":false},"excerpt":{"rendered":"<p>Cl\u00e9 \u00e0 douille antid\u00e9rapante 8 en 1, dissolvant d&#8217;\u00e9crou pour la r\u00e9paration d&#8217;\u00e9vier, Assemblage de robinet de salle de bains, Installation de plomberie, outil manuel \u0645\u0641\u062a\u0627\u062d \u0625\u0635\u0644\u0627\u062d \u0627\u0644\u062d\u0648\u0636\u00a0 \u0627\u0644\u0645\u0648\u0627\u062f: ABS\u060c \u0641\u0648\u0644\u0627\u0630 \u0643\u0631\u0628\u0648\u0646\u064a\u060c \u062e\u0641\u064a\u0641 \u0627\u0644\u0648\u0632\u0646 \u0627\u0644\u0644\u0648\u0646: \u0623\u062d\u0645\u0631 1. \u0623\u063a\u0637\u064a\u0629 \u0645\u0642\u0627\u0648\u0645\u0629 \u0644\u0644\u0627\u0646\u0632\u0644\u0627\u0642 \u0648\u0645\u062a\u064a\u0646\u0629 \u0648\u0633\u0647\u0644\u0629 \u0627\u0644\u0627\u0631\u062a\u062f\u0627\u0621. 2. \u0623\u062f\u0627\u0629 \u0635\u062d\u064a\u0629 \u0639\u0627\u0644\u0645\u064a\u0629\u060c \u0645\u0635\u0645\u0645\u0629 \u0628\u0646\u0633\u0628\u0629 99%. \u0645\u062b\u0627\u0644\u064a\u0629 \u0644\u0625\u0635\u0644\u0627\u062d \u0648\u062a\u0631\u0643\u064a\u0628 \u0627\u0644\u063a\u0644\u0627\u064a\u0627\u062a.<\/p>\n","protected":false},"featured_media":2520,"comment_status":"open","ping_status":"closed","template":"","meta":{"_uag_custom_page_level_css":""},"product_brand":[],"product_cat":[40],"product_tag":[],"class_list":{"0":"post-2519","1":"product","2":"type-product","3":"status-publish","4":"has-post-thumbnail","6":"product_cat-air-boss","8":"first","9":"instock","10":"shipping-taxable","11":"purchasable","12":"product-type-variable"},"aioseo_notices":[],"uagb_featured_image_src":{"full":["https:\/\/hkbricool.com\/wp-content\/uploads\/2025\/04\/main-image-1.jpeg",800,800,false],"thumbnail":["https:\/\/hkbricool.com\/wp-content\/uploads\/2025\/04\/main-image-1-150x150.jpeg",150,150,true],"medium":["https:\/\/hkbricool.com\/wp-content\/uploads\/2025\/04\/main-image-1-300x300.jpeg",300,300,true],"medium_large":["https:\/\/hkbricool.com\/wp-content\/uploads\/2025\/04\/main-image-1-768x768.jpeg",768,768,true],"large":["https:\/\/hkbricool.com\/wp-content\/uploads\/2025\/04\/main-image-1.jpeg",800,800,false],"1536x1536":["https:\/\/hkbricool.com\/wp-content\/uploads\/2025\/04\/main-image-1.jpeg",800,800,false],"2048x2048":["https:\/\/hkbricool.com\/wp-content\/uploads\/2025\/04\/main-image-1.jpeg",800,800,false],"post-thumbnail":["https:\/\/hkbricool.com\/wp-content\/uploads\/2025\/04\/main-image-1-800x540.jpeg",800,540,true],"hanout_item":["https:\/\/hkbricool.com\/wp-content\/uploads\/2025\/04\/main-image-1-630x630.jpeg",630,630,true],"hanout_item_media_sm":["https:\/\/hkbricool.com\/wp-content\/uploads\/2025\/04\/main-image-1-90x90.jpeg",90,90,true],"hanout_hero":["https:\/\/hkbricool.com\/wp-content\/uploads\/2025\/04\/main-image-1-800x300.jpeg",800,300,true],"hanout_block_item_lg":["https:\/\/hkbricool.com\/wp-content\/uploads\/2025\/04\/main-image-1-800x510.jpeg",800,510,true],"hanout_block_item_long":["https:\/\/hkbricool.com\/wp-content\/uploads\/2025\/04\/main-image-1-800x215.jpeg",800,215,true],"hanout_block_item_md":["https:\/\/hkbricool.com\/wp-content\/uploads\/2025\/04\/main-image-1-630x345.jpeg",630,345,true],"hanout_block_item_xl":["https:\/\/hkbricool.com\/wp-content\/uploads\/2025\/04\/main-image-1-800x725.jpeg",800,725,true],"hanout_featgal_small_thumb":["https:\/\/hkbricool.com\/wp-content\/uploads\/2025\/04\/main-image-1-100x100.jpeg",100,100,true],"woocommerce_thumbnail":["https:\/\/hkbricool.com\/wp-content\/uploads\/2025\/04\/main-image-1-630x630.jpeg",630,630,true],"woocommerce_single":["https:\/\/hkbricool.com\/wp-content\/uploads\/2025\/04\/main-image-1-690x690.jpeg",690,690,true],"woocommerce_gallery_thumbnail":["https:\/\/hkbricool.com\/wp-content\/uploads\/2025\/04\/main-image-1-160x160.jpeg",160,160,true],"maxslider_slide":["https:\/\/hkbricool.com\/wp-content\/uploads\/2025\/04\/main-image-1-750x450.jpeg",750,450,true]},"uagb_author_info":{"display_name":"khaledsed20@gmail.com","author_link":"https:\/\/hkbricool.com\/%d8%a7%d9%84%d8%b1%d8%a6%d9%8a%d8%b3%d9%8a%d8%a9\/shop\/author\/"},"uagb_comment_info":2,"uagb_excerpt":"Cl\u00e9 \u00e0 douille antid\u00e9rapante 8 en 1, dissolvant d&#8217;\u00e9crou pour la r\u00e9paration d&#8217;\u00e9vier, Assemblage de robinet de salle de bains, Installation de plomberie, outil manuel \u0645\u0641\u062a\u0627\u062d \u0625\u0635\u0644\u0627\u062d \u0627\u0644\u062d\u0648\u0636\u00a0 \u0627\u0644\u0645\u0648\u0627\u062f: ABS\u060c \u0641\u0648\u0644\u0627\u0630 \u0643\u0631\u0628\u0648\u0646\u064a\u060c \u062e\u0641\u064a\u0641 \u0627\u0644\u0648\u0632\u0646 \u0627\u0644\u0644\u0648\u0646: \u0623\u062d\u0645\u0631 1. \u0623\u063a\u0637\u064a\u0629 \u0645\u0642\u0627\u0648\u0645\u0629 \u0644\u0644\u0627\u0646\u0632\u0644\u0627\u0642 \u0648\u0645\u062a\u064a\u0646\u0629 \u0648\u0633\u0647\u0644\u0629 \u0627\u0644\u0627\u0631\u062a\u062f\u0627\u0621. 2. \u0623\u062f\u0627\u0629 \u0635\u062d\u064a\u0629 \u0639\u0627\u0644\u0645\u064a\u0629\u060c \u0645\u0635\u0645\u0645\u0629 \u0628\u0646\u0633\u0628\u0629 99%. \u0645\u062b\u0627\u0644\u064a\u0629 \u0644\u0625\u0635\u0644\u0627\u062d \u0648\u062a\u0631\u0643\u064a\u0628 \u0627\u0644\u063a\u0644\u0627\u064a\u0627\u062a.","_links":{"self":[{"href":"https:\/\/hkbricool.com\/%d8%a7%d9%84%d8%b1%d8%a6%d9%8a%d8%b3%d9%8a%d8%a9\/shop\/wp-json\/wp\/v2\/product\/2519","targetHints":{"allow":["GET"]}}],"collection":[{"href":"https:\/\/hkbricool.com\/%d8%a7%d9%84%d8%b1%d8%a6%d9%8a%d8%b3%d9%8a%d8%a9\/shop\/wp-json\/wp\/v2\/product"}],"about":[{"href":"https:\/\/hkbricool.com\/%d8%a7%d9%84%d8%b1%d8%a6%d9%8a%d8%b3%d9%8a%d8%a9\/shop\/wp-json\/wp\/v2\/types\/product"}],"replies":[{"embeddable":true,"href":"https:\/\/hkbricool.com\/%d8%a7%d9%84%d8%b1%d8%a6%d9%8a%d8%b3%d9%8a%d8%a9\/shop\/wp-json\/wp\/v2\/comments?post=2519"}],"wp:featuredmedia":[{"embeddable":true,"href":"https:\/\/hkbricool.com\/%d8%a7%d9%84%d8%b1%d8%a6%d9%8a%d8%b3%d9%8a%d8%a9\/shop\/wp-json\/wp\/v2\/media\/2520"}],"wp:attachment":[{"href":"https:\/\/hkbricool.com\/%d8%a7%d9%84%d8%b1%d8%a6%d9%8a%d8%b3%d9%8a%d8%a9\/shop\/wp-json\/wp\/v2\/media?parent=2519"}],"wp:term":[{"taxonomy":"product_brand","embeddable":true,"href":"https:\/\/hkbricool.com\/%d8%a7%d9%84%d8%b1%d8%a6%d9%8a%d8%b3%d9%8a%d8%a9\/shop\/wp-json\/wp\/v2\/product_brand?post=2519"},{"taxonomy":"product_cat","embeddable":true,"href":"https:\/\/hkbricool.com\/%d8%a7%d9%84%d8%b1%d8%a6%d9%8a%d8%b3%d9%8a%d8%a9\/shop\/wp-json\/wp\/v2\/product_cat?post=2519"},{"taxonomy":"product_tag","embeddable":true,"href":"https:\/\/hkbricool.com\/%d8%a7%d9%84%d8%b1%d8%a6%d9%8a%d8%b3%d9%8a%d8%a9\/shop\/wp-json\/wp\/v2\/product_tag?post=2519"}],"curies":[{"name":"wp","href":"https:\/\/api.w.org\/{rel}","templated":true}]}}