{"id":2245,"date":"2024-12-12T10:55:49","date_gmt":"2024-12-12T10:55:49","guid":{"rendered":"https:\/\/hkbricool.com\/%d8%a7%d9%84%d8%b1%d8%a6%d9%8a%d8%b3%d9%8a%d8%a9\/?post_type=product&#038;p=2245"},"modified":"2024-12-15T08:54:48","modified_gmt":"2024-12-15T08:54:48","slug":"air-boss-cisaille-ponceuse-pneumatique-sa-104-5","status":"publish","type":"product","link":"https:\/\/hkbricool.com\/%d8%a7%d9%84%d8%b1%d8%a6%d9%8a%d8%b3%d9%8a%d8%a9\/shop\/product\/air-boss-cisaille-ponceuse-pneumatique-sa-104-5\/","title":{"rendered":"air boss CISAILLE PONCEUSE PNEUMATIQUE SA-104-5"},"content":{"rendered":"<div class=\"product-details-model\"><span class=\"product-details-model-title\">Mod\u00e8le :\u00a0<\/span>SA-104-5<\/div>\n<div class=\"product-details-summary\">Mod\u00e8le: SA-104-5 .5 &#8220;Ponceuse pneumatique. Avec fonction d&#8217;auto-amor\u00e7age et de recyclage. Protection de l&#8217;environnement. Un des mod\u00e8les les plus vendus sur le march\u00e9. Faible vibration. Stable. RPM: 10000. Convient pour l&#8217;industrie du meuble. Auto r\u00e9paration, \u00e9conomique.<\/div>\n<div>\n<ul class=\"nav nav-tabs\">\n<li class=\"active\"><a href=\"https:\/\/fr.twairboss.com\/air-random-orbital-sanders-sa-104-5.html#specification_tab\" data-toggle=\"tab\">Caract\u00e9ristiques<\/a><\/li>\n<\/ul>\n<div class=\"product-info tab-content contentEditor\">\n<div id=\"specification_tab\" class=\"tab-pane fade in active\">\n<div class=\"table-responsive\">\n<table class=\"thr-table\" border=\"1\">\n<tbody>\n<tr>\n<td rowspan=\"3\">Mod\u00e8le<\/td>\n<td colspan=\"2\" rowspan=\"2\">Taille du tampon<\/td>\n<td colspan=\"2\" rowspan=\"2\">Diam\u00e8tre orbital<\/td>\n<td rowspan=\"2\">Vitesse libre<\/td>\n<td rowspan=\"2\">Longueur totale<\/td>\n<td colspan=\"2\" rowspan=\"2\">Poids net<\/td>\n<td rowspan=\"2\">Consommation d&#8217;air<\/td>\n<td rowspan=\"2\">Entr\u00e9e d&#8217;air<\/td>\n<td rowspan=\"2\">Tuyau d&#8217;air<\/td>\n<td rowspan=\"2\">Pression de l&#8217;air<\/td>\n<\/tr>\n<tr>\n<td>mm<\/td>\n<td>in.<\/td>\n<td>mm<\/td>\n<td>in.<\/td>\n<td>r.p.m.<\/td>\n<td>mm<\/td>\n<td>lbs<\/td>\n<td>kg<\/td>\n<td>m3\/min<\/td>\n<td>PT(in.)<\/td>\n<td>mm<\/td>\n<td>kg\/cm2<\/td>\n<\/tr>\n<tr>\n<td>SA-104-5<\/td>\n<td>127<\/td>\n<td>5&#8243;<\/td>\n<td>5<\/td>\n<td>3\/16&#8243;<\/td>\n<td>10000<\/td>\n<td>140<\/td>\n<td>2<\/td>\n<td>0.9<\/td>\n<td>0.3<\/td>\n<td>1\/4&#8243;<\/td>\n<td>9.5<\/td>\n<td>6.3<\/td>\n<\/tr>\n<\/tbody>\n<\/table>\n<\/div>\n<\/div>\n<\/div>\n<\/div>\n","protected":false},"excerpt":{"rendered":"<p>Mod\u00e8le :\u00a0SA-104-5 Mod\u00e8le: SA-104-5 .5 &#8220;Ponceuse pneumatique. Avec fonction d&#8217;auto-amor\u00e7age et de recyclage. Protection de l&#8217;environnement. Un des mod\u00e8les les plus vendus sur le march\u00e9. Faible vibration. Stable. RPM: 10000. Convient pour l&#8217;industrie du meuble. Auto r\u00e9paration, \u00e9conomique. Caract\u00e9ristiques Mod\u00e8le Taille du tampon Diam\u00e8tre orbital Vitesse libre Longueur totale Poids net Consommation d&#8217;air Entr\u00e9e d&#8217;air [&hellip;]<\/p>\n","protected":false},"featured_media":2246,"comment_status":"open","ping_status":"closed","template":"","meta":{"_uag_custom_page_level_css":""},"product_brand":[],"product_cat":[40],"product_tag":[],"class_list":{"0":"post-2245","1":"product","2":"type-product","3":"status-publish","4":"has-post-thumbnail","6":"product_cat-air-boss","8":"first","9":"instock","10":"sale","11":"shipping-taxable","12":"purchasable","13":"product-type-simple"},"aioseo_notices":[],"uagb_featured_image_src":{"full":["https:\/\/hkbricool.com\/wp-content\/uploads\/2024\/12\/sa-104-5.webp",800,800,false],"thumbnail":["https:\/\/hkbricool.com\/wp-content\/uploads\/2024\/12\/sa-104-5-150x150.webp",150,150,true],"medium":["https:\/\/hkbricool.com\/wp-content\/uploads\/2024\/12\/sa-104-5-300x300.webp",300,300,true],"medium_large":["https:\/\/hkbricool.com\/wp-content\/uploads\/2024\/12\/sa-104-5-768x768.webp",768,768,true],"large":["https:\/\/hkbricool.com\/wp-content\/uploads\/2024\/12\/sa-104-5.webp",800,800,false],"1536x1536":["https:\/\/hkbricool.com\/wp-content\/uploads\/2024\/12\/sa-104-5.webp",800,800,false],"2048x2048":["https:\/\/hkbricool.com\/wp-content\/uploads\/2024\/12\/sa-104-5.webp",800,800,false],"post-thumbnail":["https:\/\/hkbricool.com\/wp-content\/uploads\/2024\/12\/sa-104-5-800x540.webp",800,540,true],"hanout_item":["https:\/\/hkbricool.com\/wp-content\/uploads\/2024\/12\/sa-104-5-630x630.webp",630,630,true],"hanout_item_media_sm":["https:\/\/hkbricool.com\/wp-content\/uploads\/2024\/12\/sa-104-5-90x90.webp",90,90,true],"hanout_hero":["https:\/\/hkbricool.com\/wp-content\/uploads\/2024\/12\/sa-104-5-800x300.webp",800,300,true],"hanout_block_item_lg":["https:\/\/hkbricool.com\/wp-content\/uploads\/2024\/12\/sa-104-5-800x510.webp",800,510,true],"hanout_block_item_long":["https:\/\/hkbricool.com\/wp-content\/uploads\/2024\/12\/sa-104-5-800x215.webp",800,215,true],"hanout_block_item_md":["https:\/\/hkbricool.com\/wp-content\/uploads\/2024\/12\/sa-104-5-630x345.webp",630,345,true],"hanout_block_item_xl":["https:\/\/hkbricool.com\/wp-content\/uploads\/2024\/12\/sa-104-5-800x725.webp",800,725,true],"hanout_featgal_small_thumb":["https:\/\/hkbricool.com\/wp-content\/uploads\/2024\/12\/sa-104-5-100x100.webp",100,100,true],"woocommerce_thumbnail":["https:\/\/hkbricool.com\/wp-content\/uploads\/2024\/12\/sa-104-5-630x630.webp",630,630,true],"woocommerce_single":["https:\/\/hkbricool.com\/wp-content\/uploads\/2024\/12\/sa-104-5-690x690.webp",690,690,true],"woocommerce_gallery_thumbnail":["https:\/\/hkbricool.com\/wp-content\/uploads\/2024\/12\/sa-104-5-160x160.webp",160,160,true],"maxslider_slide":["https:\/\/hkbricool.com\/wp-content\/uploads\/2024\/12\/sa-104-5-750x450.webp",750,450,true]},"uagb_author_info":{"display_name":"khaledsed20@gmail.com","author_link":"https:\/\/hkbricool.com\/%d8%a7%d9%84%d8%b1%d8%a6%d9%8a%d8%b3%d9%8a%d8%a9\/shop\/author\/"},"uagb_comment_info":0,"uagb_excerpt":"Mod\u00e8le :\u00a0SA-104-5 Mod\u00e8le: SA-104-5 .5 &#8220;Ponceuse pneumatique. Avec fonction d&#8217;auto-amor\u00e7age et de recyclage. Protection de l&#8217;environnement. Un des mod\u00e8les les plus vendus sur le march\u00e9. Faible vibration. Stable. RPM: 10000. Convient pour l&#8217;industrie du meuble. Auto r\u00e9paration, \u00e9conomique. Caract\u00e9ristiques Mod\u00e8le Taille du tampon Diam\u00e8tre orbital Vitesse libre Longueur totale Poids net Consommation d&#8217;air Entr\u00e9e d&#8217;air&hellip;","_links":{"self":[{"href":"https:\/\/hkbricool.com\/%d8%a7%d9%84%d8%b1%d8%a6%d9%8a%d8%b3%d9%8a%d8%a9\/shop\/wp-json\/wp\/v2\/product\/2245","targetHints":{"allow":["GET"]}}],"collection":[{"href":"https:\/\/hkbricool.com\/%d8%a7%d9%84%d8%b1%d8%a6%d9%8a%d8%b3%d9%8a%d8%a9\/shop\/wp-json\/wp\/v2\/product"}],"about":[{"href":"https:\/\/hkbricool.com\/%d8%a7%d9%84%d8%b1%d8%a6%d9%8a%d8%b3%d9%8a%d8%a9\/shop\/wp-json\/wp\/v2\/types\/product"}],"replies":[{"embeddable":true,"href":"https:\/\/hkbricool.com\/%d8%a7%d9%84%d8%b1%d8%a6%d9%8a%d8%b3%d9%8a%d8%a9\/shop\/wp-json\/wp\/v2\/comments?post=2245"}],"wp:featuredmedia":[{"embeddable":true,"href":"https:\/\/hkbricool.com\/%d8%a7%d9%84%d8%b1%d8%a6%d9%8a%d8%b3%d9%8a%d8%a9\/shop\/wp-json\/wp\/v2\/media\/2246"}],"wp:attachment":[{"href":"https:\/\/hkbricool.com\/%d8%a7%d9%84%d8%b1%d8%a6%d9%8a%d8%b3%d9%8a%d8%a9\/shop\/wp-json\/wp\/v2\/media?parent=2245"}],"wp:term":[{"taxonomy":"product_brand","embeddable":true,"href":"https:\/\/hkbricool.com\/%d8%a7%d9%84%d8%b1%d8%a6%d9%8a%d8%b3%d9%8a%d8%a9\/shop\/wp-json\/wp\/v2\/product_brand?post=2245"},{"taxonomy":"product_cat","embeddable":true,"href":"https:\/\/hkbricool.com\/%d8%a7%d9%84%d8%b1%d8%a6%d9%8a%d8%b3%d9%8a%d8%a9\/shop\/wp-json\/wp\/v2\/product_cat?post=2245"},{"taxonomy":"product_tag","embeddable":true,"href":"https:\/\/hkbricool.com\/%d8%a7%d9%84%d8%b1%d8%a6%d9%8a%d8%b3%d9%8a%d8%a9\/shop\/wp-json\/wp\/v2\/product_tag?post=2245"}],"curies":[{"name":"wp","href":"https:\/\/api.w.org\/{rel}","templated":true}]}}