{"id":2243,"date":"2024-12-12T10:47:37","date_gmt":"2024-12-12T10:47:37","guid":{"rendered":"https:\/\/hkbricool.com\/%d8%a7%d9%84%d8%b1%d8%a6%d9%8a%d8%b3%d9%8a%d8%a9\/?post_type=product&#038;p=2243"},"modified":"2024-12-15T08:55:15","modified_gmt":"2024-12-15T08:55:15","slug":"air-boss-ponceuse-pneumatique-sa-114","status":"publish","type":"product","link":"https:\/\/hkbricool.com\/%d8%a7%d9%84%d8%b1%d8%a6%d9%8a%d8%b3%d9%8a%d8%a9\/shop\/product\/air-boss-ponceuse-pneumatique-sa-114\/","title":{"rendered":"AIR BOSS PONCEUSE PNEUMATIQUE SA-114"},"content":{"rendered":"<p>Mod\u00e8le: SA-114. PAD 90 * 197mm rectangulaire. Corps solide et \u00e9pais. Bonne qualit\u00e9. Durable.<\/p>\n<div class=\"product-info product-tag product-block\">\n<ul class=\"nav nav-tabs\">\n<li class=\"active\"><a href=\"https:\/\/fr.twairboss.com\/air-random-orbital-sanders-sa-114.html#specification_tab\" data-toggle=\"tab\">Caract\u00e9ristiques<\/a><\/li>\n<\/ul>\n<div class=\"product-info tab-content contentEditor\">\n<div id=\"specification_tab\" class=\"tab-pane fade in active\">\n<div class=\"table-responsive\">\n<table class=\"thr-table\" border=\"1\">\n<tbody>\n<tr>\n<td rowspan=\"3\">Mod\u00e8le<\/td>\n<td colspan=\"2\" rowspan=\"2\">Taille du tampon<\/td>\n<td colspan=\"2\" rowspan=\"2\">Diam\u00e8tre orbital<\/td>\n<td rowspan=\"2\">Vitesse libre<\/td>\n<td rowspan=\"2\">Longueur totale<\/td>\n<td colspan=\"2\" rowspan=\"2\">Poids net<\/td>\n<td rowspan=\"2\">Consommation d&#8217;air<\/td>\n<td rowspan=\"2\">Entr\u00e9e d&#8217;air<\/td>\n<td rowspan=\"2\">Tuyau d&#8217;air<\/td>\n<td rowspan=\"2\">Pression de l&#8217;air<\/td>\n<\/tr>\n<tr>\n<td>mm<\/td>\n<td>in.<\/td>\n<td>mm<\/td>\n<td>in.<\/td>\n<td>r.p.m.<\/td>\n<td>mm<\/td>\n<td>lbs<\/td>\n<td>kg<\/td>\n<td>m3\/min<\/td>\n<td>PT(in.)<\/td>\n<td>mm<\/td>\n<td>kg\/cm2<\/td>\n<\/tr>\n<tr>\n<td>SA-114<\/td>\n<td colspan=\"2\">90\u00d7197mm<\/td>\n<td>5<\/td>\n<td>3\/16&#8243;<\/td>\n<td>8000<\/td>\n<td>203<\/td>\n<td>4.3<\/td>\n<td>2<\/td>\n<td>0.5<\/td>\n<td>1\/4&#8243;<\/td>\n<td>9.5<\/td>\n<td>6.3<\/td>\n<\/tr>\n<\/tbody>\n<\/table>\n<\/div>\n<\/div>\n<\/div>\n<\/div>\n<div class=\"product-info-box\"><\/div>\n","protected":false},"excerpt":{"rendered":"<p>Mod\u00e8le: SA-114. PAD 90 * 197mm rectangulaire. Corps solide et \u00e9pais. Bonne qualit\u00e9. Durable. Caract\u00e9ristiques Mod\u00e8le Taille du tampon Diam\u00e8tre orbital Vitesse libre Longueur totale Poids net Consommation d&#8217;air Entr\u00e9e d&#8217;air Tuyau d&#8217;air Pression de l&#8217;air mm in. mm in. r.p.m. mm lbs kg m3\/min PT(in.) mm kg\/cm2 SA-114 90\u00d7197mm 5 3\/16&#8243; 8000 203 4.3 [&hellip;]<\/p>\n","protected":false},"featured_media":2244,"comment_status":"open","ping_status":"closed","template":"","meta":{"_uag_custom_page_level_css":""},"product_brand":[],"product_cat":[40],"product_tag":[],"class_list":{"0":"post-2243","1":"product","2":"type-product","3":"status-publish","4":"has-post-thumbnail","6":"product_cat-air-boss","8":"first","9":"instock","10":"sale","11":"shipping-taxable","12":"purchasable","13":"product-type-simple"},"aioseo_notices":[],"uagb_featured_image_src":{"full":["https:\/\/hkbricool.com\/wp-content\/uploads\/2024\/12\/UUUUUUUUUUUUUU.png",535,535,false],"thumbnail":["https:\/\/hkbricool.com\/wp-content\/uploads\/2024\/12\/UUUUUUUUUUUUUU-150x150.png",150,150,true],"medium":["https:\/\/hkbricool.com\/wp-content\/uploads\/2024\/12\/UUUUUUUUUUUUUU-300x300.png",300,300,true],"medium_large":["https:\/\/hkbricool.com\/wp-content\/uploads\/2024\/12\/UUUUUUUUUUUUUU.png",535,535,false],"large":["https:\/\/hkbricool.com\/wp-content\/uploads\/2024\/12\/UUUUUUUUUUUUUU.png",535,535,false],"1536x1536":["https:\/\/hkbricool.com\/wp-content\/uploads\/2024\/12\/UUUUUUUUUUUUUU.png",535,535,false],"2048x2048":["https:\/\/hkbricool.com\/wp-content\/uploads\/2024\/12\/UUUUUUUUUUUUUU.png",535,535,false],"post-thumbnail":["https:\/\/hkbricool.com\/wp-content\/uploads\/2024\/12\/UUUUUUUUUUUUUU.png",535,535,false],"hanout_item":["https:\/\/hkbricool.com\/wp-content\/uploads\/2024\/12\/UUUUUUUUUUUUUU.png",535,535,false],"hanout_item_media_sm":["https:\/\/hkbricool.com\/wp-content\/uploads\/2024\/12\/UUUUUUUUUUUUUU-90x90.png",90,90,true],"hanout_hero":["https:\/\/hkbricool.com\/wp-content\/uploads\/2024\/12\/UUUUUUUUUUUUUU-535x300.png",535,300,true],"hanout_block_item_lg":["https:\/\/hkbricool.com\/wp-content\/uploads\/2024\/12\/UUUUUUUUUUUUUU-535x510.png",535,510,true],"hanout_block_item_long":["https:\/\/hkbricool.com\/wp-content\/uploads\/2024\/12\/UUUUUUUUUUUUUU-535x215.png",535,215,true],"hanout_block_item_md":["https:\/\/hkbricool.com\/wp-content\/uploads\/2024\/12\/UUUUUUUUUUUUUU-535x345.png",535,345,true],"hanout_block_item_xl":["https:\/\/hkbricool.com\/wp-content\/uploads\/2024\/12\/UUUUUUUUUUUUUU.png",535,535,false],"hanout_featgal_small_thumb":["https:\/\/hkbricool.com\/wp-content\/uploads\/2024\/12\/UUUUUUUUUUUUUU-100x100.png",100,100,true],"woocommerce_thumbnail":["https:\/\/hkbricool.com\/wp-content\/uploads\/2024\/12\/UUUUUUUUUUUUUU.png",535,535,false],"woocommerce_single":["https:\/\/hkbricool.com\/wp-content\/uploads\/2024\/12\/UUUUUUUUUUUUUU.png",535,535,false],"woocommerce_gallery_thumbnail":["https:\/\/hkbricool.com\/wp-content\/uploads\/2024\/12\/UUUUUUUUUUUUUU-160x160.png",160,160,true],"maxslider_slide":["https:\/\/hkbricool.com\/wp-content\/uploads\/2024\/12\/UUUUUUUUUUUUUU-535x450.png",535,450,true]},"uagb_author_info":{"display_name":"khaledsed20@gmail.com","author_link":"https:\/\/hkbricool.com\/%d8%a7%d9%84%d8%b1%d8%a6%d9%8a%d8%b3%d9%8a%d8%a9\/shop\/author\/"},"uagb_comment_info":0,"uagb_excerpt":"Mod\u00e8le: SA-114. PAD 90 * 197mm rectangulaire. Corps solide et \u00e9pais. Bonne qualit\u00e9. Durable. Caract\u00e9ristiques Mod\u00e8le Taille du tampon Diam\u00e8tre orbital Vitesse libre Longueur totale Poids net Consommation d&#8217;air Entr\u00e9e d&#8217;air Tuyau d&#8217;air Pression de l&#8217;air mm in. mm in. r.p.m. mm lbs kg m3\/min PT(in.) mm kg\/cm2 SA-114 90\u00d7197mm 5 3\/16&#8243; 8000 203 4.3&hellip;","_links":{"self":[{"href":"https:\/\/hkbricool.com\/%d8%a7%d9%84%d8%b1%d8%a6%d9%8a%d8%b3%d9%8a%d8%a9\/shop\/wp-json\/wp\/v2\/product\/2243","targetHints":{"allow":["GET"]}}],"collection":[{"href":"https:\/\/hkbricool.com\/%d8%a7%d9%84%d8%b1%d8%a6%d9%8a%d8%b3%d9%8a%d8%a9\/shop\/wp-json\/wp\/v2\/product"}],"about":[{"href":"https:\/\/hkbricool.com\/%d8%a7%d9%84%d8%b1%d8%a6%d9%8a%d8%b3%d9%8a%d8%a9\/shop\/wp-json\/wp\/v2\/types\/product"}],"replies":[{"embeddable":true,"href":"https:\/\/hkbricool.com\/%d8%a7%d9%84%d8%b1%d8%a6%d9%8a%d8%b3%d9%8a%d8%a9\/shop\/wp-json\/wp\/v2\/comments?post=2243"}],"wp:featuredmedia":[{"embeddable":true,"href":"https:\/\/hkbricool.com\/%d8%a7%d9%84%d8%b1%d8%a6%d9%8a%d8%b3%d9%8a%d8%a9\/shop\/wp-json\/wp\/v2\/media\/2244"}],"wp:attachment":[{"href":"https:\/\/hkbricool.com\/%d8%a7%d9%84%d8%b1%d8%a6%d9%8a%d8%b3%d9%8a%d8%a9\/shop\/wp-json\/wp\/v2\/media?parent=2243"}],"wp:term":[{"taxonomy":"product_brand","embeddable":true,"href":"https:\/\/hkbricool.com\/%d8%a7%d9%84%d8%b1%d8%a6%d9%8a%d8%b3%d9%8a%d8%a9\/shop\/wp-json\/wp\/v2\/product_brand?post=2243"},{"taxonomy":"product_cat","embeddable":true,"href":"https:\/\/hkbricool.com\/%d8%a7%d9%84%d8%b1%d8%a6%d9%8a%d8%b3%d9%8a%d8%a9\/shop\/wp-json\/wp\/v2\/product_cat?post=2243"},{"taxonomy":"product_tag","embeddable":true,"href":"https:\/\/hkbricool.com\/%d8%a7%d9%84%d8%b1%d8%a6%d9%8a%d8%b3%d9%8a%d8%a9\/shop\/wp-json\/wp\/v2\/product_tag?post=2243"}],"curies":[{"name":"wp","href":"https:\/\/api.w.org\/{rel}","templated":true}]}}