{"id":2231,"date":"2024-12-12T10:00:22","date_gmt":"2024-12-12T10:00:22","guid":{"rendered":"https:\/\/hkbricool.com\/%d8%a7%d9%84%d8%b1%d8%a6%d9%8a%d8%b3%d9%8a%d8%a9\/?post_type=product&#038;p=2231"},"modified":"2024-12-15T08:56:41","modified_gmt":"2024-12-15T08:56:41","slug":"air-boss-ponceuse-pneumatique-sa-103-3","status":"publish","type":"product","link":"https:\/\/hkbricool.com\/%d8%a7%d9%84%d8%b1%d8%a6%d9%8a%d8%b3%d9%8a%d8%a9\/shop\/product\/air-boss-ponceuse-pneumatique-sa-103-3\/","title":{"rendered":"AIR BOSS PONCEUSE PNEUMATIQUE SA-103-3"},"content":{"rendered":"<div class=\"product-details-model\"><span class=\"product-details-model-title\">Mod\u00e8le :\u00a0<\/span>SA-103-3<\/div>\n<div class=\"product-details-summary\">Mod\u00e8le: SA-103-3. Ponceuse pneumatique 3 &#8220;. Protection de l&#8217;environnement. L&#8217;un des mod\u00e8les les plus vendus sur le march\u00e9. Faible vibration. Stable. RPM: 10000. Convient pour l&#8217;industrie du meuble. R\u00e9paration automobile.<\/div>\n<div>\n<div class=\"product-details-model\"><\/div>\n<\/div>\n","protected":false},"excerpt":{"rendered":"<p>Mod\u00e8le :\u00a0SA-103-3 Mod\u00e8le: SA-103-3. Ponceuse pneumatique 3 &#8220;. Protection de l&#8217;environnement. L&#8217;un des mod\u00e8les les plus vendus sur le march\u00e9. Faible vibration. Stable. RPM: 10000. Convient pour l&#8217;industrie du meuble. R\u00e9paration automobile.<\/p>\n","protected":false},"featured_media":2239,"comment_status":"open","ping_status":"closed","template":"","meta":{"_uag_custom_page_level_css":""},"product_brand":[],"product_cat":[40],"product_tag":[],"class_list":{"0":"post-2231","1":"product","2":"type-product","3":"status-publish","4":"has-post-thumbnail","6":"product_cat-air-boss","8":"first","9":"instock","10":"sale","11":"shipping-taxable","12":"purchasable","13":"product-type-simple"},"aioseo_notices":[],"uagb_featured_image_src":{"full":["https:\/\/hkbricool.com\/wp-content\/uploads\/2024\/12\/sa-103-3.webp",290,257,false],"thumbnail":["https:\/\/hkbricool.com\/wp-content\/uploads\/2024\/12\/sa-103-3-150x150.webp",150,150,true],"medium":["https:\/\/hkbricool.com\/wp-content\/uploads\/2024\/12\/sa-103-3.webp",290,257,false],"medium_large":["https:\/\/hkbricool.com\/wp-content\/uploads\/2024\/12\/sa-103-3.webp",290,257,false],"large":["https:\/\/hkbricool.com\/wp-content\/uploads\/2024\/12\/sa-103-3.webp",290,257,false],"1536x1536":["https:\/\/hkbricool.com\/wp-content\/uploads\/2024\/12\/sa-103-3.webp",290,257,false],"2048x2048":["https:\/\/hkbricool.com\/wp-content\/uploads\/2024\/12\/sa-103-3.webp",290,257,false],"post-thumbnail":["https:\/\/hkbricool.com\/wp-content\/uploads\/2024\/12\/sa-103-3.webp",290,257,false],"hanout_item":["https:\/\/hkbricool.com\/wp-content\/uploads\/2024\/12\/sa-103-3.webp",290,257,false],"hanout_item_media_sm":["https:\/\/hkbricool.com\/wp-content\/uploads\/2024\/12\/sa-103-3-90x90.webp",90,90,true],"hanout_hero":["https:\/\/hkbricool.com\/wp-content\/uploads\/2024\/12\/sa-103-3.webp",290,257,false],"hanout_block_item_lg":["https:\/\/hkbricool.com\/wp-content\/uploads\/2024\/12\/sa-103-3.webp",290,257,false],"hanout_block_item_long":["https:\/\/hkbricool.com\/wp-content\/uploads\/2024\/12\/sa-103-3-290x215.webp",290,215,true],"hanout_block_item_md":["https:\/\/hkbricool.com\/wp-content\/uploads\/2024\/12\/sa-103-3.webp",290,257,false],"hanout_block_item_xl":["https:\/\/hkbricool.com\/wp-content\/uploads\/2024\/12\/sa-103-3.webp",290,257,false],"hanout_featgal_small_thumb":["https:\/\/hkbricool.com\/wp-content\/uploads\/2024\/12\/sa-103-3-100x100.webp",100,100,true],"woocommerce_thumbnail":["https:\/\/hkbricool.com\/wp-content\/uploads\/2024\/12\/sa-103-3.webp",290,257,false],"woocommerce_single":["https:\/\/hkbricool.com\/wp-content\/uploads\/2024\/12\/sa-103-3.webp",290,257,false],"woocommerce_gallery_thumbnail":["https:\/\/hkbricool.com\/wp-content\/uploads\/2024\/12\/sa-103-3-160x160.webp",160,160,true],"maxslider_slide":["https:\/\/hkbricool.com\/wp-content\/uploads\/2024\/12\/sa-103-3.webp",290,257,false]},"uagb_author_info":{"display_name":"khaledsed20@gmail.com","author_link":"https:\/\/hkbricool.com\/%d8%a7%d9%84%d8%b1%d8%a6%d9%8a%d8%b3%d9%8a%d8%a9\/shop\/author\/"},"uagb_comment_info":0,"uagb_excerpt":"Mod\u00e8le :\u00a0SA-103-3 Mod\u00e8le: SA-103-3. Ponceuse pneumatique 3 &#8220;. Protection de l&#8217;environnement. L&#8217;un des mod\u00e8les les plus vendus sur le march\u00e9. Faible vibration. Stable. RPM: 10000. Convient pour l&#8217;industrie du meuble. R\u00e9paration automobile.","_links":{"self":[{"href":"https:\/\/hkbricool.com\/%d8%a7%d9%84%d8%b1%d8%a6%d9%8a%d8%b3%d9%8a%d8%a9\/shop\/wp-json\/wp\/v2\/product\/2231","targetHints":{"allow":["GET"]}}],"collection":[{"href":"https:\/\/hkbricool.com\/%d8%a7%d9%84%d8%b1%d8%a6%d9%8a%d8%b3%d9%8a%d8%a9\/shop\/wp-json\/wp\/v2\/product"}],"about":[{"href":"https:\/\/hkbricool.com\/%d8%a7%d9%84%d8%b1%d8%a6%d9%8a%d8%b3%d9%8a%d8%a9\/shop\/wp-json\/wp\/v2\/types\/product"}],"replies":[{"embeddable":true,"href":"https:\/\/hkbricool.com\/%d8%a7%d9%84%d8%b1%d8%a6%d9%8a%d8%b3%d9%8a%d8%a9\/shop\/wp-json\/wp\/v2\/comments?post=2231"}],"wp:featuredmedia":[{"embeddable":true,"href":"https:\/\/hkbricool.com\/%d8%a7%d9%84%d8%b1%d8%a6%d9%8a%d8%b3%d9%8a%d8%a9\/shop\/wp-json\/wp\/v2\/media\/2239"}],"wp:attachment":[{"href":"https:\/\/hkbricool.com\/%d8%a7%d9%84%d8%b1%d8%a6%d9%8a%d8%b3%d9%8a%d8%a9\/shop\/wp-json\/wp\/v2\/media?parent=2231"}],"wp:term":[{"taxonomy":"product_brand","embeddable":true,"href":"https:\/\/hkbricool.com\/%d8%a7%d9%84%d8%b1%d8%a6%d9%8a%d8%b3%d9%8a%d8%a9\/shop\/wp-json\/wp\/v2\/product_brand?post=2231"},{"taxonomy":"product_cat","embeddable":true,"href":"https:\/\/hkbricool.com\/%d8%a7%d9%84%d8%b1%d8%a6%d9%8a%d8%b3%d9%8a%d8%a9\/shop\/wp-json\/wp\/v2\/product_cat?post=2231"},{"taxonomy":"product_tag","embeddable":true,"href":"https:\/\/hkbricool.com\/%d8%a7%d9%84%d8%b1%d8%a6%d9%8a%d8%b3%d9%8a%d8%a9\/shop\/wp-json\/wp\/v2\/product_tag?post=2231"}],"curies":[{"name":"wp","href":"https:\/\/api.w.org\/{rel}","templated":true}]}}