{"id":2229,"date":"2024-12-12T09:53:05","date_gmt":"2024-12-12T09:53:05","guid":{"rendered":"https:\/\/hkbricool.com\/%d8%a7%d9%84%d8%b1%d8%a6%d9%8a%d8%b3%d9%8a%d8%a9\/?post_type=product&#038;p=2229"},"modified":"2024-12-15T08:57:28","modified_gmt":"2024-12-15T08:57:28","slug":"air-boss-cle-a-cliquet-pneumatique-3-8-rw-108","status":"publish","type":"product","link":"https:\/\/hkbricool.com\/%d8%a7%d9%84%d8%b1%d8%a6%d9%8a%d8%b3%d9%8a%d8%a9\/shop\/product\/air-boss-cle-a-cliquet-pneumatique-3-8-rw-108\/","title":{"rendered":"AIR BOSS CLE A CLIQUET PNEUMATIQUE 3\/8 RW-108"},"content":{"rendered":"<div class=\"product-details-model\"><span class=\"product-details-model-title\">Mod\u00e8le :\u00a0<\/span>RW-108-1<\/div>\n<div class=\"product-details-summary\">Mod\u00e8le: RW-108-1. Cl\u00e9 \u00e0 cliquet Taille du pilote: 9 mm. 3\/8 &#8220;. Grande cl\u00e9 \u00e0 cliquet pneumatique. Poids 1,45 kg. Convient pour la r\u00e9paration automobile. Poign\u00e9e en caoutchouc chaude et confortable. Couleur d&#8217;apparence vibrante rouge et noire.<\/div>\n","protected":false},"excerpt":{"rendered":"<p>Mod\u00e8le :\u00a0RW-108-1 Mod\u00e8le: RW-108-1. Cl\u00e9 \u00e0 cliquet Taille du pilote: 9 mm. 3\/8 &#8220;. Grande cl\u00e9 \u00e0 cliquet pneumatique. Poids 1,45 kg. Convient pour la r\u00e9paration automobile. Poign\u00e9e en caoutchouc chaude et confortable. Couleur d&#8217;apparence vibrante rouge et noire.<\/p>\n","protected":false},"featured_media":2230,"comment_status":"open","ping_status":"closed","template":"","meta":{"_uag_custom_page_level_css":""},"product_brand":[],"product_cat":[40],"product_tag":[],"class_list":{"0":"post-2229","1":"product","2":"type-product","3":"status-publish","4":"has-post-thumbnail","6":"product_cat-air-boss","8":"first","9":"instock","10":"sale","11":"shipping-taxable","12":"purchasable","13":"product-type-simple"},"aioseo_notices":[],"uagb_featured_image_src":{"full":["https:\/\/hkbricool.com\/wp-content\/uploads\/2024\/12\/rw-108-1.webp",1000,1000,false],"thumbnail":["https:\/\/hkbricool.com\/wp-content\/uploads\/2024\/12\/rw-108-1-150x150.webp",150,150,true],"medium":["https:\/\/hkbricool.com\/wp-content\/uploads\/2024\/12\/rw-108-1-300x300.webp",300,300,true],"medium_large":["https:\/\/hkbricool.com\/wp-content\/uploads\/2024\/12\/rw-108-1-768x768.webp",768,768,true],"large":["https:\/\/hkbricool.com\/wp-content\/uploads\/2024\/12\/rw-108-1.webp",960,960,false],"1536x1536":["https:\/\/hkbricool.com\/wp-content\/uploads\/2024\/12\/rw-108-1.webp",1000,1000,false],"2048x2048":["https:\/\/hkbricool.com\/wp-content\/uploads\/2024\/12\/rw-108-1.webp",1000,1000,false],"post-thumbnail":["https:\/\/hkbricool.com\/wp-content\/uploads\/2024\/12\/rw-108-1-960x540.webp",960,540,true],"hanout_item":["https:\/\/hkbricool.com\/wp-content\/uploads\/2024\/12\/rw-108-1-630x630.webp",630,630,true],"hanout_item_media_sm":["https:\/\/hkbricool.com\/wp-content\/uploads\/2024\/12\/rw-108-1-90x90.webp",90,90,true],"hanout_hero":["https:\/\/hkbricool.com\/wp-content\/uploads\/2024\/12\/rw-108-1-1000x300.webp",1000,300,true],"hanout_block_item_lg":["https:\/\/hkbricool.com\/wp-content\/uploads\/2024\/12\/rw-108-1-910x510.webp",910,510,true],"hanout_block_item_long":["https:\/\/hkbricool.com\/wp-content\/uploads\/2024\/12\/rw-108-1-1000x215.webp",1000,215,true],"hanout_block_item_md":["https:\/\/hkbricool.com\/wp-content\/uploads\/2024\/12\/rw-108-1-630x345.webp",630,345,true],"hanout_block_item_xl":["https:\/\/hkbricool.com\/wp-content\/uploads\/2024\/12\/rw-108-1-1000x725.webp",1000,725,true],"hanout_featgal_small_thumb":["https:\/\/hkbricool.com\/wp-content\/uploads\/2024\/12\/rw-108-1-100x100.webp",100,100,true],"woocommerce_thumbnail":["https:\/\/hkbricool.com\/wp-content\/uploads\/2024\/12\/rw-108-1-630x630.webp",630,630,true],"woocommerce_single":["https:\/\/hkbricool.com\/wp-content\/uploads\/2024\/12\/rw-108-1-690x690.webp",690,690,true],"woocommerce_gallery_thumbnail":["https:\/\/hkbricool.com\/wp-content\/uploads\/2024\/12\/rw-108-1-160x160.webp",160,160,true],"maxslider_slide":["https:\/\/hkbricool.com\/wp-content\/uploads\/2024\/12\/rw-108-1-750x450.webp",750,450,true]},"uagb_author_info":{"display_name":"khaledsed20@gmail.com","author_link":"https:\/\/hkbricool.com\/%d8%a7%d9%84%d8%b1%d8%a6%d9%8a%d8%b3%d9%8a%d8%a9\/shop\/author\/"},"uagb_comment_info":0,"uagb_excerpt":"Mod\u00e8le :\u00a0RW-108-1 Mod\u00e8le: RW-108-1. Cl\u00e9 \u00e0 cliquet Taille du pilote: 9 mm. 3\/8 &#8220;. Grande cl\u00e9 \u00e0 cliquet pneumatique. Poids 1,45 kg. Convient pour la r\u00e9paration automobile. Poign\u00e9e en caoutchouc chaude et confortable. Couleur d&#8217;apparence vibrante rouge et noire.","_links":{"self":[{"href":"https:\/\/hkbricool.com\/%d8%a7%d9%84%d8%b1%d8%a6%d9%8a%d8%b3%d9%8a%d8%a9\/shop\/wp-json\/wp\/v2\/product\/2229","targetHints":{"allow":["GET"]}}],"collection":[{"href":"https:\/\/hkbricool.com\/%d8%a7%d9%84%d8%b1%d8%a6%d9%8a%d8%b3%d9%8a%d8%a9\/shop\/wp-json\/wp\/v2\/product"}],"about":[{"href":"https:\/\/hkbricool.com\/%d8%a7%d9%84%d8%b1%d8%a6%d9%8a%d8%b3%d9%8a%d8%a9\/shop\/wp-json\/wp\/v2\/types\/product"}],"replies":[{"embeddable":true,"href":"https:\/\/hkbricool.com\/%d8%a7%d9%84%d8%b1%d8%a6%d9%8a%d8%b3%d9%8a%d8%a9\/shop\/wp-json\/wp\/v2\/comments?post=2229"}],"wp:featuredmedia":[{"embeddable":true,"href":"https:\/\/hkbricool.com\/%d8%a7%d9%84%d8%b1%d8%a6%d9%8a%d8%b3%d9%8a%d8%a9\/shop\/wp-json\/wp\/v2\/media\/2230"}],"wp:attachment":[{"href":"https:\/\/hkbricool.com\/%d8%a7%d9%84%d8%b1%d8%a6%d9%8a%d8%b3%d9%8a%d8%a9\/shop\/wp-json\/wp\/v2\/media?parent=2229"}],"wp:term":[{"taxonomy":"product_brand","embeddable":true,"href":"https:\/\/hkbricool.com\/%d8%a7%d9%84%d8%b1%d8%a6%d9%8a%d8%b3%d9%8a%d8%a9\/shop\/wp-json\/wp\/v2\/product_brand?post=2229"},{"taxonomy":"product_cat","embeddable":true,"href":"https:\/\/hkbricool.com\/%d8%a7%d9%84%d8%b1%d8%a6%d9%8a%d8%b3%d9%8a%d8%a9\/shop\/wp-json\/wp\/v2\/product_cat?post=2229"},{"taxonomy":"product_tag","embeddable":true,"href":"https:\/\/hkbricool.com\/%d8%a7%d9%84%d8%b1%d8%a6%d9%8a%d8%b3%d9%8a%d8%a9\/shop\/wp-json\/wp\/v2\/product_tag?post=2229"}],"curies":[{"name":"wp","href":"https:\/\/api.w.org\/{rel}","templated":true}]}}