{"id":2227,"date":"2024-12-12T09:45:50","date_gmt":"2024-12-12T09:45:50","guid":{"rendered":"https:\/\/hkbricool.com\/%d8%a7%d9%84%d8%b1%d8%a6%d9%8a%d8%b3%d9%8a%d8%a9\/?post_type=product&#038;p=2227"},"modified":"2024-12-15T08:58:22","modified_gmt":"2024-12-15T08:58:22","slug":"air-boss-meuleuse-dangle-pneumatique-c4-ag-1000-ch-1f","status":"publish","type":"product","link":"https:\/\/hkbricool.com\/%d8%a7%d9%84%d8%b1%d8%a6%d9%8a%d8%b3%d9%8a%d8%a9\/shop\/product\/air-boss-meuleuse-dangle-pneumatique-c4-ag-1000-ch-1f\/","title":{"rendered":"AIR BOSS  MEULEUSE D&#8217;ANGLE PNEUMATIQUE c4 AG-1000 CH-1F"},"content":{"rendered":"<div class=\"product-details-model\"><span class=\"product-details-model-title\">Mod\u00e8le :\u00a0<\/span>AG-100CH<\/div>\n<div class=\"product-details-summary\">Mod\u00e8le: Le type \u00e0 levier AG-100CH est sp\u00e9cialement con\u00e7u pour le march\u00e9 industriel nord-am\u00e9ricain. Meuleuse d&#8217;angle. La taille de la meule est de 4 &#8220;avec un enjoliveur de roue. C&#8217;est l&#8217;un des mod\u00e8les les plus populaires et les plus populaires sur le march\u00e9. Les faibles vibrations et le faible bruit rendent la pi\u00e8ce tranchante. Plat et lisse. Belle. Convient \u00e0 la construction navale, \u00e0 l&#8217;industrie p\u00e9trochimique Meulage du plan de soudage. Haute efficacit\u00e9. Rend la pi\u00e8ce lisse. Poids 1,8 kg. 4 lb. Puissance: 0,44 ch.<\/div>\n<div><\/div>\n","protected":false},"excerpt":{"rendered":"<p>Mod\u00e8le :\u00a0AG-100CH Mod\u00e8le: Le type \u00e0 levier AG-100CH est sp\u00e9cialement con\u00e7u pour le march\u00e9 industriel nord-am\u00e9ricain. Meuleuse d&#8217;angle. La taille de la meule est de 4 &#8220;avec un enjoliveur de roue. C&#8217;est l&#8217;un des mod\u00e8les les plus populaires et les plus populaires sur le march\u00e9. Les faibles vibrations et le faible bruit rendent la pi\u00e8ce [&hellip;]<\/p>\n","protected":false},"featured_media":2228,"comment_status":"open","ping_status":"closed","template":"","meta":{"_uag_custom_page_level_css":""},"product_brand":[],"product_cat":[40],"product_tag":[],"class_list":{"0":"post-2227","1":"product","2":"type-product","3":"status-publish","4":"has-post-thumbnail","6":"product_cat-air-boss","8":"first","9":"instock","10":"sale","11":"shipping-taxable","12":"purchasable","13":"product-type-simple"},"aioseo_notices":[],"uagb_featured_image_src":{"full":["https:\/\/hkbricool.com\/wp-content\/uploads\/2024\/12\/ag-100ch-1f.webp",1000,1000,false],"thumbnail":["https:\/\/hkbricool.com\/wp-content\/uploads\/2024\/12\/ag-100ch-1f-150x150.webp",150,150,true],"medium":["https:\/\/hkbricool.com\/wp-content\/uploads\/2024\/12\/ag-100ch-1f-300x300.webp",300,300,true],"medium_large":["https:\/\/hkbricool.com\/wp-content\/uploads\/2024\/12\/ag-100ch-1f-768x768.webp",768,768,true],"large":["https:\/\/hkbricool.com\/wp-content\/uploads\/2024\/12\/ag-100ch-1f.webp",960,960,false],"1536x1536":["https:\/\/hkbricool.com\/wp-content\/uploads\/2024\/12\/ag-100ch-1f.webp",1000,1000,false],"2048x2048":["https:\/\/hkbricool.com\/wp-content\/uploads\/2024\/12\/ag-100ch-1f.webp",1000,1000,false],"post-thumbnail":["https:\/\/hkbricool.com\/wp-content\/uploads\/2024\/12\/ag-100ch-1f-960x540.webp",960,540,true],"hanout_item":["https:\/\/hkbricool.com\/wp-content\/uploads\/2024\/12\/ag-100ch-1f-630x630.webp",630,630,true],"hanout_item_media_sm":["https:\/\/hkbricool.com\/wp-content\/uploads\/2024\/12\/ag-100ch-1f-90x90.webp",90,90,true],"hanout_hero":["https:\/\/hkbricool.com\/wp-content\/uploads\/2024\/12\/ag-100ch-1f-1000x300.webp",1000,300,true],"hanout_block_item_lg":["https:\/\/hkbricool.com\/wp-content\/uploads\/2024\/12\/ag-100ch-1f-910x510.webp",910,510,true],"hanout_block_item_long":["https:\/\/hkbricool.com\/wp-content\/uploads\/2024\/12\/ag-100ch-1f-1000x215.webp",1000,215,true],"hanout_block_item_md":["https:\/\/hkbricool.com\/wp-content\/uploads\/2024\/12\/ag-100ch-1f-630x345.webp",630,345,true],"hanout_block_item_xl":["https:\/\/hkbricool.com\/wp-content\/uploads\/2024\/12\/ag-100ch-1f-1000x725.webp",1000,725,true],"hanout_featgal_small_thumb":["https:\/\/hkbricool.com\/wp-content\/uploads\/2024\/12\/ag-100ch-1f-100x100.webp",100,100,true],"woocommerce_thumbnail":["https:\/\/hkbricool.com\/wp-content\/uploads\/2024\/12\/ag-100ch-1f-630x630.webp",630,630,true],"woocommerce_single":["https:\/\/hkbricool.com\/wp-content\/uploads\/2024\/12\/ag-100ch-1f-690x690.webp",690,690,true],"woocommerce_gallery_thumbnail":["https:\/\/hkbricool.com\/wp-content\/uploads\/2024\/12\/ag-100ch-1f-160x160.webp",160,160,true],"maxslider_slide":["https:\/\/hkbricool.com\/wp-content\/uploads\/2024\/12\/ag-100ch-1f-750x450.webp",750,450,true]},"uagb_author_info":{"display_name":"khaledsed20@gmail.com","author_link":"https:\/\/hkbricool.com\/%d8%a7%d9%84%d8%b1%d8%a6%d9%8a%d8%b3%d9%8a%d8%a9\/shop\/author\/"},"uagb_comment_info":0,"uagb_excerpt":"Mod\u00e8le :\u00a0AG-100CH Mod\u00e8le: Le type \u00e0 levier AG-100CH est sp\u00e9cialement con\u00e7u pour le march\u00e9 industriel nord-am\u00e9ricain. Meuleuse d&#8217;angle. La taille de la meule est de 4 &#8220;avec un enjoliveur de roue. C&#8217;est l&#8217;un des mod\u00e8les les plus populaires et les plus populaires sur le march\u00e9. Les faibles vibrations et le faible bruit rendent la pi\u00e8ce&hellip;","_links":{"self":[{"href":"https:\/\/hkbricool.com\/%d8%a7%d9%84%d8%b1%d8%a6%d9%8a%d8%b3%d9%8a%d8%a9\/shop\/wp-json\/wp\/v2\/product\/2227","targetHints":{"allow":["GET"]}}],"collection":[{"href":"https:\/\/hkbricool.com\/%d8%a7%d9%84%d8%b1%d8%a6%d9%8a%d8%b3%d9%8a%d8%a9\/shop\/wp-json\/wp\/v2\/product"}],"about":[{"href":"https:\/\/hkbricool.com\/%d8%a7%d9%84%d8%b1%d8%a6%d9%8a%d8%b3%d9%8a%d8%a9\/shop\/wp-json\/wp\/v2\/types\/product"}],"replies":[{"embeddable":true,"href":"https:\/\/hkbricool.com\/%d8%a7%d9%84%d8%b1%d8%a6%d9%8a%d8%b3%d9%8a%d8%a9\/shop\/wp-json\/wp\/v2\/comments?post=2227"}],"wp:featuredmedia":[{"embeddable":true,"href":"https:\/\/hkbricool.com\/%d8%a7%d9%84%d8%b1%d8%a6%d9%8a%d8%b3%d9%8a%d8%a9\/shop\/wp-json\/wp\/v2\/media\/2228"}],"wp:attachment":[{"href":"https:\/\/hkbricool.com\/%d8%a7%d9%84%d8%b1%d8%a6%d9%8a%d8%b3%d9%8a%d8%a9\/shop\/wp-json\/wp\/v2\/media?parent=2227"}],"wp:term":[{"taxonomy":"product_brand","embeddable":true,"href":"https:\/\/hkbricool.com\/%d8%a7%d9%84%d8%b1%d8%a6%d9%8a%d8%b3%d9%8a%d8%a9\/shop\/wp-json\/wp\/v2\/product_brand?post=2227"},{"taxonomy":"product_cat","embeddable":true,"href":"https:\/\/hkbricool.com\/%d8%a7%d9%84%d8%b1%d8%a6%d9%8a%d8%b3%d9%8a%d8%a9\/shop\/wp-json\/wp\/v2\/product_cat?post=2227"},{"taxonomy":"product_tag","embeddable":true,"href":"https:\/\/hkbricool.com\/%d8%a7%d9%84%d8%b1%d8%a6%d9%8a%d8%b3%d9%8a%d8%a9\/shop\/wp-json\/wp\/v2\/product_tag?post=2227"}],"curies":[{"name":"wp","href":"https:\/\/api.w.org\/{rel}","templated":true}]}}