{"id":2222,"date":"2024-12-12T09:03:59","date_gmt":"2024-12-12T09:03:59","guid":{"rendered":"https:\/\/hkbricool.com\/%d8%a7%d9%84%d8%b1%d8%a6%d9%8a%d8%b3%d9%8a%d8%a9\/?post_type=product&#038;p=2222"},"modified":"2024-12-15T08:59:27","modified_gmt":"2024-12-15T08:59:27","slug":"air-boss-ponceuse-pneumatique-sa-106-3","status":"publish","type":"product","link":"https:\/\/hkbricool.com\/%d8%a7%d9%84%d8%b1%d8%a6%d9%8a%d8%b3%d9%8a%d8%a9\/shop\/product\/air-boss-ponceuse-pneumatique-sa-106-3\/","title":{"rendered":"AIR BOSS PONCEUSE PNEUMATIQUE SA-106-3"},"content":{"rendered":"<div class=\"product-details-model\"><span class=\"product-details-model-title\">Mod\u00e8le :\u00a0<\/span>SA-106-3<\/div>\n<div class=\"product-details-summary\">Mod\u00e8le: SA-106-3 Petite ponceuse pneumatique .3 &#8220;. Poign\u00e9e chaude et humide. Type \u00e0 angle droit \u00e0 90 degr\u00e9s. Convient pour les petits espaces .. Convient pour la r\u00e9paration automobile. \u00c9conomique<\/div>\n<div>\n<ul class=\"nav nav-tabs\">\n<li class=\"active\"><a href=\"https:\/\/fr.twairboss.com\/air-angle-sanders-sa-106-3.html#specification_tab\" data-toggle=\"tab\">Caract\u00e9ristiques<\/a><\/li>\n<\/ul>\n<div class=\"product-info tab-content contentEditor\">\n<div id=\"specification_tab\" class=\"tab-pane fade in active\">\n<div class=\"table-responsive\">\n<table class=\"thr-table\" border=\"1\">\n<tbody>\n<tr>\n<td rowspan=\"3\">Mod\u00e8le<\/td>\n<td colspan=\"2\" rowspan=\"2\">Taille du tampon<\/td>\n<td colspan=\"2\" rowspan=\"2\">Diam\u00e8tre orbital<\/td>\n<td rowspan=\"2\">Vitesse libre<\/td>\n<td rowspan=\"2\">Longueur totale<\/td>\n<td colspan=\"2\" rowspan=\"2\">Poids net<\/td>\n<td rowspan=\"2\">Consommation d&#8217;air<\/td>\n<td rowspan=\"2\">Entr\u00e9e d&#8217;air<\/td>\n<td rowspan=\"2\">Tuyau d&#8217;air<\/td>\n<td rowspan=\"2\">Pression de l&#8217;air<\/td>\n<\/tr>\n<tr>\n<td>mm<\/td>\n<td>in.<\/td>\n<td>mm<\/td>\n<td>in.<\/td>\n<td>r.p.m.<\/td>\n<td>mm<\/td>\n<td>lbs<\/td>\n<td>kg<\/td>\n<td>m3\/min<\/td>\n<td>PT(in.)<\/td>\n<td>mm<\/td>\n<td>kg\/cm2<\/td>\n<\/tr>\n<tr>\n<td>SA-106-3<\/td>\n<td>73<\/td>\n<td>3&#8243;<\/td>\n<td>&#8212;<\/td>\n<td>&#8212;<\/td>\n<td>16000<\/td>\n<td>200<\/td>\n<td>1.3<\/td>\n<td>0.6<\/td>\n<td>0.2<\/td>\n<td>1\/4&#8243;<\/td>\n<td>9.5<\/td>\n<td>6.<\/td>\n<\/tr>\n<\/tbody>\n<\/table>\n<\/div>\n<\/div>\n<\/div>\n<\/div>\n","protected":false},"excerpt":{"rendered":"<p>Mod\u00e8le :\u00a0SA-106-3 Mod\u00e8le: SA-106-3 Petite ponceuse pneumatique .3 &#8220;. Poign\u00e9e chaude et humide. Type \u00e0 angle droit \u00e0 90 degr\u00e9s. Convient pour les petits espaces .. Convient pour la r\u00e9paration automobile. \u00c9conomique Caract\u00e9ristiques Mod\u00e8le Taille du tampon Diam\u00e8tre orbital Vitesse libre Longueur totale Poids net Consommation d&#8217;air Entr\u00e9e d&#8217;air Tuyau d&#8217;air Pression de l&#8217;air mm [&hellip;]<\/p>\n","protected":false},"featured_media":2223,"comment_status":"open","ping_status":"closed","template":"","meta":{"_uag_custom_page_level_css":""},"product_brand":[],"product_cat":[40],"product_tag":[],"class_list":{"0":"post-2222","1":"product","2":"type-product","3":"status-publish","4":"has-post-thumbnail","6":"product_cat-air-boss","8":"first","9":"instock","10":"sale","11":"shipping-taxable","12":"purchasable","13":"product-type-simple"},"aioseo_notices":[],"uagb_featured_image_src":{"full":["https:\/\/hkbricool.com\/wp-content\/uploads\/2024\/12\/sa-106-3new.webp",600,600,false],"thumbnail":["https:\/\/hkbricool.com\/wp-content\/uploads\/2024\/12\/sa-106-3new-150x150.webp",150,150,true],"medium":["https:\/\/hkbricool.com\/wp-content\/uploads\/2024\/12\/sa-106-3new-300x300.webp",300,300,true],"medium_large":["https:\/\/hkbricool.com\/wp-content\/uploads\/2024\/12\/sa-106-3new.webp",600,600,false],"large":["https:\/\/hkbricool.com\/wp-content\/uploads\/2024\/12\/sa-106-3new.webp",600,600,false],"1536x1536":["https:\/\/hkbricool.com\/wp-content\/uploads\/2024\/12\/sa-106-3new.webp",600,600,false],"2048x2048":["https:\/\/hkbricool.com\/wp-content\/uploads\/2024\/12\/sa-106-3new.webp",600,600,false],"post-thumbnail":["https:\/\/hkbricool.com\/wp-content\/uploads\/2024\/12\/sa-106-3new-600x540.webp",600,540,true],"hanout_item":["https:\/\/hkbricool.com\/wp-content\/uploads\/2024\/12\/sa-106-3new.webp",600,600,false],"hanout_item_media_sm":["https:\/\/hkbricool.com\/wp-content\/uploads\/2024\/12\/sa-106-3new-90x90.webp",90,90,true],"hanout_hero":["https:\/\/hkbricool.com\/wp-content\/uploads\/2024\/12\/sa-106-3new-600x300.webp",600,300,true],"hanout_block_item_lg":["https:\/\/hkbricool.com\/wp-content\/uploads\/2024\/12\/sa-106-3new-600x510.webp",600,510,true],"hanout_block_item_long":["https:\/\/hkbricool.com\/wp-content\/uploads\/2024\/12\/sa-106-3new-600x215.webp",600,215,true],"hanout_block_item_md":["https:\/\/hkbricool.com\/wp-content\/uploads\/2024\/12\/sa-106-3new-600x345.webp",600,345,true],"hanout_block_item_xl":["https:\/\/hkbricool.com\/wp-content\/uploads\/2024\/12\/sa-106-3new.webp",600,600,false],"hanout_featgal_small_thumb":["https:\/\/hkbricool.com\/wp-content\/uploads\/2024\/12\/sa-106-3new-100x100.webp",100,100,true],"woocommerce_thumbnail":["https:\/\/hkbricool.com\/wp-content\/uploads\/2024\/12\/sa-106-3new.webp",600,600,false],"woocommerce_single":["https:\/\/hkbricool.com\/wp-content\/uploads\/2024\/12\/sa-106-3new.webp",600,600,false],"woocommerce_gallery_thumbnail":["https:\/\/hkbricool.com\/wp-content\/uploads\/2024\/12\/sa-106-3new-160x160.webp",160,160,true],"maxslider_slide":["https:\/\/hkbricool.com\/wp-content\/uploads\/2024\/12\/sa-106-3new-600x450.webp",600,450,true]},"uagb_author_info":{"display_name":"khaledsed20@gmail.com","author_link":"https:\/\/hkbricool.com\/%d8%a7%d9%84%d8%b1%d8%a6%d9%8a%d8%b3%d9%8a%d8%a9\/shop\/author\/"},"uagb_comment_info":0,"uagb_excerpt":"Mod\u00e8le :\u00a0SA-106-3 Mod\u00e8le: SA-106-3 Petite ponceuse pneumatique .3 &#8220;. Poign\u00e9e chaude et humide. Type \u00e0 angle droit \u00e0 90 degr\u00e9s. Convient pour les petits espaces .. Convient pour la r\u00e9paration automobile. \u00c9conomique Caract\u00e9ristiques Mod\u00e8le Taille du tampon Diam\u00e8tre orbital Vitesse libre Longueur totale Poids net Consommation d&#8217;air Entr\u00e9e d&#8217;air Tuyau d&#8217;air Pression de l&#8217;air mm&hellip;","_links":{"self":[{"href":"https:\/\/hkbricool.com\/%d8%a7%d9%84%d8%b1%d8%a6%d9%8a%d8%b3%d9%8a%d8%a9\/shop\/wp-json\/wp\/v2\/product\/2222","targetHints":{"allow":["GET"]}}],"collection":[{"href":"https:\/\/hkbricool.com\/%d8%a7%d9%84%d8%b1%d8%a6%d9%8a%d8%b3%d9%8a%d8%a9\/shop\/wp-json\/wp\/v2\/product"}],"about":[{"href":"https:\/\/hkbricool.com\/%d8%a7%d9%84%d8%b1%d8%a6%d9%8a%d8%b3%d9%8a%d8%a9\/shop\/wp-json\/wp\/v2\/types\/product"}],"replies":[{"embeddable":true,"href":"https:\/\/hkbricool.com\/%d8%a7%d9%84%d8%b1%d8%a6%d9%8a%d8%b3%d9%8a%d8%a9\/shop\/wp-json\/wp\/v2\/comments?post=2222"}],"wp:featuredmedia":[{"embeddable":true,"href":"https:\/\/hkbricool.com\/%d8%a7%d9%84%d8%b1%d8%a6%d9%8a%d8%b3%d9%8a%d8%a9\/shop\/wp-json\/wp\/v2\/media\/2223"}],"wp:attachment":[{"href":"https:\/\/hkbricool.com\/%d8%a7%d9%84%d8%b1%d8%a6%d9%8a%d8%b3%d9%8a%d8%a9\/shop\/wp-json\/wp\/v2\/media?parent=2222"}],"wp:term":[{"taxonomy":"product_brand","embeddable":true,"href":"https:\/\/hkbricool.com\/%d8%a7%d9%84%d8%b1%d8%a6%d9%8a%d8%b3%d9%8a%d8%a9\/shop\/wp-json\/wp\/v2\/product_brand?post=2222"},{"taxonomy":"product_cat","embeddable":true,"href":"https:\/\/hkbricool.com\/%d8%a7%d9%84%d8%b1%d8%a6%d9%8a%d8%b3%d9%8a%d8%a9\/shop\/wp-json\/wp\/v2\/product_cat?post=2222"},{"taxonomy":"product_tag","embeddable":true,"href":"https:\/\/hkbricool.com\/%d8%a7%d9%84%d8%b1%d8%a6%d9%8a%d8%b3%d9%8a%d8%a9\/shop\/wp-json\/wp\/v2\/product_tag?post=2222"}],"curies":[{"name":"wp","href":"https:\/\/api.w.org\/{rel}","templated":true}]}}