{"id":2214,"date":"2024-12-12T08:59:31","date_gmt":"2024-12-12T08:59:31","guid":{"rendered":"https:\/\/hkbricool.com\/%d8%a7%d9%84%d8%b1%d8%a6%d9%8a%d8%b3%d9%8a%d8%a9\/?post_type=product&#038;p=2214"},"modified":"2024-12-15T08:59:48","modified_gmt":"2024-12-15T08:59:48","slug":"air-boss-ponceuse-pneumatique-sa-122","status":"publish","type":"product","link":"https:\/\/hkbricool.com\/%d8%a7%d9%84%d8%b1%d8%a6%d9%8a%d8%b3%d9%8a%d8%a9\/shop\/product\/air-boss-ponceuse-pneumatique-sa-122\/","title":{"rendered":"AIR BOSS PONCEUSE PNEUMATIQUE SA-122"},"content":{"rendered":"<table cellspacing=\"0\" cellpadding=\"0\">\n<tbody>\n<tr>\n<td valign=\"top\"><span data-spm-anchor-id=\"a2700.details.0.i82.d60e6272DqM2Zs\">MOD\u00c8LE<\/span><\/td>\n<td valign=\"top\">TY71310B<\/td>\n<\/tr>\n<tr>\n<td valign=\"top\">&nbsp;<\/p>\n<p>MOD\u00c8LE NUM\u00c9ROTATION D\u00c9SIGNATION<\/td>\n<td valign=\"top\">7: Outils de finition<br \/>\n1: ponceuses orbitales al\u00e9atoires<br \/>\n3: Pistol Grip<br \/>\n10: vitesse (10,000 OPM)<\/td>\n<\/tr>\n<tr>\n<td valign=\"top\">VITESSE<\/td>\n<td valign=\"top\">10,000 OPM (orbite par minute)<\/td>\n<\/tr>\n<tr>\n<td valign=\"top\">PAD CAPACIT\u00c9<\/td>\n<td valign=\"top\">6 dans.<\/td>\n<\/tr>\n<tr>\n<td valign=\"top\">FILET DE LA BROCHE<\/td>\n<td valign=\"top\">5\/16\u00bb-24<\/td>\n<\/tr>\n<tr>\n<td valign=\"top\">CONSOMMATION D&#8217;AIR<\/td>\n<td valign=\"top\">4 CFM @ 90PSI<\/td>\n<\/tr>\n<tr>\n<td valign=\"top\">Poids avec coussin de support<\/td>\n<td valign=\"top\">1.68kg(3.7 lbs)<\/td>\n<\/tr>\n<tr>\n<td valign=\"top\">ENTR\u00c9E D&#8217;AIR<\/td>\n<td valign=\"top\">1\/4\u00bb PT<\/td>\n<\/tr>\n<tr>\n<td valign=\"top\">RECOMMAND\u00c9 TUYAU D&#8217;AIR<\/td>\n<td valign=\"top\">3\/8\u00bb ID<\/td>\n<\/tr>\n<tr>\n<td valign=\"top\">ORBITE<\/td>\n<td valign=\"top\">3\/32 dans.<\/td>\n<\/tr>\n<tr>\n<td valign=\"top\">PAD TYPE<\/td>\n<td valign=\"top\">PSA<\/td>\n<\/tr>\n<tr>\n<td valign=\"top\">LONGUEUR<\/td>\n<td valign=\"top\">235mm (9.25 po.)<\/td>\n<\/tr>\n<tr>\n<td valign=\"top\">VAC<\/td>\n<td valign=\"top\">NV<\/td>\n<\/tr>\n<tr>\n<td valign=\"top\">De PUISSANCE ACOUSTIQUE<\/td>\n<td valign=\"top\"><span data-spm-anchor-id=\"a2700.details.0.i83.d60e6272DqM2Zs\">78 db(A)<\/span><\/td>\n<\/tr>\n<tr>\n<td valign=\"top\">SKU<\/td>\n<td valign=\"top\">353183<\/td>\n<\/tr>\n<\/tbody>\n<\/table>\n","protected":false},"excerpt":{"rendered":"<p>MOD\u00c8LE TY71310B &nbsp; MOD\u00c8LE NUM\u00c9ROTATION D\u00c9SIGNATION 7: Outils de finition 1: ponceuses orbitales al\u00e9atoires 3: Pistol Grip 10: vitesse (10,000 OPM) VITESSE 10,000 OPM (orbite par minute) PAD CAPACIT\u00c9 6 dans. FILET DE LA BROCHE 5\/16\u00bb-24 CONSOMMATION D&#8217;AIR 4 CFM @ 90PSI Poids avec coussin de support 1.68kg(3.7 lbs) ENTR\u00c9E D&#8217;AIR 1\/4\u00bb PT RECOMMAND\u00c9 TUYAU [&hellip;]<\/p>\n","protected":false},"featured_media":2218,"comment_status":"open","ping_status":"closed","template":"","meta":{"_uag_custom_page_level_css":""},"product_brand":[],"product_cat":[40],"product_tag":[],"class_list":{"0":"post-2214","1":"product","2":"type-product","3":"status-publish","4":"has-post-thumbnail","6":"product_cat-air-boss","8":"first","9":"instock","10":"sale","11":"shipping-taxable","12":"purchasable","13":"product-type-simple"},"aioseo_notices":[],"uagb_featured_image_src":{"full":["https:\/\/hkbricool.com\/wp-content\/uploads\/2024\/12\/U5b3a87e671b549b4b3271e53ae3cdf5be.webp",651,651,false],"thumbnail":["https:\/\/hkbricool.com\/wp-content\/uploads\/2024\/12\/U5b3a87e671b549b4b3271e53ae3cdf5be-150x150.webp",150,150,true],"medium":["https:\/\/hkbricool.com\/wp-content\/uploads\/2024\/12\/U5b3a87e671b549b4b3271e53ae3cdf5be-300x300.webp",300,300,true],"medium_large":["https:\/\/hkbricool.com\/wp-content\/uploads\/2024\/12\/U5b3a87e671b549b4b3271e53ae3cdf5be.webp",651,651,false],"large":["https:\/\/hkbricool.com\/wp-content\/uploads\/2024\/12\/U5b3a87e671b549b4b3271e53ae3cdf5be.webp",651,651,false],"1536x1536":["https:\/\/hkbricool.com\/wp-content\/uploads\/2024\/12\/U5b3a87e671b549b4b3271e53ae3cdf5be.webp",651,651,false],"2048x2048":["https:\/\/hkbricool.com\/wp-content\/uploads\/2024\/12\/U5b3a87e671b549b4b3271e53ae3cdf5be.webp",651,651,false],"post-thumbnail":["https:\/\/hkbricool.com\/wp-content\/uploads\/2024\/12\/U5b3a87e671b549b4b3271e53ae3cdf5be-651x540.webp",651,540,true],"hanout_item":["https:\/\/hkbricool.com\/wp-content\/uploads\/2024\/12\/U5b3a87e671b549b4b3271e53ae3cdf5be-630x630.webp",630,630,true],"hanout_item_media_sm":["https:\/\/hkbricool.com\/wp-content\/uploads\/2024\/12\/U5b3a87e671b549b4b3271e53ae3cdf5be-90x90.webp",90,90,true],"hanout_hero":["https:\/\/hkbricool.com\/wp-content\/uploads\/2024\/12\/U5b3a87e671b549b4b3271e53ae3cdf5be-651x300.webp",651,300,true],"hanout_block_item_lg":["https:\/\/hkbricool.com\/wp-content\/uploads\/2024\/12\/U5b3a87e671b549b4b3271e53ae3cdf5be-651x510.webp",651,510,true],"hanout_block_item_long":["https:\/\/hkbricool.com\/wp-content\/uploads\/2024\/12\/U5b3a87e671b549b4b3271e53ae3cdf5be-651x215.webp",651,215,true],"hanout_block_item_md":["https:\/\/hkbricool.com\/wp-content\/uploads\/2024\/12\/U5b3a87e671b549b4b3271e53ae3cdf5be-630x345.webp",630,345,true],"hanout_block_item_xl":["https:\/\/hkbricool.com\/wp-content\/uploads\/2024\/12\/U5b3a87e671b549b4b3271e53ae3cdf5be.webp",651,651,false],"hanout_featgal_small_thumb":["https:\/\/hkbricool.com\/wp-content\/uploads\/2024\/12\/U5b3a87e671b549b4b3271e53ae3cdf5be-100x100.webp",100,100,true],"woocommerce_thumbnail":["https:\/\/hkbricool.com\/wp-content\/uploads\/2024\/12\/U5b3a87e671b549b4b3271e53ae3cdf5be-630x630.webp",630,630,true],"woocommerce_single":["https:\/\/hkbricool.com\/wp-content\/uploads\/2024\/12\/U5b3a87e671b549b4b3271e53ae3cdf5be.webp",651,651,false],"woocommerce_gallery_thumbnail":["https:\/\/hkbricool.com\/wp-content\/uploads\/2024\/12\/U5b3a87e671b549b4b3271e53ae3cdf5be-160x160.webp",160,160,true],"maxslider_slide":["https:\/\/hkbricool.com\/wp-content\/uploads\/2024\/12\/U5b3a87e671b549b4b3271e53ae3cdf5be-651x450.webp",651,450,true]},"uagb_author_info":{"display_name":"khaledsed20@gmail.com","author_link":"https:\/\/hkbricool.com\/%d8%a7%d9%84%d8%b1%d8%a6%d9%8a%d8%b3%d9%8a%d8%a9\/shop\/author\/"},"uagb_comment_info":0,"uagb_excerpt":"MOD\u00c8LE TY71310B &nbsp; MOD\u00c8LE NUM\u00c9ROTATION D\u00c9SIGNATION 7: Outils de finition 1: ponceuses orbitales al\u00e9atoires 3: Pistol Grip 10: vitesse (10,000 OPM) VITESSE 10,000 OPM (orbite par minute) PAD CAPACIT\u00c9 6 dans. FILET DE LA BROCHE 5\/16\u00bb-24 CONSOMMATION D&#8217;AIR 4 CFM @ 90PSI Poids avec coussin de support 1.68kg(3.7 lbs) ENTR\u00c9E D&#8217;AIR 1\/4\u00bb PT RECOMMAND\u00c9 TUYAU&hellip;","_links":{"self":[{"href":"https:\/\/hkbricool.com\/%d8%a7%d9%84%d8%b1%d8%a6%d9%8a%d8%b3%d9%8a%d8%a9\/shop\/wp-json\/wp\/v2\/product\/2214","targetHints":{"allow":["GET"]}}],"collection":[{"href":"https:\/\/hkbricool.com\/%d8%a7%d9%84%d8%b1%d8%a6%d9%8a%d8%b3%d9%8a%d8%a9\/shop\/wp-json\/wp\/v2\/product"}],"about":[{"href":"https:\/\/hkbricool.com\/%d8%a7%d9%84%d8%b1%d8%a6%d9%8a%d8%b3%d9%8a%d8%a9\/shop\/wp-json\/wp\/v2\/types\/product"}],"replies":[{"embeddable":true,"href":"https:\/\/hkbricool.com\/%d8%a7%d9%84%d8%b1%d8%a6%d9%8a%d8%b3%d9%8a%d8%a9\/shop\/wp-json\/wp\/v2\/comments?post=2214"}],"wp:featuredmedia":[{"embeddable":true,"href":"https:\/\/hkbricool.com\/%d8%a7%d9%84%d8%b1%d8%a6%d9%8a%d8%b3%d9%8a%d8%a9\/shop\/wp-json\/wp\/v2\/media\/2218"}],"wp:attachment":[{"href":"https:\/\/hkbricool.com\/%d8%a7%d9%84%d8%b1%d8%a6%d9%8a%d8%b3%d9%8a%d8%a9\/shop\/wp-json\/wp\/v2\/media?parent=2214"}],"wp:term":[{"taxonomy":"product_brand","embeddable":true,"href":"https:\/\/hkbricool.com\/%d8%a7%d9%84%d8%b1%d8%a6%d9%8a%d8%b3%d9%8a%d8%a9\/shop\/wp-json\/wp\/v2\/product_brand?post=2214"},{"taxonomy":"product_cat","embeddable":true,"href":"https:\/\/hkbricool.com\/%d8%a7%d9%84%d8%b1%d8%a6%d9%8a%d8%b3%d9%8a%d8%a9\/shop\/wp-json\/wp\/v2\/product_cat?post=2214"},{"taxonomy":"product_tag","embeddable":true,"href":"https:\/\/hkbricool.com\/%d8%a7%d9%84%d8%b1%d8%a6%d9%8a%d8%b3%d9%8a%d8%a9\/shop\/wp-json\/wp\/v2\/product_tag?post=2214"}],"curies":[{"name":"wp","href":"https:\/\/api.w.org\/{rel}","templated":true}]}}