{"id":2213,"date":"2024-12-12T08:40:46","date_gmt":"2024-12-12T08:40:46","guid":{"rendered":"https:\/\/hkbricool.com\/%d8%a7%d9%84%d8%b1%d8%a6%d9%8a%d8%b3%d9%8a%d8%a9\/?post_type=product&#038;p=2213"},"modified":"2024-12-15T09:00:25","modified_gmt":"2024-12-15T09:00:25","slug":"air-boss-marteau-pneumatique-composite-faibles-vibration-ah-014","status":"publish","type":"product","link":"https:\/\/hkbricool.com\/%d8%a7%d9%84%d8%b1%d8%a6%d9%8a%d8%b3%d9%8a%d8%a9\/shop\/product\/air-boss-marteau-pneumatique-composite-faibles-vibration-ah-014\/","title":{"rendered":"AIR BOSS MARTEAU PNEUMATIQUE COMPOSITE FAIBLES VIBRATION AH-014"},"content":{"rendered":"<div class=\"row product-info product-block\">\n<div class=\"col-xs-12 col-sm-4 images-block\">\n<div class=\"glass-case\">\n<div class=\"gc-display-area\">\n<div class=\"gc-display-container\"><\/div>\n<\/div>\n<\/div>\n<\/div>\n<div class=\"col-xs-12 col-sm-8 product-details\">\n<h2>Marteaux pneumatiques<\/h2>\n<div class=\"product-details-model\"><span class=\"product-details-model-title\">Mod\u00e8le :\u00a0<\/span>AH-013<\/div>\n<hr \/>\n<div class=\"options\">\n<div class=\"form-inline form-group\">\n<div class=\"q_wrap\"><label id=\"Mweb_cart_qty_title\" class=\"control-label text-uppercase\" for=\"input-quantity\">:<\/label><a href=\"https:\/\/fr.twairboss.com\/air-hammers-ah-013.html#specification_tab\" data-toggle=\"tab\">Caract\u00e9ristiques<\/a><\/div>\n<\/div>\n<\/div>\n<\/div>\n<\/div>\n<div class=\"product-info product-tag product-block\">\n<div class=\"product-info tab-content contentEditor\">\n<div id=\"specification_tab\" class=\"tab-pane fade in active\">\n<div class=\"table-responsive\">\n<table class=\"thr-table\" border=\"1\">\n<tbody>\n<tr>\n<td rowspan=\"3\">Mod\u00e8le<\/td>\n<td rowspan=\"2\">Taille de la Tige<\/td>\n<td rowspan=\"2\">Course du Piston<\/td>\n<td rowspan=\"2\">Vitesse de Course<\/td>\n<td rowspan=\"2\">Longueur totale<\/td>\n<td colspan=\"2\" rowspan=\"2\">Poids net<\/td>\n<td rowspan=\"2\">Consommation d&#8217;air<\/td>\n<td rowspan=\"2\">Entr\u00e9e d&#8217;air<\/td>\n<td rowspan=\"2\">Tuyau d&#8217;air<\/td>\n<td rowspan=\"2\">Pression de l&#8217;air<\/td>\n<td rowspan=\"2\">Niveau Sonore<\/td>\n<td rowspan=\"2\">Vibration<\/td>\n<\/tr>\n<tr>\n<td>mm<\/td>\n<td>mm<\/td>\n<td>bpm<\/td>\n<td>mm<\/td>\n<td>lbs<\/td>\n<td>kg<\/td>\n<td>m3\/min<\/td>\n<td>In.<\/td>\n<td>mm<\/td>\n<td>psi<\/td>\n<td>dba<\/td>\n<td>m\/s2<\/td>\n<\/tr>\n<tr>\n<td>AH-013<br \/>\nmarteau pneumatique \u00e0 usage r\u00e9gulier(Round)<\/td>\n<td>Queue Ronde<br \/>\n(10.2mm)<\/td>\n<td>67<\/td>\n<td>3500<\/td>\n<td>171<\/td>\n<td>3.3<\/td>\n<td>1.50<\/td>\n<td>0.11<\/td>\n<\/tr>\n<\/tbody>\n<\/table>\n<\/div>\n<\/div>\n<\/div>\n<\/div>\n","protected":false},"excerpt":{"rendered":"<p>Marteaux pneumatiques Mod\u00e8le :\u00a0AH-013 :Caract\u00e9ristiques Mod\u00e8le Taille de la Tige Course du Piston Vitesse de Course Longueur totale Poids net Consommation d&#8217;air Entr\u00e9e d&#8217;air Tuyau d&#8217;air Pression de l&#8217;air Niveau Sonore Vibration mm mm bpm mm lbs kg m3\/min In. mm psi dba m\/s2 AH-013 marteau pneumatique \u00e0 usage r\u00e9gulier(Round) Queue Ronde (10.2mm) 67 3500 [&hellip;]<\/p>\n","protected":false},"featured_media":2211,"comment_status":"open","ping_status":"closed","template":"","meta":{"_uag_custom_page_level_css":""},"product_brand":[],"product_cat":[40],"product_tag":[],"class_list":{"0":"post-2213","1":"product","2":"type-product","3":"status-publish","4":"has-post-thumbnail","6":"product_cat-air-boss","8":"first","9":"instock","10":"sale","11":"shipping-taxable","12":"purchasable","13":"product-type-simple"},"aioseo_notices":[],"uagb_featured_image_src":{"full":["https:\/\/hkbricool.com\/wp-content\/uploads\/2024\/12\/ah-190csr.webp",1000,1000,false],"thumbnail":["https:\/\/hkbricool.com\/wp-content\/uploads\/2024\/12\/ah-190csr-150x150.webp",150,150,true],"medium":["https:\/\/hkbricool.com\/wp-content\/uploads\/2024\/12\/ah-190csr-300x300.webp",300,300,true],"medium_large":["https:\/\/hkbricool.com\/wp-content\/uploads\/2024\/12\/ah-190csr-768x768.webp",768,768,true],"large":["https:\/\/hkbricool.com\/wp-content\/uploads\/2024\/12\/ah-190csr.webp",960,960,false],"1536x1536":["https:\/\/hkbricool.com\/wp-content\/uploads\/2024\/12\/ah-190csr.webp",1000,1000,false],"2048x2048":["https:\/\/hkbricool.com\/wp-content\/uploads\/2024\/12\/ah-190csr.webp",1000,1000,false],"post-thumbnail":["https:\/\/hkbricool.com\/wp-content\/uploads\/2024\/12\/ah-190csr-960x540.webp",960,540,true],"hanout_item":["https:\/\/hkbricool.com\/wp-content\/uploads\/2024\/12\/ah-190csr-630x630.webp",630,630,true],"hanout_item_media_sm":["https:\/\/hkbricool.com\/wp-content\/uploads\/2024\/12\/ah-190csr-90x90.webp",90,90,true],"hanout_hero":["https:\/\/hkbricool.com\/wp-content\/uploads\/2024\/12\/ah-190csr-1000x300.webp",1000,300,true],"hanout_block_item_lg":["https:\/\/hkbricool.com\/wp-content\/uploads\/2024\/12\/ah-190csr-910x510.webp",910,510,true],"hanout_block_item_long":["https:\/\/hkbricool.com\/wp-content\/uploads\/2024\/12\/ah-190csr-1000x215.webp",1000,215,true],"hanout_block_item_md":["https:\/\/hkbricool.com\/wp-content\/uploads\/2024\/12\/ah-190csr-630x345.webp",630,345,true],"hanout_block_item_xl":["https:\/\/hkbricool.com\/wp-content\/uploads\/2024\/12\/ah-190csr-1000x725.webp",1000,725,true],"hanout_featgal_small_thumb":["https:\/\/hkbricool.com\/wp-content\/uploads\/2024\/12\/ah-190csr-100x100.webp",100,100,true],"woocommerce_thumbnail":["https:\/\/hkbricool.com\/wp-content\/uploads\/2024\/12\/ah-190csr-630x630.webp",630,630,true],"woocommerce_single":["https:\/\/hkbricool.com\/wp-content\/uploads\/2024\/12\/ah-190csr-690x690.webp",690,690,true],"woocommerce_gallery_thumbnail":["https:\/\/hkbricool.com\/wp-content\/uploads\/2024\/12\/ah-190csr-160x160.webp",160,160,true],"maxslider_slide":["https:\/\/hkbricool.com\/wp-content\/uploads\/2024\/12\/ah-190csr-750x450.webp",750,450,true]},"uagb_author_info":{"display_name":"khaledsed20@gmail.com","author_link":"https:\/\/hkbricool.com\/%d8%a7%d9%84%d8%b1%d8%a6%d9%8a%d8%b3%d9%8a%d8%a9\/shop\/author\/"},"uagb_comment_info":0,"uagb_excerpt":"Marteaux pneumatiques Mod\u00e8le :\u00a0AH-013 :Caract\u00e9ristiques Mod\u00e8le Taille de la Tige Course du Piston Vitesse de Course Longueur totale Poids net Consommation d&#8217;air Entr\u00e9e d&#8217;air Tuyau d&#8217;air Pression de l&#8217;air Niveau Sonore Vibration mm mm bpm mm lbs kg m3\/min In. mm psi dba m\/s2 AH-013 marteau pneumatique \u00e0 usage r\u00e9gulier(Round) Queue Ronde (10.2mm) 67 3500&hellip;","_links":{"self":[{"href":"https:\/\/hkbricool.com\/%d8%a7%d9%84%d8%b1%d8%a6%d9%8a%d8%b3%d9%8a%d8%a9\/shop\/wp-json\/wp\/v2\/product\/2213","targetHints":{"allow":["GET"]}}],"collection":[{"href":"https:\/\/hkbricool.com\/%d8%a7%d9%84%d8%b1%d8%a6%d9%8a%d8%b3%d9%8a%d8%a9\/shop\/wp-json\/wp\/v2\/product"}],"about":[{"href":"https:\/\/hkbricool.com\/%d8%a7%d9%84%d8%b1%d8%a6%d9%8a%d8%b3%d9%8a%d8%a9\/shop\/wp-json\/wp\/v2\/types\/product"}],"replies":[{"embeddable":true,"href":"https:\/\/hkbricool.com\/%d8%a7%d9%84%d8%b1%d8%a6%d9%8a%d8%b3%d9%8a%d8%a9\/shop\/wp-json\/wp\/v2\/comments?post=2213"}],"wp:featuredmedia":[{"embeddable":true,"href":"https:\/\/hkbricool.com\/%d8%a7%d9%84%d8%b1%d8%a6%d9%8a%d8%b3%d9%8a%d8%a9\/shop\/wp-json\/wp\/v2\/media\/2211"}],"wp:attachment":[{"href":"https:\/\/hkbricool.com\/%d8%a7%d9%84%d8%b1%d8%a6%d9%8a%d8%b3%d9%8a%d8%a9\/shop\/wp-json\/wp\/v2\/media?parent=2213"}],"wp:term":[{"taxonomy":"product_brand","embeddable":true,"href":"https:\/\/hkbricool.com\/%d8%a7%d9%84%d8%b1%d8%a6%d9%8a%d8%b3%d9%8a%d8%a9\/shop\/wp-json\/wp\/v2\/product_brand?post=2213"},{"taxonomy":"product_cat","embeddable":true,"href":"https:\/\/hkbricool.com\/%d8%a7%d9%84%d8%b1%d8%a6%d9%8a%d8%b3%d9%8a%d8%a9\/shop\/wp-json\/wp\/v2\/product_cat?post=2213"},{"taxonomy":"product_tag","embeddable":true,"href":"https:\/\/hkbricool.com\/%d8%a7%d9%84%d8%b1%d8%a6%d9%8a%d8%b3%d9%8a%d8%a9\/shop\/wp-json\/wp\/v2\/product_tag?post=2213"}],"curies":[{"name":"wp","href":"https:\/\/api.w.org\/{rel}","templated":true}]}}