{"id":2198,"date":"2024-12-11T13:57:17","date_gmt":"2024-12-11T13:57:17","guid":{"rendered":"https:\/\/hkbricool.com\/%d8%a7%d9%84%d8%b1%d8%a6%d9%8a%d8%b3%d9%8a%d8%a9\/?post_type=product&#038;p=2198"},"modified":"2024-12-15T09:23:22","modified_gmt":"2024-12-15T09:23:22","slug":"topvei-coupe-faience-1200-mm-avec-laser","status":"publish","type":"product","link":"https:\/\/hkbricool.com\/%d8%a7%d9%84%d8%b1%d8%a6%d9%8a%d8%b3%d9%8a%d8%a9\/shop\/product\/topvei-coupe-faience-1200-mm-avec-laser\/","title":{"rendered":"TOPVEI COUPE FAIENCE 1200 MM AVEC LASER"},"content":{"rendered":"<p>Coupe-Fa\u00efence 1200mm VIKTA TOP<\/p>\n<p>Le coupe-Fa\u00efence VIKTA TOP M-1-1200 est un outil manuel robuste et pr\u00e9cis con\u00e7u pour couper facilement et rapidement les carreaux de c\u00e9ramique, de porcelaine et de gr\u00e8s.<\/p>\n<p>Caract\u00e9ristiques:<\/p>\n<ul>\n<li>Guide de coupe en acier inoxydable: Garantit des coupes pr\u00e9cises et droites.<\/li>\n<li>Molette en carbure de tungst\u00e8ne: Durable et permet de couper des carreaux durs sans effort.<\/li>\n<li>Poign\u00e9e ergonomique: Offre une prise en main confortable et une utilisation prolong\u00e9e sans fatigue.<\/li>\n<li>Capacit\u00e9 de coupe: Jusqu\u2019\u00e0 1200 mm<\/li>\n<li>\u00c9paisseur de coupe: 6 \u00e0 15 mm.<\/li>\n<\/ul>\n<p>Avantages :<\/p>\n<ul>\n<li>Pr\u00e9cision: Le guide de coupe en acier inoxydable et la molette en carbure de tungst\u00e8ne garantissent des coupes pr\u00e9cises et nettes.<\/li>\n<li>Facilit\u00e9 d\u2019utilisation: La poign\u00e9e ergonomique et le syst\u00e8me de guidage facilitent la coupe des carreaux.<\/li>\n<li>Polyvalence: Le coupe-carreaux peut \u00eatre utilis\u00e9 pour couper diff\u00e9rents types de carreaux, y compris la c\u00e9ramique, la porcelaine et le gr\u00e8s.<\/li>\n<li>Robustesse: La base en aluminium et la molette en carbure de tungst\u00e8ne garantissent une longue dur\u00e9e de vie.<\/li>\n<\/ul>\n<p>Marque: VIKTA TOP<br \/>\nR\u00e9f\u00e9rence: M-1-1200<\/p>\n","protected":false},"excerpt":{"rendered":"<p>Coupe-Fa\u00efence 1200mm VIKTA TOP Le coupe-Fa\u00efence VIKTA TOP M-1-1200 est un outil manuel robuste et pr\u00e9cis con\u00e7u pour couper facilement et rapidement les carreaux de c\u00e9ramique, de porcelaine et de gr\u00e8s. Caract\u00e9ristiques: Guide de coupe en acier inoxydable: Garantit des coupes pr\u00e9cises et droites. Molette en carbure de tungst\u00e8ne: Durable et permet de couper des [&hellip;]<\/p>\n","protected":false},"featured_media":2199,"comment_status":"open","ping_status":"closed","template":"","meta":{"_uag_custom_page_level_css":""},"product_brand":[],"product_cat":[38],"product_tag":[],"class_list":{"0":"post-2198","1":"product","2":"type-product","3":"status-publish","4":"has-post-thumbnail","6":"product_cat-topvei","8":"first","9":"instock","10":"sale","11":"shipping-taxable","12":"purchasable","13":"product-type-simple"},"aioseo_notices":[],"uagb_featured_image_src":{"full":["https:\/\/hkbricool.com\/wp-content\/uploads\/2024\/12\/H2438e41ea0a142f6b334788e2cefc061k.webp",1044,1043,false],"thumbnail":["https:\/\/hkbricool.com\/wp-content\/uploads\/2024\/12\/H2438e41ea0a142f6b334788e2cefc061k-150x150.webp",150,150,true],"medium":["https:\/\/hkbricool.com\/wp-content\/uploads\/2024\/12\/H2438e41ea0a142f6b334788e2cefc061k-300x300.webp",300,300,true],"medium_large":["https:\/\/hkbricool.com\/wp-content\/uploads\/2024\/12\/H2438e41ea0a142f6b334788e2cefc061k-768x767.webp",768,767,true],"large":["https:\/\/hkbricool.com\/wp-content\/uploads\/2024\/12\/H2438e41ea0a142f6b334788e2cefc061k-1024x1024.webp",960,960,true],"1536x1536":["https:\/\/hkbricool.com\/wp-content\/uploads\/2024\/12\/H2438e41ea0a142f6b334788e2cefc061k.webp",1044,1043,false],"2048x2048":["https:\/\/hkbricool.com\/wp-content\/uploads\/2024\/12\/H2438e41ea0a142f6b334788e2cefc061k.webp",1044,1043,false],"post-thumbnail":["https:\/\/hkbricool.com\/wp-content\/uploads\/2024\/12\/H2438e41ea0a142f6b334788e2cefc061k-960x540.webp",960,540,true],"hanout_item":["https:\/\/hkbricool.com\/wp-content\/uploads\/2024\/12\/H2438e41ea0a142f6b334788e2cefc061k-630x630.webp",630,630,true],"hanout_item_media_sm":["https:\/\/hkbricool.com\/wp-content\/uploads\/2024\/12\/H2438e41ea0a142f6b334788e2cefc061k-90x90.webp",90,90,true],"hanout_hero":["https:\/\/hkbricool.com\/wp-content\/uploads\/2024\/12\/H2438e41ea0a142f6b334788e2cefc061k-1044x300.webp",1044,300,true],"hanout_block_item_lg":["https:\/\/hkbricool.com\/wp-content\/uploads\/2024\/12\/H2438e41ea0a142f6b334788e2cefc061k-910x510.webp",910,510,true],"hanout_block_item_long":["https:\/\/hkbricool.com\/wp-content\/uploads\/2024\/12\/H2438e41ea0a142f6b334788e2cefc061k-1044x215.webp",1044,215,true],"hanout_block_item_md":["https:\/\/hkbricool.com\/wp-content\/uploads\/2024\/12\/H2438e41ea0a142f6b334788e2cefc061k-630x345.webp",630,345,true],"hanout_block_item_xl":["https:\/\/hkbricool.com\/wp-content\/uploads\/2024\/12\/H2438e41ea0a142f6b334788e2cefc061k-1044x725.webp",1044,725,true],"hanout_featgal_small_thumb":["https:\/\/hkbricool.com\/wp-content\/uploads\/2024\/12\/H2438e41ea0a142f6b334788e2cefc061k-100x100.webp",100,100,true],"woocommerce_thumbnail":["https:\/\/hkbricool.com\/wp-content\/uploads\/2024\/12\/H2438e41ea0a142f6b334788e2cefc061k-630x630.webp",630,630,true],"woocommerce_single":["https:\/\/hkbricool.com\/wp-content\/uploads\/2024\/12\/H2438e41ea0a142f6b334788e2cefc061k-690x689.webp",690,689,true],"woocommerce_gallery_thumbnail":["https:\/\/hkbricool.com\/wp-content\/uploads\/2024\/12\/H2438e41ea0a142f6b334788e2cefc061k-160x160.webp",160,160,true],"maxslider_slide":["https:\/\/hkbricool.com\/wp-content\/uploads\/2024\/12\/H2438e41ea0a142f6b334788e2cefc061k-750x450.webp",750,450,true]},"uagb_author_info":{"display_name":"khaledsed20@gmail.com","author_link":"https:\/\/hkbricool.com\/%d8%a7%d9%84%d8%b1%d8%a6%d9%8a%d8%b3%d9%8a%d8%a9\/shop\/author\/"},"uagb_comment_info":0,"uagb_excerpt":"Coupe-Fa\u00efence 1200mm VIKTA TOP Le coupe-Fa\u00efence VIKTA TOP M-1-1200 est un outil manuel robuste et pr\u00e9cis con\u00e7u pour couper facilement et rapidement les carreaux de c\u00e9ramique, de porcelaine et de gr\u00e8s. Caract\u00e9ristiques: Guide de coupe en acier inoxydable: Garantit des coupes pr\u00e9cises et droites. Molette en carbure de tungst\u00e8ne: Durable et permet de couper des&hellip;","_links":{"self":[{"href":"https:\/\/hkbricool.com\/%d8%a7%d9%84%d8%b1%d8%a6%d9%8a%d8%b3%d9%8a%d8%a9\/shop\/wp-json\/wp\/v2\/product\/2198","targetHints":{"allow":["GET"]}}],"collection":[{"href":"https:\/\/hkbricool.com\/%d8%a7%d9%84%d8%b1%d8%a6%d9%8a%d8%b3%d9%8a%d8%a9\/shop\/wp-json\/wp\/v2\/product"}],"about":[{"href":"https:\/\/hkbricool.com\/%d8%a7%d9%84%d8%b1%d8%a6%d9%8a%d8%b3%d9%8a%d8%a9\/shop\/wp-json\/wp\/v2\/types\/product"}],"replies":[{"embeddable":true,"href":"https:\/\/hkbricool.com\/%d8%a7%d9%84%d8%b1%d8%a6%d9%8a%d8%b3%d9%8a%d8%a9\/shop\/wp-json\/wp\/v2\/comments?post=2198"}],"wp:featuredmedia":[{"embeddable":true,"href":"https:\/\/hkbricool.com\/%d8%a7%d9%84%d8%b1%d8%a6%d9%8a%d8%b3%d9%8a%d8%a9\/shop\/wp-json\/wp\/v2\/media\/2199"}],"wp:attachment":[{"href":"https:\/\/hkbricool.com\/%d8%a7%d9%84%d8%b1%d8%a6%d9%8a%d8%b3%d9%8a%d8%a9\/shop\/wp-json\/wp\/v2\/media?parent=2198"}],"wp:term":[{"taxonomy":"product_brand","embeddable":true,"href":"https:\/\/hkbricool.com\/%d8%a7%d9%84%d8%b1%d8%a6%d9%8a%d8%b3%d9%8a%d8%a9\/shop\/wp-json\/wp\/v2\/product_brand?post=2198"},{"taxonomy":"product_cat","embeddable":true,"href":"https:\/\/hkbricool.com\/%d8%a7%d9%84%d8%b1%d8%a6%d9%8a%d8%b3%d9%8a%d8%a9\/shop\/wp-json\/wp\/v2\/product_cat?post=2198"},{"taxonomy":"product_tag","embeddable":true,"href":"https:\/\/hkbricool.com\/%d8%a7%d9%84%d8%b1%d8%a6%d9%8a%d8%b3%d9%8a%d8%a9\/shop\/wp-json\/wp\/v2\/product_tag?post=2198"}],"curies":[{"name":"wp","href":"https:\/\/api.w.org\/{rel}","templated":true}]}}