{"id":2196,"date":"2024-12-11T10:57:22","date_gmt":"2024-12-11T10:57:22","guid":{"rendered":"https:\/\/hkbricool.com\/%d8%a7%d9%84%d8%b1%d8%a6%d9%8a%d8%b3%d9%8a%d8%a9\/?post_type=product&#038;p=2196"},"modified":"2024-12-15T09:04:04","modified_gmt":"2024-12-15T09:04:04","slug":"virax-5212-00-chalumeau-aero-propane-gp","status":"publish","type":"product","link":"https:\/\/hkbricool.com\/%d8%a7%d9%84%d8%b1%d8%a6%d9%8a%d8%b3%d9%8a%d8%a9\/shop\/product\/virax-5212-00-chalumeau-aero-propane-gp\/","title":{"rendered":"VIRAX 5212 00 CHALUMEAU AERO-PROPANE GP"},"content":{"rendered":"<h4>Brasage tendre jusqu\u2019\u00e0 \u00d8 42 mm.<br \/>\nBrasage fort (40% argent) jusqu\u2019\u00e0 \u00d8 28 mm.<br \/>\nLance dard \u00d8 18 mm.<br \/>\nManche ergonomique.<\/h4>\n","protected":false},"excerpt":{"rendered":"<p>Brasage tendre jusqu\u2019\u00e0 \u00d8 42 mm. Brasage fort (40% argent) jusqu\u2019\u00e0 \u00d8 28 mm. Lance dard \u00d8 18 mm. Manche ergonomique.<\/p>\n","protected":false},"featured_media":2197,"comment_status":"open","ping_status":"closed","template":"","meta":{"_uag_custom_page_level_css":""},"product_brand":[],"product_cat":[39],"product_tag":[],"class_list":{"0":"post-2196","1":"product","2":"type-product","3":"status-publish","4":"has-post-thumbnail","6":"product_cat-virax","8":"first","9":"instock","10":"sale","11":"shipping-taxable","12":"purchasable","13":"product-type-simple"},"aioseo_notices":[],"uagb_featured_image_src":{"full":["https:\/\/hkbricool.com\/wp-content\/uploads\/2024\/12\/1809-Chalumeau-aero-propane-gp-521200-VIRAX.jpg",1050,1239,false],"thumbnail":["https:\/\/hkbricool.com\/wp-content\/uploads\/2024\/12\/1809-Chalumeau-aero-propane-gp-521200-VIRAX-150x150.jpg",150,150,true],"medium":["https:\/\/hkbricool.com\/wp-content\/uploads\/2024\/12\/1809-Chalumeau-aero-propane-gp-521200-VIRAX-254x300.jpg",254,300,true],"medium_large":["https:\/\/hkbricool.com\/wp-content\/uploads\/2024\/12\/1809-Chalumeau-aero-propane-gp-521200-VIRAX-768x906.jpg",768,906,true],"large":["https:\/\/hkbricool.com\/wp-content\/uploads\/2024\/12\/1809-Chalumeau-aero-propane-gp-521200-VIRAX-868x1024.jpg",868,1024,true],"1536x1536":["https:\/\/hkbricool.com\/wp-content\/uploads\/2024\/12\/1809-Chalumeau-aero-propane-gp-521200-VIRAX.jpg",1050,1239,false],"2048x2048":["https:\/\/hkbricool.com\/wp-content\/uploads\/2024\/12\/1809-Chalumeau-aero-propane-gp-521200-VIRAX.jpg",1050,1239,false],"post-thumbnail":["https:\/\/hkbricool.com\/wp-content\/uploads\/2024\/12\/1809-Chalumeau-aero-propane-gp-521200-VIRAX-960x540.jpg",960,540,true],"hanout_item":["https:\/\/hkbricool.com\/wp-content\/uploads\/2024\/12\/1809-Chalumeau-aero-propane-gp-521200-VIRAX-630x630.jpg",630,630,true],"hanout_item_media_sm":["https:\/\/hkbricool.com\/wp-content\/uploads\/2024\/12\/1809-Chalumeau-aero-propane-gp-521200-VIRAX-90x90.jpg",90,90,true],"hanout_hero":["https:\/\/hkbricool.com\/wp-content\/uploads\/2024\/12\/1809-Chalumeau-aero-propane-gp-521200-VIRAX-1050x300.jpg",1050,300,true],"hanout_block_item_lg":["https:\/\/hkbricool.com\/wp-content\/uploads\/2024\/12\/1809-Chalumeau-aero-propane-gp-521200-VIRAX-910x510.jpg",910,510,true],"hanout_block_item_long":["https:\/\/hkbricool.com\/wp-content\/uploads\/2024\/12\/1809-Chalumeau-aero-propane-gp-521200-VIRAX-1050x215.jpg",1050,215,true],"hanout_block_item_md":["https:\/\/hkbricool.com\/wp-content\/uploads\/2024\/12\/1809-Chalumeau-aero-propane-gp-521200-VIRAX-630x345.jpg",630,345,true],"hanout_block_item_xl":["https:\/\/hkbricool.com\/wp-content\/uploads\/2024\/12\/1809-Chalumeau-aero-propane-gp-521200-VIRAX-1050x725.jpg",1050,725,true],"hanout_featgal_small_thumb":["https:\/\/hkbricool.com\/wp-content\/uploads\/2024\/12\/1809-Chalumeau-aero-propane-gp-521200-VIRAX-100x100.jpg",100,100,true],"woocommerce_thumbnail":["https:\/\/hkbricool.com\/wp-content\/uploads\/2024\/12\/1809-Chalumeau-aero-propane-gp-521200-VIRAX-630x630.jpg",630,630,true],"woocommerce_single":["https:\/\/hkbricool.com\/wp-content\/uploads\/2024\/12\/1809-Chalumeau-aero-propane-gp-521200-VIRAX-690x814.jpg",690,814,true],"woocommerce_gallery_thumbnail":["https:\/\/hkbricool.com\/wp-content\/uploads\/2024\/12\/1809-Chalumeau-aero-propane-gp-521200-VIRAX-160x160.jpg",160,160,true],"maxslider_slide":["https:\/\/hkbricool.com\/wp-content\/uploads\/2024\/12\/1809-Chalumeau-aero-propane-gp-521200-VIRAX-750x450.jpg",750,450,true]},"uagb_author_info":{"display_name":"khaledsed20@gmail.com","author_link":"https:\/\/hkbricool.com\/%d8%a7%d9%84%d8%b1%d8%a6%d9%8a%d8%b3%d9%8a%d8%a9\/shop\/author\/"},"uagb_comment_info":0,"uagb_excerpt":"Brasage tendre jusqu\u2019\u00e0 \u00d8 42 mm. Brasage fort (40% argent) jusqu\u2019\u00e0 \u00d8 28 mm. Lance dard \u00d8 18 mm. Manche ergonomique.","_links":{"self":[{"href":"https:\/\/hkbricool.com\/%d8%a7%d9%84%d8%b1%d8%a6%d9%8a%d8%b3%d9%8a%d8%a9\/shop\/wp-json\/wp\/v2\/product\/2196","targetHints":{"allow":["GET"]}}],"collection":[{"href":"https:\/\/hkbricool.com\/%d8%a7%d9%84%d8%b1%d8%a6%d9%8a%d8%b3%d9%8a%d8%a9\/shop\/wp-json\/wp\/v2\/product"}],"about":[{"href":"https:\/\/hkbricool.com\/%d8%a7%d9%84%d8%b1%d8%a6%d9%8a%d8%b3%d9%8a%d8%a9\/shop\/wp-json\/wp\/v2\/types\/product"}],"replies":[{"embeddable":true,"href":"https:\/\/hkbricool.com\/%d8%a7%d9%84%d8%b1%d8%a6%d9%8a%d8%b3%d9%8a%d8%a9\/shop\/wp-json\/wp\/v2\/comments?post=2196"}],"wp:featuredmedia":[{"embeddable":true,"href":"https:\/\/hkbricool.com\/%d8%a7%d9%84%d8%b1%d8%a6%d9%8a%d8%b3%d9%8a%d8%a9\/shop\/wp-json\/wp\/v2\/media\/2197"}],"wp:attachment":[{"href":"https:\/\/hkbricool.com\/%d8%a7%d9%84%d8%b1%d8%a6%d9%8a%d8%b3%d9%8a%d8%a9\/shop\/wp-json\/wp\/v2\/media?parent=2196"}],"wp:term":[{"taxonomy":"product_brand","embeddable":true,"href":"https:\/\/hkbricool.com\/%d8%a7%d9%84%d8%b1%d8%a6%d9%8a%d8%b3%d9%8a%d8%a9\/shop\/wp-json\/wp\/v2\/product_brand?post=2196"},{"taxonomy":"product_cat","embeddable":true,"href":"https:\/\/hkbricool.com\/%d8%a7%d9%84%d8%b1%d8%a6%d9%8a%d8%b3%d9%8a%d8%a9\/shop\/wp-json\/wp\/v2\/product_cat?post=2196"},{"taxonomy":"product_tag","embeddable":true,"href":"https:\/\/hkbricool.com\/%d8%a7%d9%84%d8%b1%d8%a6%d9%8a%d8%b3%d9%8a%d8%a9\/shop\/wp-json\/wp\/v2\/product_tag?post=2196"}],"curies":[{"name":"wp","href":"https:\/\/api.w.org\/{rel}","templated":true}]}}