{"id":2178,"date":"2024-12-11T09:10:21","date_gmt":"2024-12-11T09:10:21","guid":{"rendered":"https:\/\/hkbricool.com\/%d8%a7%d9%84%d8%b1%d8%a6%d9%8a%d8%b3%d9%8a%d8%a9\/?post_type=product&#038;p=2178"},"modified":"2024-12-15T09:10:20","modified_gmt":"2024-12-15T09:10:20","slug":"virax-pince-a-cintrer-acier-rayon-cintrage-42mm-tube-o14mm-vir-251114","status":"publish","type":"product","link":"https:\/\/hkbricool.com\/%d8%a7%d9%84%d8%b1%d8%a6%d9%8a%d8%b3%d9%8a%d8%a9\/shop\/product\/virax-pince-a-cintrer-acier-rayon-cintrage-42mm-tube-o14mm-vir-251114\/","title":{"rendered":"VIRAX 2511 14 Pince \u00e0 cintrer acier rayon cintrage 42mm tube \u00d814mm"},"content":{"rendered":"<p><strong>HKBRICOOL <\/strong>\u00a0vous propose une\u00a0<strong>PINCE A CEINTRER 14*1 VIRAX<\/strong>,\u00a0<em>est un outil \u00e0 main utilis\u00e9 pour cintrer des tubes en cuivre. Il est fabriqu\u00e9 en acier durable et comporte une poign\u00e9e confortable pour une utilisation facile. La pince est con\u00e7ue pour cintrer des tubes de 14 mm de diam\u00e8tre avec un rayon de cintrage de 2 a 3.5D.<\/em><\/p>\n<ul>\n<li>Pour\u00a0tube cuivre \u00e9croui et recuit : \u00d8\u00a06 \u00e0 18 mm et \u00d8 1\/4\u2033 \u00e0 5\/8\u2033 OD \/ \u00e9paisseur 1 \u00e0 1,2 mm.<\/li>\n<li>Rayon de cintrage : 2 \u00e0 3,5 D.<br \/>\n<strong>Pour r\u00e9aliser les coudes \u00e0 rayon tr\u00e8s court et des contre-coudes dans tous les plans.<\/strong><br \/>\nAngle de cintrage : jusqu\u2019\u00e0 180\u00b0.<br \/>\nGraduation de 0 \u00e0 180\u00b0.<br \/>\nManche en acier. Gorge usin\u00e9e.<\/li>\n<\/ul>\n","protected":false},"excerpt":{"rendered":"<p>HKBRICOOL \u00a0vous propose une\u00a0PINCE A CEINTRER 14*1 VIRAX,\u00a0est un outil \u00e0 main utilis\u00e9 pour cintrer des tubes en cuivre. Il est fabriqu\u00e9 en acier durable et comporte une poign\u00e9e confortable pour une utilisation facile. La pince est con\u00e7ue pour cintrer des tubes de 14 mm de diam\u00e8tre avec un rayon de cintrage de 2 a [&hellip;]<\/p>\n","protected":false},"featured_media":2150,"comment_status":"open","ping_status":"closed","template":"","meta":{"_uag_custom_page_level_css":""},"product_brand":[],"product_cat":[39],"product_tag":[],"class_list":{"0":"post-2178","1":"product","2":"type-product","3":"status-publish","4":"has-post-thumbnail","6":"product_cat-virax","8":"first","9":"instock","10":"sale","11":"shipping-taxable","12":"purchasable","13":"product-type-simple"},"aioseo_notices":[],"uagb_featured_image_src":{"full":["https:\/\/hkbricool.com\/wp-content\/uploads\/2024\/12\/30363-251112.webp",700,700,false],"thumbnail":["https:\/\/hkbricool.com\/wp-content\/uploads\/2024\/12\/30363-251112-150x150.webp",150,150,true],"medium":["https:\/\/hkbricool.com\/wp-content\/uploads\/2024\/12\/30363-251112-300x300.webp",300,300,true],"medium_large":["https:\/\/hkbricool.com\/wp-content\/uploads\/2024\/12\/30363-251112.webp",700,700,false],"large":["https:\/\/hkbricool.com\/wp-content\/uploads\/2024\/12\/30363-251112.webp",700,700,false],"1536x1536":["https:\/\/hkbricool.com\/wp-content\/uploads\/2024\/12\/30363-251112.webp",700,700,false],"2048x2048":["https:\/\/hkbricool.com\/wp-content\/uploads\/2024\/12\/30363-251112.webp",700,700,false],"post-thumbnail":["https:\/\/hkbricool.com\/wp-content\/uploads\/2024\/12\/30363-251112-700x540.webp",700,540,true],"hanout_item":["https:\/\/hkbricool.com\/wp-content\/uploads\/2024\/12\/30363-251112-630x630.webp",630,630,true],"hanout_item_media_sm":["https:\/\/hkbricool.com\/wp-content\/uploads\/2024\/12\/30363-251112-90x90.webp",90,90,true],"hanout_hero":["https:\/\/hkbricool.com\/wp-content\/uploads\/2024\/12\/30363-251112-700x300.webp",700,300,true],"hanout_block_item_lg":["https:\/\/hkbricool.com\/wp-content\/uploads\/2024\/12\/30363-251112-700x510.webp",700,510,true],"hanout_block_item_long":["https:\/\/hkbricool.com\/wp-content\/uploads\/2024\/12\/30363-251112-700x215.webp",700,215,true],"hanout_block_item_md":["https:\/\/hkbricool.com\/wp-content\/uploads\/2024\/12\/30363-251112-630x345.webp",630,345,true],"hanout_block_item_xl":["https:\/\/hkbricool.com\/wp-content\/uploads\/2024\/12\/30363-251112.webp",700,700,false],"hanout_featgal_small_thumb":["https:\/\/hkbricool.com\/wp-content\/uploads\/2024\/12\/30363-251112-100x100.webp",100,100,true],"woocommerce_thumbnail":["https:\/\/hkbricool.com\/wp-content\/uploads\/2024\/12\/30363-251112-630x630.webp",630,630,true],"woocommerce_single":["https:\/\/hkbricool.com\/wp-content\/uploads\/2024\/12\/30363-251112-690x690.webp",690,690,true],"woocommerce_gallery_thumbnail":["https:\/\/hkbricool.com\/wp-content\/uploads\/2024\/12\/30363-251112-160x160.webp",160,160,true],"maxslider_slide":["https:\/\/hkbricool.com\/wp-content\/uploads\/2024\/12\/30363-251112-700x450.webp",700,450,true]},"uagb_author_info":{"display_name":"khaledsed20@gmail.com","author_link":"https:\/\/hkbricool.com\/%d8%a7%d9%84%d8%b1%d8%a6%d9%8a%d8%b3%d9%8a%d8%a9\/shop\/author\/"},"uagb_comment_info":0,"uagb_excerpt":"HKBRICOOL \u00a0vous propose une\u00a0PINCE A CEINTRER 14*1 VIRAX,\u00a0est un outil \u00e0 main utilis\u00e9 pour cintrer des tubes en cuivre. Il est fabriqu\u00e9 en acier durable et comporte une poign\u00e9e confortable pour une utilisation facile. La pince est con\u00e7ue pour cintrer des tubes de 14 mm de diam\u00e8tre avec un rayon de cintrage de 2 a&hellip;","_links":{"self":[{"href":"https:\/\/hkbricool.com\/%d8%a7%d9%84%d8%b1%d8%a6%d9%8a%d8%b3%d9%8a%d8%a9\/shop\/wp-json\/wp\/v2\/product\/2178","targetHints":{"allow":["GET"]}}],"collection":[{"href":"https:\/\/hkbricool.com\/%d8%a7%d9%84%d8%b1%d8%a6%d9%8a%d8%b3%d9%8a%d8%a9\/shop\/wp-json\/wp\/v2\/product"}],"about":[{"href":"https:\/\/hkbricool.com\/%d8%a7%d9%84%d8%b1%d8%a6%d9%8a%d8%b3%d9%8a%d8%a9\/shop\/wp-json\/wp\/v2\/types\/product"}],"replies":[{"embeddable":true,"href":"https:\/\/hkbricool.com\/%d8%a7%d9%84%d8%b1%d8%a6%d9%8a%d8%b3%d9%8a%d8%a9\/shop\/wp-json\/wp\/v2\/comments?post=2178"}],"wp:featuredmedia":[{"embeddable":true,"href":"https:\/\/hkbricool.com\/%d8%a7%d9%84%d8%b1%d8%a6%d9%8a%d8%b3%d9%8a%d8%a9\/shop\/wp-json\/wp\/v2\/media\/2150"}],"wp:attachment":[{"href":"https:\/\/hkbricool.com\/%d8%a7%d9%84%d8%b1%d8%a6%d9%8a%d8%b3%d9%8a%d8%a9\/shop\/wp-json\/wp\/v2\/media?parent=2178"}],"wp:term":[{"taxonomy":"product_brand","embeddable":true,"href":"https:\/\/hkbricool.com\/%d8%a7%d9%84%d8%b1%d8%a6%d9%8a%d8%b3%d9%8a%d8%a9\/shop\/wp-json\/wp\/v2\/product_brand?post=2178"},{"taxonomy":"product_cat","embeddable":true,"href":"https:\/\/hkbricool.com\/%d8%a7%d9%84%d8%b1%d8%a6%d9%8a%d8%b3%d9%8a%d8%a9\/shop\/wp-json\/wp\/v2\/product_cat?post=2178"},{"taxonomy":"product_tag","embeddable":true,"href":"https:\/\/hkbricool.com\/%d8%a7%d9%84%d8%b1%d8%a6%d9%8a%d8%b3%d9%8a%d8%a9\/shop\/wp-json\/wp\/v2\/product_tag?post=2178"}],"curies":[{"name":"wp","href":"https:\/\/api.w.org\/{rel}","templated":true}]}}