{"id":2152,"date":"2024-12-10T13:21:31","date_gmt":"2024-12-10T13:21:31","guid":{"rendered":"https:\/\/hkbricool.com\/%d8%a7%d9%84%d8%b1%d8%a6%d9%8a%d8%b3%d9%8a%d8%a9\/?post_type=product&#038;p=2152"},"modified":"2024-12-15T09:13:50","modified_gmt":"2024-12-15T09:13:50","slug":"virax-2150-90-coupe-tube-a-lame-dia-42-mm-pc42","status":"publish","type":"product","link":"https:\/\/hkbricool.com\/%d8%a7%d9%84%d8%b1%d8%a6%d9%8a%d8%b3%d9%8a%d8%a9\/shop\/product\/virax-2150-90-coupe-tube-a-lame-dia-42-mm-pc42\/","title":{"rendered":"VIRAX 2150 90 COUPE TUBE A LAME DIA 42 MM PC42"},"content":{"rendered":"<p><strong>LE rev\u00eatement T\u00e9flon PTFE (polyt\u00e9trafluo\u00e9thyl\u00e8ne) poss\u00e8de un coefficient de frottement extr\u00eamement faible qui facilite le glissement de la lame. L&#8217;effort de coupe est r\u00e9duit de 20%*.<\/strong><br \/>\n<strong>(*- 20% en moyenne sur diff\u00e9rents types de tubes compar\u00e9 \u00e0 une lame avec rev\u00eatement classique).<\/strong><br \/>\n<strong>Mati\u00e8re coup\u00e9e : PVC, PP, PE, PER, PEX, ABS, PEHD, CPVC, PPR, PB, multicouche.<\/strong><br \/>\n<strong>Pr\u00e9cision de coupe : la lame en &#8220;V&#8221; permet une coupe facile et perpendiculaire.<\/strong><br \/>\n<strong>Pratique : changement de lame rapide et sans outil.<\/strong><br \/>\n<strong>Poign\u00e9e Soft Touch\u00ae : anti-d\u00e9rapant pour une bonne prise en main.E rev\u00eatement T\u00e9flon PTFE (polyt\u00e9trafluo\u00e9thyl\u00e8ne) poss\u00e8de un coefficient de frottement extr\u00eamement faible qui facilite le glissement<\/strong><br \/>\n<strong>La forme du bras sup\u00e9rieur permet un guidage parfait lors de la coupe.<\/strong><br \/>\n<strong>Coupe c\u00e2ble \u00e9lectrique int\u00e9gr\u00e9 : \u00d8 maxi 12 mm, section maxi 4G2,5 mm\u00b2.<\/strong><br \/>\n<strong>Coupe goulotte \u00e9lectrique int\u00e9gr\u00e9 : maxi 25 x 12,5 mm (PC 42); maxi 32 x 12,5 mm (PC 50).<\/strong><br \/>\n<strong>Angle de chanfrein : 15\u00b0.<\/strong><\/p>\n","protected":false},"excerpt":{"rendered":"<p>LE rev\u00eatement T\u00e9flon PTFE (polyt\u00e9trafluo\u00e9thyl\u00e8ne) poss\u00e8de un coefficient de frottement extr\u00eamement faible qui facilite le glissement de la lame. L&#8217;effort de coupe est r\u00e9duit de 20%*. (*- 20% en moyenne sur diff\u00e9rents types de tubes compar\u00e9 \u00e0 une lame avec rev\u00eatement classique). Mati\u00e8re coup\u00e9e : PVC, PP, PE, PER, PEX, ABS, PEHD, CPVC, PPR, PB, [&hellip;]<\/p>\n","protected":false},"featured_media":2153,"comment_status":"open","ping_status":"closed","template":"","meta":{"_uag_custom_page_level_css":""},"product_brand":[],"product_cat":[39],"product_tag":[],"class_list":{"0":"post-2152","1":"product","2":"type-product","3":"status-publish","4":"has-post-thumbnail","6":"product_cat-virax","8":"first","9":"instock","10":"sale","11":"shipping-taxable","12":"purchasable","13":"product-type-simple"},"aioseo_notices":[],"uagb_featured_image_src":{"full":["https:\/\/hkbricool.com\/wp-content\/uploads\/2024\/12\/215050_2.webp",1016,1200,false],"thumbnail":["https:\/\/hkbricool.com\/wp-content\/uploads\/2024\/12\/215050_2-150x150.webp",150,150,true],"medium":["https:\/\/hkbricool.com\/wp-content\/uploads\/2024\/12\/215050_2-254x300.webp",254,300,true],"medium_large":["https:\/\/hkbricool.com\/wp-content\/uploads\/2024\/12\/215050_2-768x907.webp",768,907,true],"large":["https:\/\/hkbricool.com\/wp-content\/uploads\/2024\/12\/215050_2-867x1024.webp",867,1024,true],"1536x1536":["https:\/\/hkbricool.com\/wp-content\/uploads\/2024\/12\/215050_2.webp",1016,1200,false],"2048x2048":["https:\/\/hkbricool.com\/wp-content\/uploads\/2024\/12\/215050_2.webp",1016,1200,false],"post-thumbnail":["https:\/\/hkbricool.com\/wp-content\/uploads\/2024\/12\/215050_2-960x540.webp",960,540,true],"hanout_item":["https:\/\/hkbricool.com\/wp-content\/uploads\/2024\/12\/215050_2-630x630.webp",630,630,true],"hanout_item_media_sm":["https:\/\/hkbricool.com\/wp-content\/uploads\/2024\/12\/215050_2-90x90.webp",90,90,true],"hanout_hero":["https:\/\/hkbricool.com\/wp-content\/uploads\/2024\/12\/215050_2-1016x300.webp",1016,300,true],"hanout_block_item_lg":["https:\/\/hkbricool.com\/wp-content\/uploads\/2024\/12\/215050_2-910x510.webp",910,510,true],"hanout_block_item_long":["https:\/\/hkbricool.com\/wp-content\/uploads\/2024\/12\/215050_2-1016x215.webp",1016,215,true],"hanout_block_item_md":["https:\/\/hkbricool.com\/wp-content\/uploads\/2024\/12\/215050_2-630x345.webp",630,345,true],"hanout_block_item_xl":["https:\/\/hkbricool.com\/wp-content\/uploads\/2024\/12\/215050_2-1016x725.webp",1016,725,true],"hanout_featgal_small_thumb":["https:\/\/hkbricool.com\/wp-content\/uploads\/2024\/12\/215050_2-100x100.webp",100,100,true],"woocommerce_thumbnail":["https:\/\/hkbricool.com\/wp-content\/uploads\/2024\/12\/215050_2-630x630.webp",630,630,true],"woocommerce_single":["https:\/\/hkbricool.com\/wp-content\/uploads\/2024\/12\/215050_2-690x815.webp",690,815,true],"woocommerce_gallery_thumbnail":["https:\/\/hkbricool.com\/wp-content\/uploads\/2024\/12\/215050_2-160x160.webp",160,160,true],"maxslider_slide":["https:\/\/hkbricool.com\/wp-content\/uploads\/2024\/12\/215050_2-750x450.webp",750,450,true]},"uagb_author_info":{"display_name":"khaledsed20@gmail.com","author_link":"https:\/\/hkbricool.com\/%d8%a7%d9%84%d8%b1%d8%a6%d9%8a%d8%b3%d9%8a%d8%a9\/shop\/author\/"},"uagb_comment_info":0,"uagb_excerpt":"LE rev\u00eatement T\u00e9flon PTFE (polyt\u00e9trafluo\u00e9thyl\u00e8ne) poss\u00e8de un coefficient de frottement extr\u00eamement faible qui facilite le glissement de la lame. L&#8217;effort de coupe est r\u00e9duit de 20%*. (*- 20% en moyenne sur diff\u00e9rents types de tubes compar\u00e9 \u00e0 une lame avec rev\u00eatement classique). Mati\u00e8re coup\u00e9e : PVC, PP, PE, PER, PEX, ABS, PEHD, CPVC, PPR, PB,&hellip;","_links":{"self":[{"href":"https:\/\/hkbricool.com\/%d8%a7%d9%84%d8%b1%d8%a6%d9%8a%d8%b3%d9%8a%d8%a9\/shop\/wp-json\/wp\/v2\/product\/2152","targetHints":{"allow":["GET"]}}],"collection":[{"href":"https:\/\/hkbricool.com\/%d8%a7%d9%84%d8%b1%d8%a6%d9%8a%d8%b3%d9%8a%d8%a9\/shop\/wp-json\/wp\/v2\/product"}],"about":[{"href":"https:\/\/hkbricool.com\/%d8%a7%d9%84%d8%b1%d8%a6%d9%8a%d8%b3%d9%8a%d8%a9\/shop\/wp-json\/wp\/v2\/types\/product"}],"replies":[{"embeddable":true,"href":"https:\/\/hkbricool.com\/%d8%a7%d9%84%d8%b1%d8%a6%d9%8a%d8%b3%d9%8a%d8%a9\/shop\/wp-json\/wp\/v2\/comments?post=2152"}],"wp:featuredmedia":[{"embeddable":true,"href":"https:\/\/hkbricool.com\/%d8%a7%d9%84%d8%b1%d8%a6%d9%8a%d8%b3%d9%8a%d8%a9\/shop\/wp-json\/wp\/v2\/media\/2153"}],"wp:attachment":[{"href":"https:\/\/hkbricool.com\/%d8%a7%d9%84%d8%b1%d8%a6%d9%8a%d8%b3%d9%8a%d8%a9\/shop\/wp-json\/wp\/v2\/media?parent=2152"}],"wp:term":[{"taxonomy":"product_brand","embeddable":true,"href":"https:\/\/hkbricool.com\/%d8%a7%d9%84%d8%b1%d8%a6%d9%8a%d8%b3%d9%8a%d8%a9\/shop\/wp-json\/wp\/v2\/product_brand?post=2152"},{"taxonomy":"product_cat","embeddable":true,"href":"https:\/\/hkbricool.com\/%d8%a7%d9%84%d8%b1%d8%a6%d9%8a%d8%b3%d9%8a%d8%a9\/shop\/wp-json\/wp\/v2\/product_cat?post=2152"},{"taxonomy":"product_tag","embeddable":true,"href":"https:\/\/hkbricool.com\/%d8%a7%d9%84%d8%b1%d8%a6%d9%8a%d8%b3%d9%8a%d8%a9\/shop\/wp-json\/wp\/v2\/product_tag?post=2152"}],"curies":[{"name":"wp","href":"https:\/\/api.w.org\/{rel}","templated":true}]}}