{"id":2149,"date":"2024-12-10T12:59:55","date_gmt":"2024-12-10T12:59:55","guid":{"rendered":"https:\/\/hkbricool.com\/%d8%a7%d9%84%d8%b1%d8%a6%d9%8a%d8%b3%d9%8a%d8%a9\/?post_type=product&#038;p=2149"},"modified":"2024-12-15T09:15:35","modified_gmt":"2024-12-15T09:15:35","slug":"virax-2511-16-pince-a-cintrer-54-mm-161","status":"publish","type":"product","link":"https:\/\/hkbricool.com\/%d8%a7%d9%84%d8%b1%d8%a6%d9%8a%d8%b3%d9%8a%d8%a9\/shop\/product\/virax-2511-16-pince-a-cintrer-54-mm-161\/","title":{"rendered":"VIRAX 2511 16 PINCE A CINTRER 54 MM 16&#8243;1"},"content":{"rendered":"<p>RAYON DE CIINTRAGE: 54 mm<\/p>\n<p>Poids: 2,74 Kg<\/p>\n<p>Diam Ext MAX: 16 mm<\/p>\n<p>&nbsp;<\/p>\n<p>Pince \u00e0 cintrer acier pour tube cuivre \u00e9croui et recuit : \u00d8 6 \u00e0 18 mm et \u00d8 1\/4\u2033 \u00e0 5\/8\u2033 OD \/ \u00e9paisseur 1 \u00e0 1,2 mm.<br \/>\nRayon de cintrage : 2 \u00e0 3,5 D.<br \/>\nPour r\u00e9aliser les coudes \u00e0 rayon tr\u00e8s court et des contre-coudes dans tous les plans.<br \/>\nAngle de cintrage : jusqu\u2019\u00e0 180\u00b0.<br \/>\nGraduation de 0 \u00e0 180\u00b0.<br \/>\nManche en acier. Gorge usin\u00e9e.<br \/>\nRayon de cintrage : 30 mm.<\/p>\n<div class=\"hidden-sm hidden-xs\">\n<p><strong>Points forts<\/strong><br \/>\nCintrage de tube cuivre \u00e9croui et recuit (\u00e9paisseur 1 \u00e0 1,2 mm). Angle de cintrage : jusqu\u2019\u00e0 180\u00b0. Graduation de 0 \u00e0 180\u00b0. Manche en acier.<br \/>\nRayon de cintrage : 2 \u00e0 3,5 D.<\/p>\n<\/div>\n","protected":false},"excerpt":{"rendered":"<p>RAYON DE CIINTRAGE: 54 mm Poids: 2,74 Kg Diam Ext MAX: 16 mm &nbsp; Pince \u00e0 cintrer acier pour tube cuivre \u00e9croui et recuit : \u00d8 6 \u00e0 18 mm et \u00d8 1\/4\u2033 \u00e0 5\/8\u2033 OD \/ \u00e9paisseur 1 \u00e0 1,2 mm. Rayon de cintrage : 2 \u00e0 3,5 D. Pour r\u00e9aliser les coudes \u00e0 [&hellip;]<\/p>\n","protected":false},"featured_media":2150,"comment_status":"open","ping_status":"closed","template":"","meta":{"_uag_custom_page_level_css":""},"product_brand":[],"product_cat":[39],"product_tag":[],"class_list":{"0":"post-2149","1":"product","2":"type-product","3":"status-publish","4":"has-post-thumbnail","6":"product_cat-virax","8":"first","9":"instock","10":"sale","11":"shipping-taxable","12":"purchasable","13":"product-type-simple"},"aioseo_notices":[],"uagb_featured_image_src":{"full":["https:\/\/hkbricool.com\/wp-content\/uploads\/2024\/12\/30363-251112.webp",700,700,false],"thumbnail":["https:\/\/hkbricool.com\/wp-content\/uploads\/2024\/12\/30363-251112-150x150.webp",150,150,true],"medium":["https:\/\/hkbricool.com\/wp-content\/uploads\/2024\/12\/30363-251112-300x300.webp",300,300,true],"medium_large":["https:\/\/hkbricool.com\/wp-content\/uploads\/2024\/12\/30363-251112.webp",700,700,false],"large":["https:\/\/hkbricool.com\/wp-content\/uploads\/2024\/12\/30363-251112.webp",700,700,false],"1536x1536":["https:\/\/hkbricool.com\/wp-content\/uploads\/2024\/12\/30363-251112.webp",700,700,false],"2048x2048":["https:\/\/hkbricool.com\/wp-content\/uploads\/2024\/12\/30363-251112.webp",700,700,false],"post-thumbnail":["https:\/\/hkbricool.com\/wp-content\/uploads\/2024\/12\/30363-251112-700x540.webp",700,540,true],"hanout_item":["https:\/\/hkbricool.com\/wp-content\/uploads\/2024\/12\/30363-251112-630x630.webp",630,630,true],"hanout_item_media_sm":["https:\/\/hkbricool.com\/wp-content\/uploads\/2024\/12\/30363-251112-90x90.webp",90,90,true],"hanout_hero":["https:\/\/hkbricool.com\/wp-content\/uploads\/2024\/12\/30363-251112-700x300.webp",700,300,true],"hanout_block_item_lg":["https:\/\/hkbricool.com\/wp-content\/uploads\/2024\/12\/30363-251112-700x510.webp",700,510,true],"hanout_block_item_long":["https:\/\/hkbricool.com\/wp-content\/uploads\/2024\/12\/30363-251112-700x215.webp",700,215,true],"hanout_block_item_md":["https:\/\/hkbricool.com\/wp-content\/uploads\/2024\/12\/30363-251112-630x345.webp",630,345,true],"hanout_block_item_xl":["https:\/\/hkbricool.com\/wp-content\/uploads\/2024\/12\/30363-251112.webp",700,700,false],"hanout_featgal_small_thumb":["https:\/\/hkbricool.com\/wp-content\/uploads\/2024\/12\/30363-251112-100x100.webp",100,100,true],"woocommerce_thumbnail":["https:\/\/hkbricool.com\/wp-content\/uploads\/2024\/12\/30363-251112-630x630.webp",630,630,true],"woocommerce_single":["https:\/\/hkbricool.com\/wp-content\/uploads\/2024\/12\/30363-251112-690x690.webp",690,690,true],"woocommerce_gallery_thumbnail":["https:\/\/hkbricool.com\/wp-content\/uploads\/2024\/12\/30363-251112-160x160.webp",160,160,true],"maxslider_slide":["https:\/\/hkbricool.com\/wp-content\/uploads\/2024\/12\/30363-251112-700x450.webp",700,450,true]},"uagb_author_info":{"display_name":"khaledsed20@gmail.com","author_link":"https:\/\/hkbricool.com\/%d8%a7%d9%84%d8%b1%d8%a6%d9%8a%d8%b3%d9%8a%d8%a9\/shop\/author\/"},"uagb_comment_info":0,"uagb_excerpt":"RAYON DE CIINTRAGE: 54 mm Poids: 2,74 Kg Diam Ext MAX: 16 mm &nbsp; Pince \u00e0 cintrer acier pour tube cuivre \u00e9croui et recuit : \u00d8 6 \u00e0 18 mm et \u00d8 1\/4\u2033 \u00e0 5\/8\u2033 OD \/ \u00e9paisseur 1 \u00e0 1,2 mm. Rayon de cintrage : 2 \u00e0 3,5 D. Pour r\u00e9aliser les coudes \u00e0&hellip;","_links":{"self":[{"href":"https:\/\/hkbricool.com\/%d8%a7%d9%84%d8%b1%d8%a6%d9%8a%d8%b3%d9%8a%d8%a9\/shop\/wp-json\/wp\/v2\/product\/2149","targetHints":{"allow":["GET"]}}],"collection":[{"href":"https:\/\/hkbricool.com\/%d8%a7%d9%84%d8%b1%d8%a6%d9%8a%d8%b3%d9%8a%d8%a9\/shop\/wp-json\/wp\/v2\/product"}],"about":[{"href":"https:\/\/hkbricool.com\/%d8%a7%d9%84%d8%b1%d8%a6%d9%8a%d8%b3%d9%8a%d8%a9\/shop\/wp-json\/wp\/v2\/types\/product"}],"replies":[{"embeddable":true,"href":"https:\/\/hkbricool.com\/%d8%a7%d9%84%d8%b1%d8%a6%d9%8a%d8%b3%d9%8a%d8%a9\/shop\/wp-json\/wp\/v2\/comments?post=2149"}],"wp:featuredmedia":[{"embeddable":true,"href":"https:\/\/hkbricool.com\/%d8%a7%d9%84%d8%b1%d8%a6%d9%8a%d8%b3%d9%8a%d8%a9\/shop\/wp-json\/wp\/v2\/media\/2150"}],"wp:attachment":[{"href":"https:\/\/hkbricool.com\/%d8%a7%d9%84%d8%b1%d8%a6%d9%8a%d8%b3%d9%8a%d8%a9\/shop\/wp-json\/wp\/v2\/media?parent=2149"}],"wp:term":[{"taxonomy":"product_brand","embeddable":true,"href":"https:\/\/hkbricool.com\/%d8%a7%d9%84%d8%b1%d8%a6%d9%8a%d8%b3%d9%8a%d8%a9\/shop\/wp-json\/wp\/v2\/product_brand?post=2149"},{"taxonomy":"product_cat","embeddable":true,"href":"https:\/\/hkbricool.com\/%d8%a7%d9%84%d8%b1%d8%a6%d9%8a%d8%b3%d9%8a%d8%a9\/shop\/wp-json\/wp\/v2\/product_cat?post=2149"},{"taxonomy":"product_tag","embeddable":true,"href":"https:\/\/hkbricool.com\/%d8%a7%d9%84%d8%b1%d8%a6%d9%8a%d8%b3%d9%8a%d8%a9\/shop\/wp-json\/wp\/v2\/product_tag?post=2149"}],"curies":[{"name":"wp","href":"https:\/\/api.w.org\/{rel}","templated":true}]}}