{"id":2142,"date":"2024-12-10T12:50:19","date_gmt":"2024-12-10T12:50:19","guid":{"rendered":"https:\/\/hkbricool.com\/%d8%a7%d9%84%d8%b1%d8%a6%d9%8a%d8%b3%d9%8a%d8%a9\/?post_type=product&#038;p=2142"},"modified":"2024-12-15T09:17:33","modified_gmt":"2024-12-15T09:17:33","slug":"topvei-support-a-ventouse-de-scie-a-cloche","status":"publish","type":"product","link":"https:\/\/hkbricool.com\/%d8%a7%d9%84%d8%b1%d8%a6%d9%8a%d8%b3%d9%8a%d8%a9\/shop\/product\/topvei-support-a-ventouse-de-scie-a-cloche\/","title":{"rendered":"TOPVEI SUPPORT A VENTOUSE DE SCIE A CLOCHE"},"content":{"rendered":"<p>Suelight Localisateur de scie cloche, votre aide \u00e0 la vie.<\/p>\n<p>Caract\u00e9ristiques :<br \/>\n1. Fabriqu\u00e9 en plastique de qualit\u00e9 professionnelle, de qualit\u00e9 durable, pas facile \u00e0 se fissurer.<br \/>\n2. La longueur d\u2019ouverture des plaques r\u00e9glable est de 4 \u00e0 80 mm, assez grande pour mettre dans toutes les tailles.<br \/>\nVentouse puissante et \u00e9paisse fabriqu\u00e9e en caoutchouc naturel de qualit\u00e9 sup\u00e9rieure, plus solide et autocollant pour vous offrir des travaux pr\u00e9cis, robustes et agr\u00e9ables.<br \/>\n4. Per\u00e7age plus pr\u00e9cis, facile \u00e0 ranger et peut \u00eatre utilis\u00e9 de nombreuses fois. La base ventouse a une bonne r\u00e9sistance pour maintenir le gabarit de centrage serr\u00e9 et bien sur une surface lisse.<br \/>\n5. Guide de scie cloche ou foret pour percer des trous clairs sur le carrelage, le verre, le marbre, l\u2019aquarium, le granit, la c\u00e9ramique, etc.<\/p>\n<p>Caract\u00e9ristiques :<br \/>\n1. Mat\u00e9riau : plastique technique.<br \/>\n2. Plage de serrage : 4 \u00e0 80 mm.<br \/>\n3. Dimensions du produit : environ 15 x (18,5-25) cm.<br \/>\n4. Poids du colis : environ 372 g.<\/p>\n<p>Instructions :<br \/>\n1. Ajustez la plaque coulissante pour la taille de la scie cloche \u2013 Foret que vous souhaitez utiliser. Une fois le c\u00f4t\u00e9 de la plaque est pour des tailles allant jusqu\u2019\u00e0 3,8 cm et retournez la plaque pour des tailles plus grandes jusqu\u2019\u00e0 7,6 cm.<br \/>\n2. Fixez le guide en utilisant la base d\u2019aspiration exactement l\u00e0 o\u00f9 vous voulez percer le trou. V\u00e9rifiez l\u2019emplacement du guide de per\u00e7age et la position du curseur avant de commencer \u00e0 percer. Measure : v\u00e9rifiez deux fois et percez une fois.<br \/>\n3. En utilisant l\u2019eau comme liquide de refroidissement, commencez le trou. Vous pouvez pulv\u00e9riser l\u2019eau ou utiliser le trou int\u00e9gr\u00e9.<br \/>\n4. Utilisez le guide jusqu\u2019\u00e0 ce que la scie cloche soit suffisamment profonde pour maintenir le foret en position. Vous pouvez retirer le guide et continuer \u00e0 percer.<br \/>\n5. Pendant le per\u00e7age, continuez \u00e0 utiliser de l\u2019eau pour refroidir le foret diamant \u2013 scie cloche.<\/p>\n","protected":false},"excerpt":{"rendered":"<p>Suelight Localisateur de scie cloche, votre aide \u00e0 la vie. Caract\u00e9ristiques : 1. Fabriqu\u00e9 en plastique de qualit\u00e9 professionnelle, de qualit\u00e9 durable, pas facile \u00e0 se fissurer. 2. La longueur d\u2019ouverture des plaques r\u00e9glable est de 4 \u00e0 80 mm, assez grande pour mettre dans toutes les tailles. Ventouse puissante et \u00e9paisse fabriqu\u00e9e en caoutchouc [&hellip;]<\/p>\n","protected":false},"featured_media":2145,"comment_status":"open","ping_status":"closed","template":"","meta":{"_uag_custom_page_level_css":""},"product_brand":[],"product_cat":[38],"product_tag":[],"class_list":{"0":"post-2142","1":"product","2":"type-product","3":"status-publish","4":"has-post-thumbnail","6":"product_cat-topvei","8":"first","9":"instock","10":"sale","11":"shipping-taxable","12":"purchasable","13":"product-type-simple"},"aioseo_notices":[],"uagb_featured_image_src":{"full":["https:\/\/hkbricool.com\/wp-content\/uploads\/2024\/12\/Ha04e78b91b564c808730111fd8c48bb8B.webp",800,800,false],"thumbnail":["https:\/\/hkbricool.com\/wp-content\/uploads\/2024\/12\/Ha04e78b91b564c808730111fd8c48bb8B-150x150.webp",150,150,true],"medium":["https:\/\/hkbricool.com\/wp-content\/uploads\/2024\/12\/Ha04e78b91b564c808730111fd8c48bb8B-300x300.webp",300,300,true],"medium_large":["https:\/\/hkbricool.com\/wp-content\/uploads\/2024\/12\/Ha04e78b91b564c808730111fd8c48bb8B-768x768.webp",768,768,true],"large":["https:\/\/hkbricool.com\/wp-content\/uploads\/2024\/12\/Ha04e78b91b564c808730111fd8c48bb8B.webp",800,800,false],"1536x1536":["https:\/\/hkbricool.com\/wp-content\/uploads\/2024\/12\/Ha04e78b91b564c808730111fd8c48bb8B.webp",800,800,false],"2048x2048":["https:\/\/hkbricool.com\/wp-content\/uploads\/2024\/12\/Ha04e78b91b564c808730111fd8c48bb8B.webp",800,800,false],"post-thumbnail":["https:\/\/hkbricool.com\/wp-content\/uploads\/2024\/12\/Ha04e78b91b564c808730111fd8c48bb8B-800x540.webp",800,540,true],"hanout_item":["https:\/\/hkbricool.com\/wp-content\/uploads\/2024\/12\/Ha04e78b91b564c808730111fd8c48bb8B-630x630.webp",630,630,true],"hanout_item_media_sm":["https:\/\/hkbricool.com\/wp-content\/uploads\/2024\/12\/Ha04e78b91b564c808730111fd8c48bb8B-90x90.webp",90,90,true],"hanout_hero":["https:\/\/hkbricool.com\/wp-content\/uploads\/2024\/12\/Ha04e78b91b564c808730111fd8c48bb8B-800x300.webp",800,300,true],"hanout_block_item_lg":["https:\/\/hkbricool.com\/wp-content\/uploads\/2024\/12\/Ha04e78b91b564c808730111fd8c48bb8B-800x510.webp",800,510,true],"hanout_block_item_long":["https:\/\/hkbricool.com\/wp-content\/uploads\/2024\/12\/Ha04e78b91b564c808730111fd8c48bb8B-800x215.webp",800,215,true],"hanout_block_item_md":["https:\/\/hkbricool.com\/wp-content\/uploads\/2024\/12\/Ha04e78b91b564c808730111fd8c48bb8B-630x345.webp",630,345,true],"hanout_block_item_xl":["https:\/\/hkbricool.com\/wp-content\/uploads\/2024\/12\/Ha04e78b91b564c808730111fd8c48bb8B-800x725.webp",800,725,true],"hanout_featgal_small_thumb":["https:\/\/hkbricool.com\/wp-content\/uploads\/2024\/12\/Ha04e78b91b564c808730111fd8c48bb8B-100x100.webp",100,100,true],"woocommerce_thumbnail":["https:\/\/hkbricool.com\/wp-content\/uploads\/2024\/12\/Ha04e78b91b564c808730111fd8c48bb8B-630x630.webp",630,630,true],"woocommerce_single":["https:\/\/hkbricool.com\/wp-content\/uploads\/2024\/12\/Ha04e78b91b564c808730111fd8c48bb8B-690x690.webp",690,690,true],"woocommerce_gallery_thumbnail":["https:\/\/hkbricool.com\/wp-content\/uploads\/2024\/12\/Ha04e78b91b564c808730111fd8c48bb8B-160x160.webp",160,160,true],"maxslider_slide":["https:\/\/hkbricool.com\/wp-content\/uploads\/2024\/12\/Ha04e78b91b564c808730111fd8c48bb8B-750x450.webp",750,450,true]},"uagb_author_info":{"display_name":"khaledsed20@gmail.com","author_link":"https:\/\/hkbricool.com\/%d8%a7%d9%84%d8%b1%d8%a6%d9%8a%d8%b3%d9%8a%d8%a9\/shop\/author\/"},"uagb_comment_info":0,"uagb_excerpt":"Suelight Localisateur de scie cloche, votre aide \u00e0 la vie. Caract\u00e9ristiques : 1. Fabriqu\u00e9 en plastique de qualit\u00e9 professionnelle, de qualit\u00e9 durable, pas facile \u00e0 se fissurer. 2. La longueur d\u2019ouverture des plaques r\u00e9glable est de 4 \u00e0 80 mm, assez grande pour mettre dans toutes les tailles. Ventouse puissante et \u00e9paisse fabriqu\u00e9e en caoutchouc&hellip;","_links":{"self":[{"href":"https:\/\/hkbricool.com\/%d8%a7%d9%84%d8%b1%d8%a6%d9%8a%d8%b3%d9%8a%d8%a9\/shop\/wp-json\/wp\/v2\/product\/2142","targetHints":{"allow":["GET"]}}],"collection":[{"href":"https:\/\/hkbricool.com\/%d8%a7%d9%84%d8%b1%d8%a6%d9%8a%d8%b3%d9%8a%d8%a9\/shop\/wp-json\/wp\/v2\/product"}],"about":[{"href":"https:\/\/hkbricool.com\/%d8%a7%d9%84%d8%b1%d8%a6%d9%8a%d8%b3%d9%8a%d8%a9\/shop\/wp-json\/wp\/v2\/types\/product"}],"replies":[{"embeddable":true,"href":"https:\/\/hkbricool.com\/%d8%a7%d9%84%d8%b1%d8%a6%d9%8a%d8%b3%d9%8a%d8%a9\/shop\/wp-json\/wp\/v2\/comments?post=2142"}],"wp:featuredmedia":[{"embeddable":true,"href":"https:\/\/hkbricool.com\/%d8%a7%d9%84%d8%b1%d8%a6%d9%8a%d8%b3%d9%8a%d8%a9\/shop\/wp-json\/wp\/v2\/media\/2145"}],"wp:attachment":[{"href":"https:\/\/hkbricool.com\/%d8%a7%d9%84%d8%b1%d8%a6%d9%8a%d8%b3%d9%8a%d8%a9\/shop\/wp-json\/wp\/v2\/media?parent=2142"}],"wp:term":[{"taxonomy":"product_brand","embeddable":true,"href":"https:\/\/hkbricool.com\/%d8%a7%d9%84%d8%b1%d8%a6%d9%8a%d8%b3%d9%8a%d8%a9\/shop\/wp-json\/wp\/v2\/product_brand?post=2142"},{"taxonomy":"product_cat","embeddable":true,"href":"https:\/\/hkbricool.com\/%d8%a7%d9%84%d8%b1%d8%a6%d9%8a%d8%b3%d9%8a%d8%a9\/shop\/wp-json\/wp\/v2\/product_cat?post=2142"},{"taxonomy":"product_tag","embeddable":true,"href":"https:\/\/hkbricool.com\/%d8%a7%d9%84%d8%b1%d8%a6%d9%8a%d8%b3%d9%8a%d8%a9\/shop\/wp-json\/wp\/v2\/product_tag?post=2142"}],"curies":[{"name":"wp","href":"https:\/\/api.w.org\/{rel}","templated":true}]}}