{"id":2135,"date":"2024-12-10T12:38:12","date_gmt":"2024-12-10T12:38:12","guid":{"rendered":"https:\/\/hkbricool.com\/%d8%a7%d9%84%d8%b1%d8%a6%d9%8a%d8%b3%d9%8a%d8%a9\/?post_type=product&#038;p=2135"},"modified":"2024-12-15T09:19:23","modified_gmt":"2024-12-15T09:19:23","slug":"topvei-niveau-laser-z01-12","status":"publish","type":"product","link":"https:\/\/hkbricool.com\/%d8%a7%d9%84%d8%b1%d8%a6%d9%8a%d8%b3%d9%8a%d8%a9\/shop\/product\/topvei-niveau-laser-z01-12\/","title":{"rendered":"TOPVEI NIVEAU LASER Z01-12"},"content":{"rendered":"<div class=\"J_module\">\n<div id=\"ali-anchor-AliMagic-fsezob\" class=\"magic-0\" data-section=\"AliMagic-fsezob\" data-section-title=\"Specification\">Sp\u00e9cifications<\/div>\n<\/div>\n<div class=\"J_module\">\n<div class=\"ife-detail-decorate-table\">\n<table class=\"has-title all magic-4\">\n<tbody>\n<tr>\n<td colspan=\"1\" rowspan=\"1\">\n<div class=\"magic-5\"><span class=\"magic-6\" data-spm-anchor-id=\"a2700.details.0.i68.68de6069ATuVMO\">Nom du produit<\/span><\/div>\n<\/td>\n<td colspan=\"1\" rowspan=\"1\">\n<div class=\"magic-7\"><span class=\"magic-6\">Niveau laser 12 lignes-<\/span><br \/>\nLasers rotatifs \u00e0 nivellement automatique d&#8217;int\u00e9rieur<\/div>\n<\/td>\n<\/tr>\n<tr>\n<td colspan=\"1\" rowspan=\"1\">\n<div class=\"magic-5\"><span class=\"magic-6\">Mod\u00e8le de produit<\/span><\/div>\n<\/td>\n<td colspan=\"1\" rowspan=\"1\">\n<div class=\"magic-7\"><span class=\"magic-6\">ZO1-12<\/span><\/div>\n<\/td>\n<\/tr>\n<tr>\n<td colspan=\"1\" rowspan=\"1\">\n<div class=\"magic-5\" data-spm-anchor-id=\"a2700.details.0.i69.68de6069ATuVMO\"><span class=\"magic-6\">Couleur Laser<\/span><\/div>\n<\/td>\n<td colspan=\"1\" rowspan=\"1\">\n<div class=\"magic-7\"><span class=\"magic-6\">Vert<\/span><\/div>\n<\/td>\n<\/tr>\n<tr>\n<td colspan=\"1\" rowspan=\"1\">\n<div class=\"magic-5\"><span class=\"magic-6\">Longueur d&#8217;onde Laser<\/span><\/div>\n<\/td>\n<td colspan=\"1\" rowspan=\"1\">\n<div class=\"magic-7\"><span class=\"magic-6\">638nm<\/span><\/div>\n<\/td>\n<\/tr>\n<tr>\n<td colspan=\"1\" rowspan=\"1\">\n<div class=\"magic-5\"><span class=\"magic-6\">Temps de travail<\/span><\/div>\n<\/td>\n<td colspan=\"1\" rowspan=\"1\">\n<div class=\"magic-7\"><span class=\"magic-6\">8 heures<\/span><\/div>\n<\/td>\n<\/tr>\n<tr>\n<td colspan=\"1\" rowspan=\"1\">\n<div class=\"magic-8\"><span class=\"magic-6\">Plage de travail<\/span><\/div>\n<\/td>\n<td colspan=\"1\" rowspan=\"1\">\n<div class=\"magic-7\"><span class=\"magic-6\">Diam\u00e8tre de 20 m<\/span><\/div>\n<\/td>\n<\/tr>\n<tr>\n<td colspan=\"1\" rowspan=\"1\">\n<div class=\"magic-8\">\n<div class=\"magic-9\" data-spm-anchor-id=\"a2700.pc-decorate.0.i22.307c3333U4Acm9\"><span class=\"magic-6\">Utilisation<\/span><\/div>\n<\/div>\n<\/td>\n<td colspan=\"1\" rowspan=\"1\">\n<div class=\"magic-7\"><span class=\"magic-6\">Mesures multiples eff<\/span><\/div>\n<\/td>\n<\/tr>\n<\/tbody>\n<\/table>\n<\/div>\n<\/div>\n<div class=\"J_module\">\n<div class=\"detail-decorate-json-renderer-container\">\n<div class=\"magic-10\">\n<div class=\"magic-11\">\n<div class=\"magic-12\">\n<div class=\"magic-13\"><b><span class=\"magic-14\">Avantage:<\/span><\/b> <span class=\"magic-6\" data-spm-anchor-id=\"a2700.details.0.i71.68de6069ATuVMO\">Convient pour une vari\u00e9t\u00e9 de travaux de mesure: carreaux muraux, carreaux de sol, escaliers, portes et fen\u00eatres, installation de d\u00e9coration suspendue. Adopter la source de lumi\u00e8re super brillante LD import\u00e9e d&#8217;allemagne, ligne laser int\u00e9rieure et ext\u00e9rieure clairement visible. Corps de coque \u00e9tanche, antipoussi\u00e8re et antichoc \u00e0 haute r\u00e9sistance, r\u00e9glage fin et pr\u00e9cis. 8 heures d&#8217;autonomie en veille. Charge rapide cinq fois la dur\u00e9e de vie. Support de r\u00e9glage fin multifonctionnel. Pour r\u00e9pondre au r\u00e9glage d&#8217;utilisation multi-angle. Poign\u00e9e de transport en caoutchouc souple, plus pratique et facile \u00e0 transporter.<\/span><\/div>\n<\/div>\n<\/div>\n<\/div>\n<\/div>\n<\/div>\n","protected":false},"excerpt":{"rendered":"<p>Sp\u00e9cifications Nom du produit Niveau laser 12 lignes- Lasers rotatifs \u00e0 nivellement automatique d&#8217;int\u00e9rieur Mod\u00e8le de produit ZO1-12 Couleur Laser Vert Longueur d&#8217;onde Laser 638nm Temps de travail 8 heures Plage de travail Diam\u00e8tre de 20 m Utilisation Mesures multiples eff Avantage: Convient pour une vari\u00e9t\u00e9 de travaux de mesure: carreaux muraux, carreaux de sol, [&hellip;]<\/p>\n","protected":false},"featured_media":2141,"comment_status":"open","ping_status":"closed","template":"","meta":{"_uag_custom_page_level_css":""},"product_brand":[],"product_cat":[38],"product_tag":[],"class_list":{"0":"post-2135","1":"product","2":"type-product","3":"status-publish","4":"has-post-thumbnail","6":"product_cat-topvei","8":"first","9":"instock","10":"sale","11":"shipping-taxable","12":"purchasable","13":"product-type-simple"},"aioseo_notices":[],"uagb_featured_image_src":{"full":["https:\/\/hkbricool.com\/wp-content\/uploads\/2024\/12\/Hfa1bf25cc5134ed5b527da6a2d0b292dg.webp",800,800,false],"thumbnail":["https:\/\/hkbricool.com\/wp-content\/uploads\/2024\/12\/Hfa1bf25cc5134ed5b527da6a2d0b292dg-150x150.webp",150,150,true],"medium":["https:\/\/hkbricool.com\/wp-content\/uploads\/2024\/12\/Hfa1bf25cc5134ed5b527da6a2d0b292dg-300x300.webp",300,300,true],"medium_large":["https:\/\/hkbricool.com\/wp-content\/uploads\/2024\/12\/Hfa1bf25cc5134ed5b527da6a2d0b292dg-768x768.webp",768,768,true],"large":["https:\/\/hkbricool.com\/wp-content\/uploads\/2024\/12\/Hfa1bf25cc5134ed5b527da6a2d0b292dg.webp",800,800,false],"1536x1536":["https:\/\/hkbricool.com\/wp-content\/uploads\/2024\/12\/Hfa1bf25cc5134ed5b527da6a2d0b292dg.webp",800,800,false],"2048x2048":["https:\/\/hkbricool.com\/wp-content\/uploads\/2024\/12\/Hfa1bf25cc5134ed5b527da6a2d0b292dg.webp",800,800,false],"post-thumbnail":["https:\/\/hkbricool.com\/wp-content\/uploads\/2024\/12\/Hfa1bf25cc5134ed5b527da6a2d0b292dg-800x540.webp",800,540,true],"hanout_item":["https:\/\/hkbricool.com\/wp-content\/uploads\/2024\/12\/Hfa1bf25cc5134ed5b527da6a2d0b292dg-630x630.webp",630,630,true],"hanout_item_media_sm":["https:\/\/hkbricool.com\/wp-content\/uploads\/2024\/12\/Hfa1bf25cc5134ed5b527da6a2d0b292dg-90x90.webp",90,90,true],"hanout_hero":["https:\/\/hkbricool.com\/wp-content\/uploads\/2024\/12\/Hfa1bf25cc5134ed5b527da6a2d0b292dg-800x300.webp",800,300,true],"hanout_block_item_lg":["https:\/\/hkbricool.com\/wp-content\/uploads\/2024\/12\/Hfa1bf25cc5134ed5b527da6a2d0b292dg-800x510.webp",800,510,true],"hanout_block_item_long":["https:\/\/hkbricool.com\/wp-content\/uploads\/2024\/12\/Hfa1bf25cc5134ed5b527da6a2d0b292dg-800x215.webp",800,215,true],"hanout_block_item_md":["https:\/\/hkbricool.com\/wp-content\/uploads\/2024\/12\/Hfa1bf25cc5134ed5b527da6a2d0b292dg-630x345.webp",630,345,true],"hanout_block_item_xl":["https:\/\/hkbricool.com\/wp-content\/uploads\/2024\/12\/Hfa1bf25cc5134ed5b527da6a2d0b292dg-800x725.webp",800,725,true],"hanout_featgal_small_thumb":["https:\/\/hkbricool.com\/wp-content\/uploads\/2024\/12\/Hfa1bf25cc5134ed5b527da6a2d0b292dg-100x100.webp",100,100,true],"woocommerce_thumbnail":["https:\/\/hkbricool.com\/wp-content\/uploads\/2024\/12\/Hfa1bf25cc5134ed5b527da6a2d0b292dg-630x630.webp",630,630,true],"woocommerce_single":["https:\/\/hkbricool.com\/wp-content\/uploads\/2024\/12\/Hfa1bf25cc5134ed5b527da6a2d0b292dg-690x690.webp",690,690,true],"woocommerce_gallery_thumbnail":["https:\/\/hkbricool.com\/wp-content\/uploads\/2024\/12\/Hfa1bf25cc5134ed5b527da6a2d0b292dg-160x160.webp",160,160,true],"maxslider_slide":["https:\/\/hkbricool.com\/wp-content\/uploads\/2024\/12\/Hfa1bf25cc5134ed5b527da6a2d0b292dg-750x450.webp",750,450,true]},"uagb_author_info":{"display_name":"khaledsed20@gmail.com","author_link":"https:\/\/hkbricool.com\/%d8%a7%d9%84%d8%b1%d8%a6%d9%8a%d8%b3%d9%8a%d8%a9\/shop\/author\/"},"uagb_comment_info":0,"uagb_excerpt":"Sp\u00e9cifications Nom du produit Niveau laser 12 lignes- Lasers rotatifs \u00e0 nivellement automatique d&#8217;int\u00e9rieur Mod\u00e8le de produit ZO1-12 Couleur Laser Vert Longueur d&#8217;onde Laser 638nm Temps de travail 8 heures Plage de travail Diam\u00e8tre de 20 m Utilisation Mesures multiples eff Avantage: Convient pour une vari\u00e9t\u00e9 de travaux de mesure: carreaux muraux, carreaux de sol,&hellip;","_links":{"self":[{"href":"https:\/\/hkbricool.com\/%d8%a7%d9%84%d8%b1%d8%a6%d9%8a%d8%b3%d9%8a%d8%a9\/shop\/wp-json\/wp\/v2\/product\/2135","targetHints":{"allow":["GET"]}}],"collection":[{"href":"https:\/\/hkbricool.com\/%d8%a7%d9%84%d8%b1%d8%a6%d9%8a%d8%b3%d9%8a%d8%a9\/shop\/wp-json\/wp\/v2\/product"}],"about":[{"href":"https:\/\/hkbricool.com\/%d8%a7%d9%84%d8%b1%d8%a6%d9%8a%d8%b3%d9%8a%d8%a9\/shop\/wp-json\/wp\/v2\/types\/product"}],"replies":[{"embeddable":true,"href":"https:\/\/hkbricool.com\/%d8%a7%d9%84%d8%b1%d8%a6%d9%8a%d8%b3%d9%8a%d8%a9\/shop\/wp-json\/wp\/v2\/comments?post=2135"}],"wp:featuredmedia":[{"embeddable":true,"href":"https:\/\/hkbricool.com\/%d8%a7%d9%84%d8%b1%d8%a6%d9%8a%d8%b3%d9%8a%d8%a9\/shop\/wp-json\/wp\/v2\/media\/2141"}],"wp:attachment":[{"href":"https:\/\/hkbricool.com\/%d8%a7%d9%84%d8%b1%d8%a6%d9%8a%d8%b3%d9%8a%d8%a9\/shop\/wp-json\/wp\/v2\/media?parent=2135"}],"wp:term":[{"taxonomy":"product_brand","embeddable":true,"href":"https:\/\/hkbricool.com\/%d8%a7%d9%84%d8%b1%d8%a6%d9%8a%d8%b3%d9%8a%d8%a9\/shop\/wp-json\/wp\/v2\/product_brand?post=2135"},{"taxonomy":"product_cat","embeddable":true,"href":"https:\/\/hkbricool.com\/%d8%a7%d9%84%d8%b1%d8%a6%d9%8a%d8%b3%d9%8a%d8%a9\/shop\/wp-json\/wp\/v2\/product_cat?post=2135"},{"taxonomy":"product_tag","embeddable":true,"href":"https:\/\/hkbricool.com\/%d8%a7%d9%84%d8%b1%d8%a6%d9%8a%d8%b3%d9%8a%d8%a9\/shop\/wp-json\/wp\/v2\/product_tag?post=2135"}],"curies":[{"name":"wp","href":"https:\/\/api.w.org\/{rel}","templated":true}]}}