{"id":2128,"date":"2024-12-10T12:15:32","date_gmt":"2024-12-10T12:15:32","guid":{"rendered":"https:\/\/hkbricool.com\/%d8%a7%d9%84%d8%b1%d8%a6%d9%8a%d8%b3%d9%8a%d8%a9\/?post_type=product&#038;p=2128"},"modified":"2024-12-15T09:20:37","modified_gmt":"2024-12-15T09:20:37","slug":"ventouse-vibrante-v10-1","status":"publish","type":"product","link":"https:\/\/hkbricool.com\/%d8%a7%d9%84%d8%b1%d8%a6%d9%8a%d8%b3%d9%8a%d8%a9\/shop\/product\/ventouse-vibrante-v10-1\/","title":{"rendered":"VENTOUSE VIBRANTE V10-1"},"content":{"rendered":"<p><strong>HKBRICOOL<\/strong>\u00a0vous propose une\u00a0<strong>VENTOUSE VIBRANTE 21V TOPVEI<\/strong>,<span class=\"a-list-item\">\u00a0vibrations \u00e0 haute fr\u00e9quence. Carrel\u00e9 en une seconde. Large gamme d\u2019applications, il convient aux dalles de moins de 30-80cm, pavage efficace avec vibrations \u00e0 haute fr\u00e9quence : 100-10000r\/min. peut absorber 80 kg<\/span><\/p>\n<ul class=\"a-unordered-list a-vertical a-spacing-mini\">\n<li class=\"a-spacing-mini\"><span class=\"a-list-item\">\u2605 CARRELAGE PORTABLE \u2013 La ventouse en caoutchouc de la machine \u00e0 carreaux peut absorber efficacement les carreaux. Utilis\u00e9 pour le d\u00e9placement et l\u2019installation de carreaux de sol et de carreaux de mur, am\u00e9liorant consid\u00e9rablement l\u2019efficacit\u00e9 du travail.<\/span><\/li>\n<li class=\"a-spacing-mini\"><span class=\"a-list-item\">\u2605 PUISSANTE PLAQUE EN CAOUTCHOUC D\u2019ASPIRATION \u2013 augmentez la largeur de la ventouse de 18 cm pour absorber 320 kg de poids. R\u00e9glage de l\u2019intensit\u00e9 des vibrations \u00e0 6 vitesses : la fr\u00e9quence des vibrations peut \u00eatre ajust\u00e9e en fonction de la taille du corps en brique et de l\u2019\u00e9paisseur du pl\u00e2tre.<\/span><\/li>\n<li class=\"a-spacing-mini\"><span class=\"a-list-item\">\u2605 CARRELAGE VIBRANT \u00c0 UN BOUTON \u2013 La vibration \u00e0 haute fr\u00e9quence de la machine \u00e0 carreaux remplace le martelage manuel et son efficacit\u00e9 est grandement am\u00e9lior\u00e9e. Poign\u00e9e autobloquante : conception am\u00e9lior\u00e9e, la poign\u00e9e se verrouille automatiquement lorsqu\u2019elle est tir\u00e9e \u00e0 fond, peut \u00e9galement maintenir la force d\u2019aspiration et il est plus facile de travailler pendant une longue p\u00e9riode.<\/span><\/li>\n<li class=\"a-spacing-mini\"><span class=\"a-list-item\">\u2605 BATTERIE DE GRANDE CAPACIT\u00c9 \u2013 21V 1500mAh, batterie au lithium qui sauve des vies, batterie au lithium de haute qualit\u00e9, longue dur\u00e9e de vie de la batterie. Corrigez facilement la position du carreau, tenez la poign\u00e9e et tirez le carreau vers l\u2019arri\u00e8re pour l\u2019ajuster dans toutes les directions.<\/span><\/li>\n<\/ul>\n","protected":false},"excerpt":{"rendered":"<p>HKBRICOOL\u00a0vous propose une\u00a0VENTOUSE VIBRANTE 21V TOPVEI,\u00a0vibrations \u00e0 haute fr\u00e9quence. Carrel\u00e9 en une seconde. Large gamme d\u2019applications, il convient aux dalles de moins de 30-80cm, pavage efficace avec vibrations \u00e0 haute fr\u00e9quence : 100-10000r\/min. peut absorber 80 kg \u2605 CARRELAGE PORTABLE \u2013 La ventouse en caoutchouc de la machine \u00e0 carreaux peut absorber efficacement les carreaux. [&hellip;]<\/p>\n","protected":false},"featured_media":2132,"comment_status":"open","ping_status":"closed","template":"","meta":{"_uag_custom_page_level_css":""},"product_brand":[],"product_cat":[38],"product_tag":[],"class_list":{"0":"post-2128","1":"product","2":"type-product","3":"status-publish","4":"has-post-thumbnail","6":"product_cat-topvei","8":"first","9":"instock","10":"sale","11":"shipping-taxable","12":"purchasable","13":"product-type-simple"},"aioseo_notices":[],"uagb_featured_image_src":{"full":["https:\/\/hkbricool.com\/wp-content\/uploads\/2024\/12\/He90cba32dcb14564972f77304aebbde4q-1-scaled.webp",2560,2560,false],"thumbnail":["https:\/\/hkbricool.com\/wp-content\/uploads\/2024\/12\/He90cba32dcb14564972f77304aebbde4q-1-150x150.webp",150,150,true],"medium":["https:\/\/hkbricool.com\/wp-content\/uploads\/2024\/12\/He90cba32dcb14564972f77304aebbde4q-1-300x300.webp",300,300,true],"medium_large":["https:\/\/hkbricool.com\/wp-content\/uploads\/2024\/12\/He90cba32dcb14564972f77304aebbde4q-1-768x768.webp",768,768,true],"large":["https:\/\/hkbricool.com\/wp-content\/uploads\/2024\/12\/He90cba32dcb14564972f77304aebbde4q-1-1024x1024.webp",960,960,true],"1536x1536":["https:\/\/hkbricool.com\/wp-content\/uploads\/2024\/12\/He90cba32dcb14564972f77304aebbde4q-1-1536x1536.webp",1536,1536,true],"2048x2048":["https:\/\/hkbricool.com\/wp-content\/uploads\/2024\/12\/He90cba32dcb14564972f77304aebbde4q-1-2048x2048.webp",2048,2048,true],"post-thumbnail":["https:\/\/hkbricool.com\/wp-content\/uploads\/2024\/12\/He90cba32dcb14564972f77304aebbde4q-1-960x540.webp",960,540,true],"hanout_item":["https:\/\/hkbricool.com\/wp-content\/uploads\/2024\/12\/He90cba32dcb14564972f77304aebbde4q-1-630x630.webp",630,630,true],"hanout_item_media_sm":["https:\/\/hkbricool.com\/wp-content\/uploads\/2024\/12\/He90cba32dcb14564972f77304aebbde4q-1-90x90.webp",90,90,true],"hanout_hero":["https:\/\/hkbricool.com\/wp-content\/uploads\/2024\/12\/He90cba32dcb14564972f77304aebbde4q-1-1920x300.webp",1920,300,true],"hanout_block_item_lg":["https:\/\/hkbricool.com\/wp-content\/uploads\/2024\/12\/He90cba32dcb14564972f77304aebbde4q-1-910x510.webp",910,510,true],"hanout_block_item_long":["https:\/\/hkbricool.com\/wp-content\/uploads\/2024\/12\/He90cba32dcb14564972f77304aebbde4q-1-1290x215.webp",1290,215,true],"hanout_block_item_md":["https:\/\/hkbricool.com\/wp-content\/uploads\/2024\/12\/He90cba32dcb14564972f77304aebbde4q-1-630x345.webp",630,345,true],"hanout_block_item_xl":["https:\/\/hkbricool.com\/wp-content\/uploads\/2024\/12\/He90cba32dcb14564972f77304aebbde4q-1-1290x725.webp",1290,725,true],"hanout_featgal_small_thumb":["https:\/\/hkbricool.com\/wp-content\/uploads\/2024\/12\/He90cba32dcb14564972f77304aebbde4q-1-100x100.webp",100,100,true],"woocommerce_thumbnail":["https:\/\/hkbricool.com\/wp-content\/uploads\/2024\/12\/He90cba32dcb14564972f77304aebbde4q-1-630x630.webp",630,630,true],"woocommerce_single":["https:\/\/hkbricool.com\/wp-content\/uploads\/2024\/12\/He90cba32dcb14564972f77304aebbde4q-1-690x690.webp",690,690,true],"woocommerce_gallery_thumbnail":["https:\/\/hkbricool.com\/wp-content\/uploads\/2024\/12\/He90cba32dcb14564972f77304aebbde4q-1-160x160.webp",160,160,true],"maxslider_slide":["https:\/\/hkbricool.com\/wp-content\/uploads\/2024\/12\/He90cba32dcb14564972f77304aebbde4q-1-750x450.webp",750,450,true]},"uagb_author_info":{"display_name":"khaledsed20@gmail.com","author_link":"https:\/\/hkbricool.com\/%d8%a7%d9%84%d8%b1%d8%a6%d9%8a%d8%b3%d9%8a%d8%a9\/shop\/author\/"},"uagb_comment_info":0,"uagb_excerpt":"HKBRICOOL\u00a0vous propose une\u00a0VENTOUSE VIBRANTE 21V TOPVEI,\u00a0vibrations \u00e0 haute fr\u00e9quence. Carrel\u00e9 en une seconde. Large gamme d\u2019applications, il convient aux dalles de moins de 30-80cm, pavage efficace avec vibrations \u00e0 haute fr\u00e9quence : 100-10000r\/min. peut absorber 80 kg \u2605 CARRELAGE PORTABLE \u2013 La ventouse en caoutchouc de la machine \u00e0 carreaux peut absorber efficacement les carreaux.&hellip;","_links":{"self":[{"href":"https:\/\/hkbricool.com\/%d8%a7%d9%84%d8%b1%d8%a6%d9%8a%d8%b3%d9%8a%d8%a9\/shop\/wp-json\/wp\/v2\/product\/2128","targetHints":{"allow":["GET"]}}],"collection":[{"href":"https:\/\/hkbricool.com\/%d8%a7%d9%84%d8%b1%d8%a6%d9%8a%d8%b3%d9%8a%d8%a9\/shop\/wp-json\/wp\/v2\/product"}],"about":[{"href":"https:\/\/hkbricool.com\/%d8%a7%d9%84%d8%b1%d8%a6%d9%8a%d8%b3%d9%8a%d8%a9\/shop\/wp-json\/wp\/v2\/types\/product"}],"replies":[{"embeddable":true,"href":"https:\/\/hkbricool.com\/%d8%a7%d9%84%d8%b1%d8%a6%d9%8a%d8%b3%d9%8a%d8%a9\/shop\/wp-json\/wp\/v2\/comments?post=2128"}],"wp:featuredmedia":[{"embeddable":true,"href":"https:\/\/hkbricool.com\/%d8%a7%d9%84%d8%b1%d8%a6%d9%8a%d8%b3%d9%8a%d8%a9\/shop\/wp-json\/wp\/v2\/media\/2132"}],"wp:attachment":[{"href":"https:\/\/hkbricool.com\/%d8%a7%d9%84%d8%b1%d8%a6%d9%8a%d8%b3%d9%8a%d8%a9\/shop\/wp-json\/wp\/v2\/media?parent=2128"}],"wp:term":[{"taxonomy":"product_brand","embeddable":true,"href":"https:\/\/hkbricool.com\/%d8%a7%d9%84%d8%b1%d8%a6%d9%8a%d8%b3%d9%8a%d8%a9\/shop\/wp-json\/wp\/v2\/product_brand?post=2128"},{"taxonomy":"product_cat","embeddable":true,"href":"https:\/\/hkbricool.com\/%d8%a7%d9%84%d8%b1%d8%a6%d9%8a%d8%b3%d9%8a%d8%a9\/shop\/wp-json\/wp\/v2\/product_cat?post=2128"},{"taxonomy":"product_tag","embeddable":true,"href":"https:\/\/hkbricool.com\/%d8%a7%d9%84%d8%b1%d8%a6%d9%8a%d8%b3%d9%8a%d8%a9\/shop\/wp-json\/wp\/v2\/product_tag?post=2128"}],"curies":[{"name":"wp","href":"https:\/\/api.w.org\/{rel}","templated":true}]}}