{"id":2119,"date":"2024-12-07T08:24:17","date_gmt":"2024-12-07T08:24:17","guid":{"rendered":"https:\/\/hkbricool.com\/%d8%a7%d9%84%d8%b1%d8%a6%d9%8a%d8%b3%d9%8a%d8%a9\/?post_type=product&#038;p=2119"},"modified":"2024-12-15T09:22:08","modified_gmt":"2024-12-15T09:22:08","slug":"topvei-guide-coupe-45-fa-01","status":"publish","type":"product","link":"https:\/\/hkbricool.com\/%d8%a7%d9%84%d8%b1%d8%a6%d9%8a%d8%b3%d9%8a%d8%a9\/shop\/product\/topvei-guide-coupe-45-fa-01\/","title":{"rendered":"TOPVEI GUIDE COUPE 45 FA-01"},"content":{"rendered":"<h4>R\u00e9f\u00e9rence : FA-01<\/h4>\n<h4>Description de GUIDE COUPE CERAMIQUE 45\u00b0 TOPVEI\u00a0 :<\/h4>\n<p>Le GUIDE COUPE CERAMIQUE 45\u00b0 TOPVEI est :<\/p>\n<ul class=\"a-unordered-list a-vertical a-spacing-mini\">\n<li><span class=\"a-list-item\">le choix des mat\u00e9riaux est excellente, chanfreineuse carrelage est un traitement anti-rouille, belle et duret\u00e9 durable, \u00e9lev\u00e9e, une bonne t\u00e9nacit\u00e9, longue dur\u00e9e de vie<\/span><\/li>\n<li><span class=\"a-list-item\">Avec 24 des poulies, la machine \u00e0 chanfreiner les carreaux glisse sans \u00e0-coup, de fa\u00e7on stable, bien ajust\u00e9 et en faisant glisser en douceur<\/span><\/li>\n<li><span class=\"a-list-item\">chanfrein de tuile est adapt\u00e9 pour diff\u00e9rentes bases de la taille de la machine entre 122 et 178 mm, la plaque de pression r\u00e9glable<\/span><\/li>\n<li><span class=\"a-list-item\">La roue de guidage de l\u2019outil de la tuile et la tuile en c\u00e9ramique sont compl\u00e8tement fix\u00e9 \u00e0 la dalle sans effondrement<\/span><\/li>\n<li><span class=\"a-list-item\">Cet outil de tuile de 45 degr\u00e9s est en alliage d\u2019aluminium, ehich est stable et durable<\/span><\/li>\n<\/ul>\n<h4>Caract\u00e9ristiques :<\/h4>\n<p>GUIDE COUPE CERAMIQUE est :<\/p>\n<ul>\n<li>45 outil de tuiles degr\u00e9<\/li>\n<li>Couleur: Argent.<\/li>\n<li>Material: Alliage d\u2019aluminium.<\/li>\n<li>Size: 9.8x7inch \/ 248x178mm.<\/li>\n<li>Il y a 24 rouleaux sont install\u00e9s, qui sont faciles \u00e0 localiser et ne nuisent pas \u00e0 la r\u00e9sistance \u00e0 l\u2019usure des carreaux.<\/li>\n<li>forfait comprenant<\/li>\n<li>1 * 45 degr\u00e9s Outil de carreaux<\/li>\n<\/ul>\n","protected":false},"excerpt":{"rendered":"<p>R\u00e9f\u00e9rence : FA-01 Description de GUIDE COUPE CERAMIQUE 45\u00b0 TOPVEI\u00a0 : Le GUIDE COUPE CERAMIQUE 45\u00b0 TOPVEI est : le choix des mat\u00e9riaux est excellente, chanfreineuse carrelage est un traitement anti-rouille, belle et duret\u00e9 durable, \u00e9lev\u00e9e, une bonne t\u00e9nacit\u00e9, longue dur\u00e9e de vie Avec 24 des poulies, la machine \u00e0 chanfreiner les carreaux glisse sans [&hellip;]<\/p>\n","protected":false},"featured_media":2124,"comment_status":"open","ping_status":"closed","template":"","meta":{"_uag_custom_page_level_css":""},"product_brand":[],"product_cat":[38],"product_tag":[],"class_list":{"0":"post-2119","1":"product","2":"type-product","3":"status-publish","4":"has-post-thumbnail","6":"product_cat-topvei","8":"first","9":"instock","10":"sale","11":"shipping-taxable","12":"purchasable","13":"product-type-simple"},"aioseo_notices":[],"uagb_featured_image_src":{"full":["https:\/\/hkbricool.com\/wp-content\/uploads\/2024\/12\/Hc57433a5716142ea8659cb7d2593da2fW.jpg_720x720q50.avif",720,720,false],"thumbnail":["https:\/\/hkbricool.com\/wp-content\/uploads\/2024\/12\/Hc57433a5716142ea8659cb7d2593da2fW.jpg_720x720q50-150x150.avif",150,150,true],"medium":["https:\/\/hkbricool.com\/wp-content\/uploads\/2024\/12\/Hc57433a5716142ea8659cb7d2593da2fW.jpg_720x720q50-300x300.avif",300,300,true],"medium_large":["https:\/\/hkbricool.com\/wp-content\/uploads\/2024\/12\/Hc57433a5716142ea8659cb7d2593da2fW.jpg_720x720q50.avif",720,720,false],"large":["https:\/\/hkbricool.com\/wp-content\/uploads\/2024\/12\/Hc57433a5716142ea8659cb7d2593da2fW.jpg_720x720q50.avif",720,720,false],"1536x1536":["https:\/\/hkbricool.com\/wp-content\/uploads\/2024\/12\/Hc57433a5716142ea8659cb7d2593da2fW.jpg_720x720q50.avif",720,720,false],"2048x2048":["https:\/\/hkbricool.com\/wp-content\/uploads\/2024\/12\/Hc57433a5716142ea8659cb7d2593da2fW.jpg_720x720q50.avif",720,720,false],"post-thumbnail":["https:\/\/hkbricool.com\/wp-content\/uploads\/2024\/12\/Hc57433a5716142ea8659cb7d2593da2fW.jpg_720x720q50-720x540.avif",720,540,true],"hanout_item":["https:\/\/hkbricool.com\/wp-content\/uploads\/2024\/12\/Hc57433a5716142ea8659cb7d2593da2fW.jpg_720x720q50-630x630.avif",630,630,true],"hanout_item_media_sm":["https:\/\/hkbricool.com\/wp-content\/uploads\/2024\/12\/Hc57433a5716142ea8659cb7d2593da2fW.jpg_720x720q50-90x90.avif",90,90,true],"hanout_hero":["https:\/\/hkbricool.com\/wp-content\/uploads\/2024\/12\/Hc57433a5716142ea8659cb7d2593da2fW.jpg_720x720q50-720x300.avif",720,300,true],"hanout_block_item_lg":["https:\/\/hkbricool.com\/wp-content\/uploads\/2024\/12\/Hc57433a5716142ea8659cb7d2593da2fW.jpg_720x720q50-720x510.avif",720,510,true],"hanout_block_item_long":["https:\/\/hkbricool.com\/wp-content\/uploads\/2024\/12\/Hc57433a5716142ea8659cb7d2593da2fW.jpg_720x720q50-720x215.avif",720,215,true],"hanout_block_item_md":["https:\/\/hkbricool.com\/wp-content\/uploads\/2024\/12\/Hc57433a5716142ea8659cb7d2593da2fW.jpg_720x720q50-630x345.avif",630,345,true],"hanout_block_item_xl":["https:\/\/hkbricool.com\/wp-content\/uploads\/2024\/12\/Hc57433a5716142ea8659cb7d2593da2fW.jpg_720x720q50.avif",720,720,false],"hanout_featgal_small_thumb":["https:\/\/hkbricool.com\/wp-content\/uploads\/2024\/12\/Hc57433a5716142ea8659cb7d2593da2fW.jpg_720x720q50-100x100.avif",100,100,true],"woocommerce_thumbnail":["https:\/\/hkbricool.com\/wp-content\/uploads\/2024\/12\/Hc57433a5716142ea8659cb7d2593da2fW.jpg_720x720q50-630x630.avif",630,630,true],"woocommerce_single":["https:\/\/hkbricool.com\/wp-content\/uploads\/2024\/12\/Hc57433a5716142ea8659cb7d2593da2fW.jpg_720x720q50-690x690.avif",690,690,true],"woocommerce_gallery_thumbnail":["https:\/\/hkbricool.com\/wp-content\/uploads\/2024\/12\/Hc57433a5716142ea8659cb7d2593da2fW.jpg_720x720q50-160x160.avif",160,160,true],"maxslider_slide":["https:\/\/hkbricool.com\/wp-content\/uploads\/2024\/12\/Hc57433a5716142ea8659cb7d2593da2fW.jpg_720x720q50-720x450.avif",720,450,true]},"uagb_author_info":{"display_name":"khaledsed20@gmail.com","author_link":"https:\/\/hkbricool.com\/%d8%a7%d9%84%d8%b1%d8%a6%d9%8a%d8%b3%d9%8a%d8%a9\/shop\/author\/"},"uagb_comment_info":0,"uagb_excerpt":"R\u00e9f\u00e9rence : FA-01 Description de GUIDE COUPE CERAMIQUE 45\u00b0 TOPVEI\u00a0 : Le GUIDE COUPE CERAMIQUE 45\u00b0 TOPVEI est : le choix des mat\u00e9riaux est excellente, chanfreineuse carrelage est un traitement anti-rouille, belle et duret\u00e9 durable, \u00e9lev\u00e9e, une bonne t\u00e9nacit\u00e9, longue dur\u00e9e de vie Avec 24 des poulies, la machine \u00e0 chanfreiner les carreaux glisse sans&hellip;","_links":{"self":[{"href":"https:\/\/hkbricool.com\/%d8%a7%d9%84%d8%b1%d8%a6%d9%8a%d8%b3%d9%8a%d8%a9\/shop\/wp-json\/wp\/v2\/product\/2119","targetHints":{"allow":["GET"]}}],"collection":[{"href":"https:\/\/hkbricool.com\/%d8%a7%d9%84%d8%b1%d8%a6%d9%8a%d8%b3%d9%8a%d8%a9\/shop\/wp-json\/wp\/v2\/product"}],"about":[{"href":"https:\/\/hkbricool.com\/%d8%a7%d9%84%d8%b1%d8%a6%d9%8a%d8%b3%d9%8a%d8%a9\/shop\/wp-json\/wp\/v2\/types\/product"}],"replies":[{"embeddable":true,"href":"https:\/\/hkbricool.com\/%d8%a7%d9%84%d8%b1%d8%a6%d9%8a%d8%b3%d9%8a%d8%a9\/shop\/wp-json\/wp\/v2\/comments?post=2119"}],"wp:featuredmedia":[{"embeddable":true,"href":"https:\/\/hkbricool.com\/%d8%a7%d9%84%d8%b1%d8%a6%d9%8a%d8%b3%d9%8a%d8%a9\/shop\/wp-json\/wp\/v2\/media\/2124"}],"wp:attachment":[{"href":"https:\/\/hkbricool.com\/%d8%a7%d9%84%d8%b1%d8%a6%d9%8a%d8%b3%d9%8a%d8%a9\/shop\/wp-json\/wp\/v2\/media?parent=2119"}],"wp:term":[{"taxonomy":"product_brand","embeddable":true,"href":"https:\/\/hkbricool.com\/%d8%a7%d9%84%d8%b1%d8%a6%d9%8a%d8%b3%d9%8a%d8%a9\/shop\/wp-json\/wp\/v2\/product_brand?post=2119"},{"taxonomy":"product_cat","embeddable":true,"href":"https:\/\/hkbricool.com\/%d8%a7%d9%84%d8%b1%d8%a6%d9%8a%d8%b3%d9%8a%d8%a9\/shop\/wp-json\/wp\/v2\/product_cat?post=2119"},{"taxonomy":"product_tag","embeddable":true,"href":"https:\/\/hkbricool.com\/%d8%a7%d9%84%d8%b1%d8%a6%d9%8a%d8%b3%d9%8a%d8%a9\/shop\/wp-json\/wp\/v2\/product_tag?post=2119"}],"curies":[{"name":"wp","href":"https:\/\/api.w.org\/{rel}","templated":true}]}}