{"id":2107,"date":"2024-12-07T07:53:26","date_gmt":"2024-12-07T07:53:26","guid":{"rendered":"https:\/\/hkbricool.com\/%d8%a7%d9%84%d8%b1%d8%a6%d9%8a%d8%b3%d9%8a%d8%a9\/?post_type=product&#038;p=2107"},"modified":"2024-12-15T09:38:01","modified_gmt":"2024-12-15T09:38:01","slug":"pistolet-de-peinture-electrique-550w-worcraft-sg06-800-sg06-1000-2","status":"publish","type":"product","link":"https:\/\/hkbricool.com\/%d8%a7%d9%84%d8%b1%d8%a6%d9%8a%d8%b3%d9%8a%d8%a9\/shop\/product\/pistolet-de-peinture-electrique-550w-worcraft-sg06-800-sg06-1000-2\/","title":{"rendered":"Pistolet de Peinture \u00c9lectrique 550w WORCRAFT SG06-800 | SG06-1000"},"content":{"rendered":"<p><strong>Le pistolet de pulv\u00e9risation WORCRAFT SG06-800 a \u00e9t\u00e9 con\u00e7u pour les t\u00e2ches de pulv\u00e9risation petites \u00e0 moyennes dans la maison, faisant de la peinture un processus simple et rapide. Il est id\u00e9al pour peindre une grande vari\u00e9t\u00e9 d\u2019objets, y compris des jouets, des treillis et des meubles de maison et de jardin.<\/strong><br \/>\n<strong>Il peut \u00eatre utilis\u00e9 avec les produits \u00e0 base d\u2019huile et d\u2019eau recommand\u00e9s pour les applications par pulv\u00e9risation, y compris la peinture, le vernis, les teintures et les agents de pr\u00e9servation du bois.<\/strong><br \/>\n<strong>Avec une buse de pulv\u00e9risation r\u00e9glable qui offre un choix de 3 mod\u00e8les de pulv\u00e9risation et un r\u00e9gulateur de pulv\u00e9risation pour contr\u00f4ler le d\u00e9bit de peinture, vous serez en mesure d\u2019obtenir une finition pr\u00e9cise et uniforme.<\/strong><br \/>\n<strong>La t\u00eate de pulv\u00e9risation amovible facilite le nettoyage lorsque vous avez termin\u00e9.<\/strong><\/p>\n<p><strong>COMPREND: 1<\/strong><br \/>\n<strong>pistolet de pulv\u00e9risation sans fil SG06-800;<\/strong><br \/>\n<strong>1 tasse DIN;<\/strong><br \/>\n<strong>1pc Clean neadle;<\/strong><br \/>\n<strong>Manuel d\u2019instructions;<\/strong><\/p>\n<p><strong>Tension nominale<\/strong><br \/>\n<strong>230-240V ~ 50Hz<\/strong><\/p>\n<p><strong>Puissance<\/strong><br \/>\n<strong>550 W<\/strong><\/p>\n<p><strong>D\u00e9bit de pulv\u00e9risation<\/strong><br \/>\n<strong>350 ml \/ min<\/strong><\/p>\n<p><strong>Max. Viscosit\u00e9<\/strong><br \/>\n<strong>80 DIN<\/strong><\/p>\n<p><strong>Capacit\u00e9 du r\u00e9servoir<\/strong><br \/>\n<strong>800 ml<\/strong><\/p>\n<p><strong>Dimensions:<\/strong><br \/>\n<strong>330x120x260 millim\u00e8tre<\/strong><\/p>\n","protected":false},"excerpt":{"rendered":"<p>Le pistolet de pulv\u00e9risation WORCRAFT SG06-800 a \u00e9t\u00e9 con\u00e7u pour les t\u00e2ches de pulv\u00e9risation petites \u00e0 moyennes dans la maison, faisant de la peinture un processus simple et rapide. Il est id\u00e9al pour peindre une grande vari\u00e9t\u00e9 d\u2019objets, y compris des jouets, des treillis et des meubles de maison et de jardin. Il peut \u00eatre [&hellip;]<\/p>\n","protected":false},"featured_media":2112,"comment_status":"open","ping_status":"closed","template":"","meta":{"_uag_custom_page_level_css":""},"product_brand":[],"product_cat":[25],"product_tag":[],"class_list":{"0":"post-2107","1":"product","2":"type-product","3":"status-publish","4":"has-post-thumbnail","6":"product_cat-worcraft-power-tools","8":"first","9":"instock","10":"sale","11":"shipping-taxable","12":"purchasable","13":"product-type-simple"},"aioseo_notices":[],"uagb_featured_image_src":{"full":["https:\/\/hkbricool.com\/wp-content\/uploads\/2024\/12\/SG06-800-PIC1.webp",1500,1500,false],"thumbnail":["https:\/\/hkbricool.com\/wp-content\/uploads\/2024\/12\/SG06-800-PIC1-150x150.webp",150,150,true],"medium":["https:\/\/hkbricool.com\/wp-content\/uploads\/2024\/12\/SG06-800-PIC1-300x300.webp",300,300,true],"medium_large":["https:\/\/hkbricool.com\/wp-content\/uploads\/2024\/12\/SG06-800-PIC1-768x768.webp",768,768,true],"large":["https:\/\/hkbricool.com\/wp-content\/uploads\/2024\/12\/SG06-800-PIC1-1024x1024.webp",960,960,true],"1536x1536":["https:\/\/hkbricool.com\/wp-content\/uploads\/2024\/12\/SG06-800-PIC1.webp",1500,1500,false],"2048x2048":["https:\/\/hkbricool.com\/wp-content\/uploads\/2024\/12\/SG06-800-PIC1.webp",1500,1500,false],"post-thumbnail":["https:\/\/hkbricool.com\/wp-content\/uploads\/2024\/12\/SG06-800-PIC1-960x540.webp",960,540,true],"hanout_item":["https:\/\/hkbricool.com\/wp-content\/uploads\/2024\/12\/SG06-800-PIC1-630x630.webp",630,630,true],"hanout_item_media_sm":["https:\/\/hkbricool.com\/wp-content\/uploads\/2024\/12\/SG06-800-PIC1-90x90.webp",90,90,true],"hanout_hero":["https:\/\/hkbricool.com\/wp-content\/uploads\/2024\/12\/SG06-800-PIC1-1500x300.webp",1500,300,true],"hanout_block_item_lg":["https:\/\/hkbricool.com\/wp-content\/uploads\/2024\/12\/SG06-800-PIC1-910x510.webp",910,510,true],"hanout_block_item_long":["https:\/\/hkbricool.com\/wp-content\/uploads\/2024\/12\/SG06-800-PIC1-1290x215.webp",1290,215,true],"hanout_block_item_md":["https:\/\/hkbricool.com\/wp-content\/uploads\/2024\/12\/SG06-800-PIC1-630x345.webp",630,345,true],"hanout_block_item_xl":["https:\/\/hkbricool.com\/wp-content\/uploads\/2024\/12\/SG06-800-PIC1-1290x725.webp",1290,725,true],"hanout_featgal_small_thumb":["https:\/\/hkbricool.com\/wp-content\/uploads\/2024\/12\/SG06-800-PIC1-100x100.webp",100,100,true],"woocommerce_thumbnail":["https:\/\/hkbricool.com\/wp-content\/uploads\/2024\/12\/SG06-800-PIC1-630x630.webp",630,630,true],"woocommerce_single":["https:\/\/hkbricool.com\/wp-content\/uploads\/2024\/12\/SG06-800-PIC1-690x690.webp",690,690,true],"woocommerce_gallery_thumbnail":["https:\/\/hkbricool.com\/wp-content\/uploads\/2024\/12\/SG06-800-PIC1-160x160.webp",160,160,true],"maxslider_slide":["https:\/\/hkbricool.com\/wp-content\/uploads\/2024\/12\/SG06-800-PIC1-750x450.webp",750,450,true]},"uagb_author_info":{"display_name":"khaledsed20@gmail.com","author_link":"https:\/\/hkbricool.com\/%d8%a7%d9%84%d8%b1%d8%a6%d9%8a%d8%b3%d9%8a%d8%a9\/shop\/author\/"},"uagb_comment_info":0,"uagb_excerpt":"Le pistolet de pulv\u00e9risation WORCRAFT SG06-800 a \u00e9t\u00e9 con\u00e7u pour les t\u00e2ches de pulv\u00e9risation petites \u00e0 moyennes dans la maison, faisant de la peinture un processus simple et rapide. Il est id\u00e9al pour peindre une grande vari\u00e9t\u00e9 d\u2019objets, y compris des jouets, des treillis et des meubles de maison et de jardin. Il peut \u00eatre&hellip;","_links":{"self":[{"href":"https:\/\/hkbricool.com\/%d8%a7%d9%84%d8%b1%d8%a6%d9%8a%d8%b3%d9%8a%d8%a9\/shop\/wp-json\/wp\/v2\/product\/2107","targetHints":{"allow":["GET"]}}],"collection":[{"href":"https:\/\/hkbricool.com\/%d8%a7%d9%84%d8%b1%d8%a6%d9%8a%d8%b3%d9%8a%d8%a9\/shop\/wp-json\/wp\/v2\/product"}],"about":[{"href":"https:\/\/hkbricool.com\/%d8%a7%d9%84%d8%b1%d8%a6%d9%8a%d8%b3%d9%8a%d8%a9\/shop\/wp-json\/wp\/v2\/types\/product"}],"replies":[{"embeddable":true,"href":"https:\/\/hkbricool.com\/%d8%a7%d9%84%d8%b1%d8%a6%d9%8a%d8%b3%d9%8a%d8%a9\/shop\/wp-json\/wp\/v2\/comments?post=2107"}],"wp:featuredmedia":[{"embeddable":true,"href":"https:\/\/hkbricool.com\/%d8%a7%d9%84%d8%b1%d8%a6%d9%8a%d8%b3%d9%8a%d8%a9\/shop\/wp-json\/wp\/v2\/media\/2112"}],"wp:attachment":[{"href":"https:\/\/hkbricool.com\/%d8%a7%d9%84%d8%b1%d8%a6%d9%8a%d8%b3%d9%8a%d8%a9\/shop\/wp-json\/wp\/v2\/media?parent=2107"}],"wp:term":[{"taxonomy":"product_brand","embeddable":true,"href":"https:\/\/hkbricool.com\/%d8%a7%d9%84%d8%b1%d8%a6%d9%8a%d8%b3%d9%8a%d8%a9\/shop\/wp-json\/wp\/v2\/product_brand?post=2107"},{"taxonomy":"product_cat","embeddable":true,"href":"https:\/\/hkbricool.com\/%d8%a7%d9%84%d8%b1%d8%a6%d9%8a%d8%b3%d9%8a%d8%a9\/shop\/wp-json\/wp\/v2\/product_cat?post=2107"},{"taxonomy":"product_tag","embeddable":true,"href":"https:\/\/hkbricool.com\/%d8%a7%d9%84%d8%b1%d8%a6%d9%8a%d8%b3%d9%8a%d8%a9\/shop\/wp-json\/wp\/v2\/product_tag?post=2107"}],"curies":[{"name":"wp","href":"https:\/\/api.w.org\/{rel}","templated":true}]}}