{"id":16378,"date":"2026-01-20T12:08:54","date_gmt":"2026-01-20T12:08:54","guid":{"rendered":"https:\/\/hkbricool.com\/%d8%a7%d9%84%d8%b1%d8%a6%d9%8a%d8%b3%d9%8a%d8%a9\/shop\/?post_type=product&#038;p=16378"},"modified":"2026-04-17T13:08:01","modified_gmt":"2026-04-17T13:08:01","slug":"systeme-de-securite-alarme-avec-telecommande-bemaz","status":"publish","type":"product","link":"https:\/\/hkbricool.com\/%d8%a7%d9%84%d8%b1%d8%a6%d9%8a%d8%b3%d9%8a%d8%a9\/shop\/product\/systeme-de-securite-alarme-avec-telecommande-bemaz\/","title":{"rendered":"Syst\u00e8me De S\u00e9curit\u00e9 Alarme Avec T\u00e9l\u00e9commande \u2013 BEMAZ ORIGINAL"},"content":{"rendered":"<p><img fetchpriority=\"high\" decoding=\"async\" class=\"size-full wp-image-16462 aligncenter\" src=\"https:\/\/hkbricool.com\/wp-content\/uploads\/2026\/01\/1000028758.png\" alt=\"\" width=\"924\" height=\"913\" srcset=\"https:\/\/hkbricool.com\/wp-content\/uploads\/2026\/01\/1000028758.png 924w, https:\/\/hkbricool.com\/wp-content\/uploads\/2026\/01\/1000028758-300x296.png 300w, https:\/\/hkbricool.com\/wp-content\/uploads\/2026\/01\/1000028758-768x759.png 768w, https:\/\/hkbricool.com\/wp-content\/uploads\/2026\/01\/1000028758-90x90.png 90w, https:\/\/hkbricool.com\/wp-content\/uploads\/2026\/01\/1000028758-100x100.png 100w, https:\/\/hkbricool.com\/wp-content\/uploads\/2026\/01\/1000028758-690x682.png 690w\" sizes=\"(max-width: 924px) 100vw, 924px\" \/><\/p>\n<p><img decoding=\"async\" class=\"size-full wp-image-16455 aligncenter\" src=\"https:\/\/hkbricool.com\/wp-content\/uploads\/2026\/01\/1000028767.png\" alt=\"\" width=\"924\" height=\"854\" srcset=\"https:\/\/hkbricool.com\/wp-content\/uploads\/2026\/01\/1000028767.png 924w, https:\/\/hkbricool.com\/wp-content\/uploads\/2026\/01\/1000028767-300x277.png 300w, https:\/\/hkbricool.com\/wp-content\/uploads\/2026\/01\/1000028767-768x710.png 768w, https:\/\/hkbricool.com\/wp-content\/uploads\/2026\/01\/1000028767-690x638.png 690w\" sizes=\"(max-width: 924px) 100vw, 924px\" \/><\/p>\n<p><img decoding=\"async\" class=\"alignnone size-full wp-image-16457\" src=\"https:\/\/hkbricool.com\/wp-content\/uploads\/2026\/01\/VE.webp\" alt=\"\" width=\"1500\" height=\"1500\" srcset=\"https:\/\/hkbricool.com\/wp-content\/uploads\/2026\/01\/VE.webp 1500w, https:\/\/hkbricool.com\/wp-content\/uploads\/2026\/01\/VE-300x300.webp 300w, https:\/\/hkbricool.com\/wp-content\/uploads\/2026\/01\/VE-1024x1024.webp 1024w, https:\/\/hkbricool.com\/wp-content\/uploads\/2026\/01\/VE-150x150.webp 150w, https:\/\/hkbricool.com\/wp-content\/uploads\/2026\/01\/VE-768x768.webp 768w, https:\/\/hkbricool.com\/wp-content\/uploads\/2026\/01\/VE-630x630.webp 630w, https:\/\/hkbricool.com\/wp-content\/uploads\/2026\/01\/VE-90x90.webp 90w, https:\/\/hkbricool.com\/wp-content\/uploads\/2026\/01\/VE-100x100.webp 100w, https:\/\/hkbricool.com\/wp-content\/uploads\/2026\/01\/VE-690x690.webp 690w, https:\/\/hkbricool.com\/wp-content\/uploads\/2026\/01\/VE-160x160.webp 160w\" sizes=\"(max-width: 1500px) 100vw, 1500px\" \/><\/p>\n<p><img loading=\"lazy\" decoding=\"async\" class=\"size-full wp-image-16458 aligncenter\" src=\"https:\/\/hkbricool.com\/wp-content\/uploads\/2026\/01\/VR.webp\" alt=\"\" width=\"800\" height=\"800\" srcset=\"https:\/\/hkbricool.com\/wp-content\/uploads\/2026\/01\/VR.webp 800w, https:\/\/hkbricool.com\/wp-content\/uploads\/2026\/01\/VR-300x300.webp 300w, https:\/\/hkbricool.com\/wp-content\/uploads\/2026\/01\/VR-150x150.webp 150w, https:\/\/hkbricool.com\/wp-content\/uploads\/2026\/01\/VR-768x768.webp 768w, https:\/\/hkbricool.com\/wp-content\/uploads\/2026\/01\/VR-630x630.webp 630w, https:\/\/hkbricool.com\/wp-content\/uploads\/2026\/01\/VR-90x90.webp 90w, https:\/\/hkbricool.com\/wp-content\/uploads\/2026\/01\/VR-100x100.webp 100w, https:\/\/hkbricool.com\/wp-content\/uploads\/2026\/01\/VR-690x690.webp 690w, https:\/\/hkbricool.com\/wp-content\/uploads\/2026\/01\/VR-160x160.webp 160w\" sizes=\"(max-width: 800px) 100vw, 800px\" \/><\/p>\n","protected":false},"excerpt":{"rendered":"","protected":false},"featured_media":16456,"comment_status":"open","ping_status":"closed","template":"","meta":{"_uag_custom_page_level_css":""},"product_brand":[],"product_cat":[15],"product_tag":[],"class_list":{"0":"post-16378","1":"product","2":"type-product","3":"status-publish","4":"has-post-thumbnail","6":"product_cat-orca-outillage","8":"first","9":"instock","10":"shipping-taxable","11":"purchasable","12":"product-type-variable","13":"has-default-attributes"},"aioseo_notices":[],"uagb_featured_image_src":{"full":["https:\/\/hkbricool.com\/wp-content\/uploads\/2026\/01\/VA.webp",800,800,false],"thumbnail":["https:\/\/hkbricool.com\/wp-content\/uploads\/2026\/01\/VA-150x150.webp",150,150,true],"medium":["https:\/\/hkbricool.com\/wp-content\/uploads\/2026\/01\/VA-300x300.webp",300,300,true],"medium_large":["https:\/\/hkbricool.com\/wp-content\/uploads\/2026\/01\/VA-768x768.webp",768,768,true],"large":["https:\/\/hkbricool.com\/wp-content\/uploads\/2026\/01\/VA.webp",800,800,false],"1536x1536":["https:\/\/hkbricool.com\/wp-content\/uploads\/2026\/01\/VA.webp",800,800,false],"2048x2048":["https:\/\/hkbricool.com\/wp-content\/uploads\/2026\/01\/VA.webp",800,800,false],"post-thumbnail":["https:\/\/hkbricool.com\/wp-content\/uploads\/2026\/01\/VA-800x540.webp",800,540,true],"hanout_item":["https:\/\/hkbricool.com\/wp-content\/uploads\/2026\/01\/VA-630x630.webp",630,630,true],"hanout_item_media_sm":["https:\/\/hkbricool.com\/wp-content\/uploads\/2026\/01\/VA-90x90.webp",90,90,true],"hanout_hero":["https:\/\/hkbricool.com\/wp-content\/uploads\/2026\/01\/VA-800x300.webp",800,300,true],"hanout_block_item_lg":["https:\/\/hkbricool.com\/wp-content\/uploads\/2026\/01\/VA-800x510.webp",800,510,true],"hanout_block_item_long":["https:\/\/hkbricool.com\/wp-content\/uploads\/2026\/01\/VA-800x215.webp",800,215,true],"hanout_block_item_md":["https:\/\/hkbricool.com\/wp-content\/uploads\/2026\/01\/VA-630x345.webp",630,345,true],"hanout_block_item_xl":["https:\/\/hkbricool.com\/wp-content\/uploads\/2026\/01\/VA-800x725.webp",800,725,true],"hanout_featgal_small_thumb":["https:\/\/hkbricool.com\/wp-content\/uploads\/2026\/01\/VA-100x100.webp",100,100,true],"woocommerce_thumbnail":["https:\/\/hkbricool.com\/wp-content\/uploads\/2026\/01\/VA-630x630.webp",630,630,true],"woocommerce_single":["https:\/\/hkbricool.com\/wp-content\/uploads\/2026\/01\/VA-690x690.webp",690,690,true],"woocommerce_gallery_thumbnail":["https:\/\/hkbricool.com\/wp-content\/uploads\/2026\/01\/VA-160x160.webp",160,160,true],"maxslider_slide":["https:\/\/hkbricool.com\/wp-content\/uploads\/2026\/01\/VA-750x450.webp",750,450,true]},"uagb_author_info":{"display_name":"khaledsed20@gmail.com","author_link":"https:\/\/hkbricool.com\/%d8%a7%d9%84%d8%b1%d8%a6%d9%8a%d8%b3%d9%8a%d8%a9\/shop\/author\/"},"uagb_comment_info":7,"uagb_excerpt":null,"_links":{"self":[{"href":"https:\/\/hkbricool.com\/%d8%a7%d9%84%d8%b1%d8%a6%d9%8a%d8%b3%d9%8a%d8%a9\/shop\/wp-json\/wp\/v2\/product\/16378","targetHints":{"allow":["GET"]}}],"collection":[{"href":"https:\/\/hkbricool.com\/%d8%a7%d9%84%d8%b1%d8%a6%d9%8a%d8%b3%d9%8a%d8%a9\/shop\/wp-json\/wp\/v2\/product"}],"about":[{"href":"https:\/\/hkbricool.com\/%d8%a7%d9%84%d8%b1%d8%a6%d9%8a%d8%b3%d9%8a%d8%a9\/shop\/wp-json\/wp\/v2\/types\/product"}],"replies":[{"embeddable":true,"href":"https:\/\/hkbricool.com\/%d8%a7%d9%84%d8%b1%d8%a6%d9%8a%d8%b3%d9%8a%d8%a9\/shop\/wp-json\/wp\/v2\/comments?post=16378"}],"wp:featuredmedia":[{"embeddable":true,"href":"https:\/\/hkbricool.com\/%d8%a7%d9%84%d8%b1%d8%a6%d9%8a%d8%b3%d9%8a%d8%a9\/shop\/wp-json\/wp\/v2\/media\/16456"}],"wp:attachment":[{"href":"https:\/\/hkbricool.com\/%d8%a7%d9%84%d8%b1%d8%a6%d9%8a%d8%b3%d9%8a%d8%a9\/shop\/wp-json\/wp\/v2\/media?parent=16378"}],"wp:term":[{"taxonomy":"product_brand","embeddable":true,"href":"https:\/\/hkbricool.com\/%d8%a7%d9%84%d8%b1%d8%a6%d9%8a%d8%b3%d9%8a%d8%a9\/shop\/wp-json\/wp\/v2\/product_brand?post=16378"},{"taxonomy":"product_cat","embeddable":true,"href":"https:\/\/hkbricool.com\/%d8%a7%d9%84%d8%b1%d8%a6%d9%8a%d8%b3%d9%8a%d8%a9\/shop\/wp-json\/wp\/v2\/product_cat?post=16378"},{"taxonomy":"product_tag","embeddable":true,"href":"https:\/\/hkbricool.com\/%d8%a7%d9%84%d8%b1%d8%a6%d9%8a%d8%b3%d9%8a%d8%a9\/shop\/wp-json\/wp\/v2\/product_tag?post=16378"}],"curies":[{"name":"wp","href":"https:\/\/api.w.org\/{rel}","templated":true}]}}